{"id":352,"date":"2024-05-15T19:39:50","date_gmt":"2024-05-15T23:39:50","guid":{"rendered":"https:\/\/riseblossom.com\/about-jackie-khayat-founder-of-rise-blossom\/"},"modified":"2024-11-08T12:29:24","modified_gmt":"2024-11-08T17:29:24","slug":"a-propos-de-jackie-khayat-fondatrice-de-rise-blossom","status":"publish","type":"page","link":"https:\/\/riseblossom.com\/fr\/a-propos-de-jackie-khayat-fondatrice-de-rise-blossom\/","title":{"rendered":"\u00c0 propos de Jackie Khayat \u2013 Fondatrice de Rise &#038; Blossom"},"content":{"rendered":"<div class=\"wpb-content-wrapper\"><p>[vc_row][vc_column width=\u00a0\u00bb1\/4&Prime; offset=\u00a0\u00bbvc_hidden-sm vc_hidden-xs\u00a0\u00bb][vc_column_text css=\u00a0\u00bb\u00a0\u00bb]<img loading=\"lazy\" decoding=\"async\" class=\"alignnone size-full wp-image-132\" src=\"https:\/\/riseblossom.com\/wp-content\/uploads\/2024\/05\/Jackie-Khayat-Rise-Blossom-1.jpg\" alt=\"Jackie Khayat\" width=\"306\" height=\"473\" srcset=\"https:\/\/riseblossom.com\/wp-content\/uploads\/2024\/05\/Jackie-Khayat-Rise-Blossom-1.jpg 306w, https:\/\/riseblossom.com\/wp-content\/uploads\/2024\/05\/Jackie-Khayat-Rise-Blossom-1-194x300.jpg 194w\" sizes=\"auto, (max-width: 306px) 100vw, 306px\" \/>[\/vc_column_text][\/vc_column][vc_column width=\u00a0\u00bb3\/4&Prime; offset=\u00a0\u00bbvc_hidden-sm vc_hidden-xs\u00a0\u00bb][vc_column_text css=\u00a0\u00bb\u00a0\u00bb]<\/p>\n<h1 style=\"font-size: 30px;\">\u00c0 propos de Jackie Khayat \u2013 Fondatrice de <span style=\"color: #7c3371;\">Rise<\/span> &amp; <span style=\"color: #2f6688;\">Blossom<\/span><\/h1>\n<p><strong>Jackie Khayat<\/strong> est la fondatrice visionnaire de Rise &amp; Blossom, avec plus de deux d\u00e9cennies d\u2019expertise incomparable dans la transformation des entreprises et la croissance personnelle de dirigeants et gestionnaires. Son parcours est marqu\u00e9 par des r\u00f4les de direction (C-suite) et de gestion strat\u00e9gique dans des organisations allant des petites aux grandes entreprises. Sa ma\u00eetrise des ventes dans divers contextes (B2B, B2C, B2G) aupr\u00e8s d&rsquo;un public vari\u00e9 d\u00e9montre sa capacit\u00e9 \u00e0 se connecter et \u00e0 communiquer efficacement avec une large gamme de parties prenantes.<\/p>\n<p>De plus, sa profonde compr\u00e9hension des dynamiques des march\u00e9s mondiaux se refl\u00e8te dans sa r\u00e9ussite \u00e0 p\u00e9n\u00e9trer les march\u00e9s europ\u00e9ens, asiatiques (Chine), du Moyen-Orient, australiens et latino-am\u00e9ricains. Forte de son exp\u00e9rience \u00e0 la t\u00eate d\u2019\u00e9quipes et de la gestion des relations avec des distributeurs et des clients \u00e0 travers le monde, l&rsquo;approche de Jackie est globale, t\u00e9moignant d&rsquo;une riche exp\u00e9rience dans des environnements culturels et commerciaux diversifi\u00e9s. Sa vision strat\u00e9gique a \u00e9galement \u00e9t\u00e9 le moteur de son succ\u00e8s dans l&rsquo;\u00e9laboration de plans de croissance et l&rsquo;int\u00e9gration harmonieuse de fusions et acquisitions.<\/p>\n<p>Son implication dans l&rsquo;\u00e9cosyst\u00e8me des startups, son r\u00f4le de coach pour plusieurs incubateurs et acc\u00e9l\u00e9rateurs, et sa consultation strat\u00e9gique font de Jackie un atout pr\u00e9cieux dans divers secteurs. Elle occupe \u00e9galement des fonctions cl\u00e9s en tant que membre de conseils d\u2019administration, conseill\u00e8re de confiance, ange investisseuse et professeure \u00e0 la ma\u00eetrise. Cette vaste exp\u00e9rience, combin\u00e9e \u00e0 un MBA ex\u00e9cutif, un dipl\u00f4me en gestion et un BAC en sciences, solidifie son expertise strat\u00e9gique.<\/p>\n<p>Chez Rise &amp; Blossom, l&rsquo;approche centr\u00e9e sur l&rsquo;humain met l&rsquo;accent sur l\u2019autonomisation des \u00e9quipes et l\u2019accompagnement des dirigeants, cr\u00e9ant ainsi des environnements o\u00f9 les talents prosp\u00e8rent et o\u00f9 les entreprises s&rsquo;\u00e9panouissent. Ma\u00eetrisant le fran\u00e7ais, l\u2019anglais, l\u2019arabe, et avec un espagnol interm\u00e9diaire, Jackie dispose d\u2019une capacit\u00e9 unique \u00e0 communiquer et \u00e0 se connecter \u00e0 travers les cultures, renfor\u00e7ant ainsi son impact dans le march\u00e9 mondial d\u2019aujourd&rsquo;hui. Son esprit de croissance et de transformation est la pierre angulaire de Rise &amp; Blossom, vous invitant \u00e0 un voyage transformateur o\u00f9 chaque d\u00e9fi est relev\u00e9 par des solutions innovantes, et chaque objectif constitue une \u00e9tape vers une croissance durable et l&rsquo;excellence op\u00e9rationnelle.[\/vc_column_text][\/vc_column][\/vc_row][vc_row][vc_column offset=\u00a0\u00bbvc_hidden-lg vc_hidden-md\u00a0\u00bb][vc_column_text css=\u00a0\u00bb\u00a0\u00bb]<\/p>\n<div align=\"center\"><img loading=\"lazy\" decoding=\"async\" class=\"alignnone size-full wp-image-132\" src=\"https:\/\/riseblossom.com\/wp-content\/uploads\/2024\/05\/Jackie-Khayat-Rise-Blossom-1.jpg\" alt=\"Jackie Khayat\" width=\"306\" height=\"473\" srcset=\"https:\/\/riseblossom.com\/wp-content\/uploads\/2024\/05\/Jackie-Khayat-Rise-Blossom-1.jpg 306w, https:\/\/riseblossom.com\/wp-content\/uploads\/2024\/05\/Jackie-Khayat-Rise-Blossom-1-194x300.jpg 194w\" sizes=\"auto, (max-width: 306px) 100vw, 306px\" \/><\/div>\n<p>[\/vc_column_text][vc_column_text css=\u00a0\u00bb\u00a0\u00bb]<\/p>\n<h1>\u00c0 propos de Jackie Khayat \u2013 Fondatrice de <span style=\"color: #7c3371;\">Rise<\/span> &amp; <span style=\"color: #2f6688;\">Blossom<\/span><\/h1>\n<p><strong>Jackie Khayat<\/strong> est la fondatrice visionnaire de Rise &amp; Blossom, avec plus de deux d\u00e9cennies d\u2019expertise incomparable dans la transformation des entreprises et la croissance personnelle de dirigeants et gestionnaires. Son parcours est marqu\u00e9 par des r\u00f4les de direction (C-suite) et de gestion strat\u00e9gique dans des organisations allant des petites aux grandes entreprises. Sa ma\u00eetrise des ventes dans divers contextes (B2B, B2C, B2G) aupr\u00e8s d&rsquo;un public vari\u00e9 d\u00e9montre sa capacit\u00e9 \u00e0 se connecter et \u00e0 communiquer efficacement avec une large gamme de parties prenantes.<\/p>\n<p>De plus, sa profonde compr\u00e9hension des dynamiques des march\u00e9s mondiaux se refl\u00e8te dans sa r\u00e9ussite \u00e0 p\u00e9n\u00e9trer les march\u00e9s europ\u00e9ens, asiatiques (Chine), du Moyen-Orient, australiens et latino-am\u00e9ricains. Forte de son exp\u00e9rience \u00e0 la t\u00eate d\u2019\u00e9quipes et de la gestion des relations avec des distributeurs et des clients \u00e0 travers le monde, l&rsquo;approche de Jackie est globale, t\u00e9moignant d&rsquo;une riche exp\u00e9rience dans des environnements culturels et commerciaux diversifi\u00e9s. Sa vision strat\u00e9gique a \u00e9galement \u00e9t\u00e9 le moteur de son succ\u00e8s dans l&rsquo;\u00e9laboration de plans de croissance et l&rsquo;int\u00e9gration harmonieuse de fusions et acquisitions.<\/p>\n<p>Son implication dans l&rsquo;\u00e9cosyst\u00e8me des startups, son r\u00f4le de coach pour plusieurs incubateurs et acc\u00e9l\u00e9rateurs, et sa consultation strat\u00e9gique font de Jackie un atout pr\u00e9cieux dans divers secteurs. Elle occupe \u00e9galement des fonctions cl\u00e9s en tant que membre de conseils d\u2019administration, conseill\u00e8re de confiance, ange investisseuse et professeure \u00e0 la ma\u00eetrise. Cette vaste exp\u00e9rience, combin\u00e9e \u00e0 un MBA ex\u00e9cutif, un dipl\u00f4me en gestion et un BAC en sciences, solidifie son expertise strat\u00e9gique.<\/p>\n<p>Chez Rise &amp; Blossom, l&rsquo;approche centr\u00e9e sur l&rsquo;humain met l&rsquo;accent sur l\u2019autonomisation des \u00e9quipes et l\u2019accompagnement des dirigeants, cr\u00e9ant ainsi des environnements o\u00f9 les talents prosp\u00e8rent et o\u00f9 les entreprises s&rsquo;\u00e9panouissent. Ma\u00eetrisant le fran\u00e7ais, l\u2019anglais, l\u2019arabe, et avec un espagnol interm\u00e9diaire, Jackie dispose d\u2019une capacit\u00e9 unique \u00e0 communiquer et \u00e0 se connecter \u00e0 travers les cultures, renfor\u00e7ant ainsi son impact dans le march\u00e9 mondial d\u2019aujourd&rsquo;hui. Son esprit de croissance et de transformation est la pierre angulaire de Rise &amp; Blossom, vous invitant \u00e0 un voyage transformateur o\u00f9 chaque d\u00e9fi est relev\u00e9 par des solutions innovantes, et chaque objectif constitue une \u00e9tape vers une croissance durable et l&rsquo;excellence op\u00e9rationnelle.[\/vc_column_text][\/vc_column][\/vc_row]<\/p>\n<\/div>","protected":false},"excerpt":{"rendered":"<p>[vc_row][vc_column width=\u00a0\u00bb1\/4&Prime; offset=\u00a0\u00bbvc_hidden-sm vc_hidden-xs\u00a0\u00bb][vc_column_text css=\u00a0\u00bb\u00a0\u00bb][\/vc_column_text][\/vc_column][vc_column width=\u00a0\u00bb3\/4&Prime; offset=\u00a0\u00bbvc_hidden-sm vc_hidden-xs\u00a0\u00bb][vc_column_text css=\u00a0\u00bb\u00a0\u00bb] \u00c0 propos de Jackie Khayat \u2013 Fondatrice de Rise &amp; Blossom Jackie Khayat est la fondatrice visionnaire de Rise &amp; Blossom, avec plus de deux d\u00e9cennies d\u2019expertise incomparable dans la transformation des entreprises et la croissance personnelle de dirigeants et gestionnaires. Son parcours est marqu\u00e9 par&hellip;<\/p>\n","protected":false},"author":1,"featured_media":409,"parent":0,"menu_order":0,"comment_status":"closed","ping_status":"closed","template":"","meta":{"footnotes":""},"class_list":["post-352","page","type-page","status-publish","has-post-thumbnail","hentry","description-off"],"yoast_head":"<!-- This site is optimized with the Yoast SEO plugin v24.2 - https:\/\/yoast.com\/wordpress\/plugins\/seo\/ -->\n<title>\u00c0 propos de Jackie Khayat \u2013 Fondatrice de Rise &amp; Blossom<\/title>\n<meta name=\"description\" content=\"Jackie Khayat, fondatrice de Rise &amp; Blossom, apporte une expertise in\u00e9gal\u00e9e en transformation d&#039;entreprise et en d\u00e9veloppement personnel.\" \/>\n<meta name=\"robots\" content=\"index, follow, max-snippet:-1, max-image-preview:large, max-video-preview:-1\" \/>\n<link rel=\"canonical\" href=\"https:\/\/riseblossom.com\/fr\/a-propos-de-jackie-khayat-fondatrice-de-rise-blossom\/\" \/>\n<meta property=\"og:locale\" content=\"fr_FR\" \/>\n<meta property=\"og:type\" content=\"article\" \/>\n<meta property=\"og:title\" content=\"\u00c0 propos de Jackie Khayat \u2013 Fondatrice de Rise &amp; Blossom\" \/>\n<meta property=\"og:description\" content=\"Jackie Khayat, fondatrice de Rise &amp; Blossom, apporte une expertise in\u00e9gal\u00e9e en transformation d&#039;entreprise et en d\u00e9veloppement personnel.\" \/>\n<meta property=\"og:url\" content=\"https:\/\/riseblossom.com\/fr\/a-propos-de-jackie-khayat-fondatrice-de-rise-blossom\/\" \/>\n<meta property=\"og:site_name\" content=\"Rise &amp; Blossom\" \/>\n<meta property=\"article:modified_time\" content=\"2024-11-08T17:29:24+00:00\" \/>\n<meta property=\"og:image\" content=\"https:\/\/riseblossom.com\/wp-content\/uploads\/2024\/11\/Rise-Blossom-Featured-FR.jpg\" \/>\n\t<meta property=\"og:image:width\" content=\"1200\" \/>\n\t<meta property=\"og:image:height\" content=\"630\" \/>\n\t<meta property=\"og:image:type\" content=\"image\/jpeg\" \/>\n<meta name=\"twitter:card\" content=\"summary_large_image\" \/>\n<meta name=\"twitter:label1\" content=\"Dur\u00e9e de lecture estim\u00e9e\" \/>\n\t<meta name=\"twitter:data1\" content=\"4 minutes\" \/>\n<script type=\"application\/ld+json\" class=\"yoast-schema-graph\">{\"@context\":\"https:\/\/schema.org\",\"@graph\":[{\"@type\":\"WebPage\",\"@id\":\"https:\/\/riseblossom.com\/fr\/a-propos-de-jackie-khayat-fondatrice-de-rise-blossom\/\",\"url\":\"https:\/\/riseblossom.com\/fr\/a-propos-de-jackie-khayat-fondatrice-de-rise-blossom\/\",\"name\":\"\u00c0 propos de Jackie Khayat \u2013 Fondatrice de Rise & Blossom\",\"isPartOf\":{\"@id\":\"https:\/\/riseblossom.com\/fr\/#website\"},\"primaryImageOfPage\":{\"@id\":\"https:\/\/riseblossom.com\/fr\/a-propos-de-jackie-khayat-fondatrice-de-rise-blossom\/#primaryimage\"},\"image\":{\"@id\":\"https:\/\/riseblossom.com\/fr\/a-propos-de-jackie-khayat-fondatrice-de-rise-blossom\/#primaryimage\"},\"thumbnailUrl\":\"https:\/\/riseblossom.com\/wp-content\/uploads\/2024\/11\/Rise-Blossom-Featured-FR.jpg\",\"datePublished\":\"2024-05-15T23:39:50+00:00\",\"dateModified\":\"2024-11-08T17:29:24+00:00\",\"description\":\"Jackie Khayat, fondatrice de Rise & Blossom, apporte une expertise in\u00e9gal\u00e9e en transformation d'entreprise et en d\u00e9veloppement personnel.\",\"breadcrumb\":{\"@id\":\"https:\/\/riseblossom.com\/fr\/a-propos-de-jackie-khayat-fondatrice-de-rise-blossom\/#breadcrumb\"},\"inLanguage\":\"fr-FR\",\"potentialAction\":[{\"@type\":\"ReadAction\",\"target\":[\"https:\/\/riseblossom.com\/fr\/a-propos-de-jackie-khayat-fondatrice-de-rise-blossom\/\"]}]},{\"@type\":\"ImageObject\",\"inLanguage\":\"fr-FR\",\"@id\":\"https:\/\/riseblossom.com\/fr\/a-propos-de-jackie-khayat-fondatrice-de-rise-blossom\/#primaryimage\",\"url\":\"https:\/\/riseblossom.com\/wp-content\/uploads\/2024\/11\/Rise-Blossom-Featured-FR.jpg\",\"contentUrl\":\"https:\/\/riseblossom.com\/wp-content\/uploads\/2024\/11\/Rise-Blossom-Featured-FR.jpg\",\"width\":1200,\"height\":630,\"caption\":\"\u00c9levez vos objectifs. Faites fleurir votre entreprise.\"},{\"@type\":\"BreadcrumbList\",\"@id\":\"https:\/\/riseblossom.com\/fr\/a-propos-de-jackie-khayat-fondatrice-de-rise-blossom\/#breadcrumb\",\"itemListElement\":[{\"@type\":\"ListItem\",\"position\":1,\"name\":\"Home\",\"item\":\"https:\/\/riseblossom.com\/fr\/\"},{\"@type\":\"ListItem\",\"position\":2,\"name\":\"\u00c0 propos de Jackie Khayat \u2013 Fondatrice de Rise &#038; Blossom\"}]},{\"@type\":\"WebSite\",\"@id\":\"https:\/\/riseblossom.com\/fr\/#website\",\"url\":\"https:\/\/riseblossom.com\/fr\/\",\"name\":\"Rise & Blossom\",\"description\":\"Startup, strategy, and business model development coaching\",\"publisher\":{\"@id\":\"https:\/\/riseblossom.com\/fr\/#organization\"},\"potentialAction\":[{\"@type\":\"SearchAction\",\"target\":{\"@type\":\"EntryPoint\",\"urlTemplate\":\"https:\/\/riseblossom.com\/fr\/?s={search_term_string}\"},\"query-input\":{\"@type\":\"PropertyValueSpecification\",\"valueRequired\":true,\"valueName\":\"search_term_string\"}}],\"inLanguage\":\"fr-FR\"},{\"@type\":\"Organization\",\"@id\":\"https:\/\/riseblossom.com\/fr\/#organization\",\"name\":\"Rise & Blossom\",\"url\":\"https:\/\/riseblossom.com\/fr\/\",\"logo\":{\"@type\":\"ImageObject\",\"inLanguage\":\"fr-FR\",\"@id\":\"https:\/\/riseblossom.com\/fr\/#\/schema\/logo\/image\/\",\"url\":\"https:\/\/riseblossom.com\/wp-content\/uploads\/2024\/05\/Rise-Blossom-Logo-ret.png\",\"contentUrl\":\"https:\/\/riseblossom.com\/wp-content\/uploads\/2024\/05\/Rise-Blossom-Logo-ret.png\",\"width\":358,\"height\":160,\"caption\":\"Rise & Blossom\"},\"image\":{\"@id\":\"https:\/\/riseblossom.com\/fr\/#\/schema\/logo\/image\/\"},\"sameAs\":[\"https:\/\/www.linkedin.com\/in\/jacquelinekhayat\/\"]}]}<\/script>\n<!-- \/ Yoast SEO plugin. -->","yoast_head_json":{"title":"\u00c0 propos de Jackie Khayat \u2013 Fondatrice de Rise & Blossom","description":"Jackie Khayat, fondatrice de Rise & Blossom, apporte une expertise in\u00e9gal\u00e9e en transformation d'entreprise et en d\u00e9veloppement personnel.","robots":{"index":"index","follow":"follow","max-snippet":"max-snippet:-1","max-image-preview":"max-image-preview:large","max-video-preview":"max-video-preview:-1"},"canonical":"https:\/\/riseblossom.com\/fr\/a-propos-de-jackie-khayat-fondatrice-de-rise-blossom\/","og_locale":"fr_FR","og_type":"article","og_title":"\u00c0 propos de Jackie Khayat \u2013 Fondatrice de Rise & Blossom","og_description":"Jackie Khayat, fondatrice de Rise & Blossom, apporte une expertise in\u00e9gal\u00e9e en transformation d'entreprise et en d\u00e9veloppement personnel.","og_url":"https:\/\/riseblossom.com\/fr\/a-propos-de-jackie-khayat-fondatrice-de-rise-blossom\/","og_site_name":"Rise &amp; Blossom","article_modified_time":"2024-11-08T17:29:24+00:00","og_image":[{"width":1200,"height":630,"url":"https:\/\/riseblossom.com\/wp-content\/uploads\/2024\/11\/Rise-Blossom-Featured-FR.jpg","type":"image\/jpeg"}],"twitter_card":"summary_large_image","twitter_misc":{"Dur\u00e9e de lecture estim\u00e9e":"4 minutes"},"schema":{"@context":"https:\/\/schema.org","@graph":[{"@type":"WebPage","@id":"https:\/\/riseblossom.com\/fr\/a-propos-de-jackie-khayat-fondatrice-de-rise-blossom\/","url":"https:\/\/riseblossom.com\/fr\/a-propos-de-jackie-khayat-fondatrice-de-rise-blossom\/","name":"\u00c0 propos de Jackie Khayat \u2013 Fondatrice de Rise & Blossom","isPartOf":{"@id":"https:\/\/riseblossom.com\/fr\/#website"},"primaryImageOfPage":{"@id":"https:\/\/riseblossom.com\/fr\/a-propos-de-jackie-khayat-fondatrice-de-rise-blossom\/#primaryimage"},"image":{"@id":"https:\/\/riseblossom.com\/fr\/a-propos-de-jackie-khayat-fondatrice-de-rise-blossom\/#primaryimage"},"thumbnailUrl":"https:\/\/riseblossom.com\/wp-content\/uploads\/2024\/11\/Rise-Blossom-Featured-FR.jpg","datePublished":"2024-05-15T23:39:50+00:00","dateModified":"2024-11-08T17:29:24+00:00","description":"Jackie Khayat, fondatrice de Rise & Blossom, apporte une expertise in\u00e9gal\u00e9e en transformation d'entreprise et en d\u00e9veloppement personnel.","breadcrumb":{"@id":"https:\/\/riseblossom.com\/fr\/a-propos-de-jackie-khayat-fondatrice-de-rise-blossom\/#breadcrumb"},"inLanguage":"fr-FR","potentialAction":[{"@type":"ReadAction","target":["https:\/\/riseblossom.com\/fr\/a-propos-de-jackie-khayat-fondatrice-de-rise-blossom\/"]}]},{"@type":"ImageObject","inLanguage":"fr-FR","@id":"https:\/\/riseblossom.com\/fr\/a-propos-de-jackie-khayat-fondatrice-de-rise-blossom\/#primaryimage","url":"https:\/\/riseblossom.com\/wp-content\/uploads\/2024\/11\/Rise-Blossom-Featured-FR.jpg","contentUrl":"https:\/\/riseblossom.com\/wp-content\/uploads\/2024\/11\/Rise-Blossom-Featured-FR.jpg","width":1200,"height":630,"caption":"\u00c9levez vos objectifs. Faites fleurir votre entreprise."},{"@type":"BreadcrumbList","@id":"https:\/\/riseblossom.com\/fr\/a-propos-de-jackie-khayat-fondatrice-de-rise-blossom\/#breadcrumb","itemListElement":[{"@type":"ListItem","position":1,"name":"Home","item":"https:\/\/riseblossom.com\/fr\/"},{"@type":"ListItem","position":2,"name":"\u00c0 propos de Jackie Khayat \u2013 Fondatrice de Rise &#038; Blossom"}]},{"@type":"WebSite","@id":"https:\/\/riseblossom.com\/fr\/#website","url":"https:\/\/riseblossom.com\/fr\/","name":"Rise & Blossom","description":"Startup, strategy, and business model development coaching","publisher":{"@id":"https:\/\/riseblossom.com\/fr\/#organization"},"potentialAction":[{"@type":"SearchAction","target":{"@type":"EntryPoint","urlTemplate":"https:\/\/riseblossom.com\/fr\/?s={search_term_string}"},"query-input":{"@type":"PropertyValueSpecification","valueRequired":true,"valueName":"search_term_string"}}],"inLanguage":"fr-FR"},{"@type":"Organization","@id":"https:\/\/riseblossom.com\/fr\/#organization","name":"Rise & Blossom","url":"https:\/\/riseblossom.com\/fr\/","logo":{"@type":"ImageObject","inLanguage":"fr-FR","@id":"https:\/\/riseblossom.com\/fr\/#\/schema\/logo\/image\/","url":"https:\/\/riseblossom.com\/wp-content\/uploads\/2024\/05\/Rise-Blossom-Logo-ret.png","contentUrl":"https:\/\/riseblossom.com\/wp-content\/uploads\/2024\/05\/Rise-Blossom-Logo-ret.png","width":358,"height":160,"caption":"Rise & Blossom"},"image":{"@id":"https:\/\/riseblossom.com\/fr\/#\/schema\/logo\/image\/"},"sameAs":["https:\/\/www.linkedin.com\/in\/jacquelinekhayat\/"]}]}},"_links":{"self":[{"href":"https:\/\/riseblossom.com\/fr\/wp-json\/wp\/v2\/pages\/352","targetHints":{"allow":["GET"]}}],"collection":[{"href":"https:\/\/riseblossom.com\/fr\/wp-json\/wp\/v2\/pages"}],"about":[{"href":"https:\/\/riseblossom.com\/fr\/wp-json\/wp\/v2\/types\/page"}],"author":[{"embeddable":true,"href":"https:\/\/riseblossom.com\/fr\/wp-json\/wp\/v2\/users\/1"}],"replies":[{"embeddable":true,"href":"https:\/\/riseblossom.com\/fr\/wp-json\/wp\/v2\/comments?post=352"}],"version-history":[{"count":2,"href":"https:\/\/riseblossom.com\/fr\/wp-json\/wp\/v2\/pages\/352\/revisions"}],"predecessor-version":[{"id":354,"href":"https:\/\/riseblossom.com\/fr\/wp-json\/wp\/v2\/pages\/352\/revisions\/354"}],"wp:featuredmedia":[{"embeddable":true,"href":"https:\/\/riseblossom.com\/fr\/wp-json\/wp\/v2\/media\/409"}],"wp:attachment":[{"href":"https:\/\/riseblossom.com\/fr\/wp-json\/wp\/v2\/media?parent=352"}],"curies":[{"name":"wp","href":"https:\/\/api.w.org\/{rel}","templated":true}]}}