{"id":360,"date":"2024-06-14T10:55:44","date_gmt":"2024-06-14T14:55:44","guid":{"rendered":"https:\/\/riseblossom.com\/blog\/"},"modified":"2024-11-08T12:46:25","modified_gmt":"2024-11-08T17:46:25","slug":"blogue","status":"publish","type":"page","link":"https:\/\/riseblossom.com\/fr\/blogue\/","title":{"rendered":"Blogue"},"content":{"rendered":"<div class=\"wpb-content-wrapper\"><p>[vc_row][vc_column]<style type=\"text\/css\" data-type=\"the7_shortcodes-inline-css\">.blog-shortcode.blog-list-shortcode-id-da126beffb5870833c63f9141797b757.content-bg-on.classic-layout-list article {\n  background: #eff0f3;\n  box-shadow: none;\n}\n.blog-shortcode.blog-list-shortcode-id-da126beffb5870833c63f9141797b757.dividers-on.classic-layout-list article {\n  margin-top: 50px;\n  padding-top: 0;\n}\n.blog-shortcode.blog-list-shortcode-id-da126beffb5870833c63f9141797b757.dividers-on.classic-layout-list article:first-of-type {\n  margin-top: 0;\n  padding-top: 0;\n}\n.blog-shortcode.blog-list-shortcode-id-da126beffb5870833c63f9141797b757.classic-layout-list.mode-list .post-thumbnail-wrap {\n  width: 50%;\n}\n.blog-shortcode.blog-list-shortcode-id-da126beffb5870833c63f9141797b757.classic-layout-list.mode-list .post-entry-content {\n  width: calc(100% - 50%);\n}\n.blog-shortcode.blog-list-shortcode-id-da126beffb5870833c63f9141797b757.classic-layout-list.mode-list .no-img .post-entry-content {\n  width: 100%;\n}\n.blog-shortcode.blog-list-shortcode-id-da126beffb5870833c63f9141797b757 .filter-bg-decoration .filter-categories a.act {\n  color: #fff;\n}\n.blog-shortcode.blog-list-shortcode-id-da126beffb5870833c63f9141797b757:not(.mode-masonry) article {\n  margin-top: 50px;\n}\n.blog-shortcode.blog-list-shortcode-id-da126beffb5870833c63f9141797b757:not(.mode-masonry) article:first-of-type,\n.blog-shortcode.blog-list-shortcode-id-da126beffb5870833c63f9141797b757:not(.mode-masonry) article.visible.first:not(.product) {\n  margin-top: 0;\n}\n.blog-shortcode.blog-list-shortcode-id-da126beffb5870833c63f9141797b757.dividers-on:not(.mode-masonry) article {\n  margin-top: 0;\n  padding-top: 50px;\n}\n.blog-shortcode.blog-list-shortcode-id-da126beffb5870833c63f9141797b757.dividers-on:not(.mode-masonry) article:first-of-type,\n.blog-shortcode.blog-list-shortcode-id-da126beffb5870833c63f9141797b757.dividers-on:not(.mode-masonry) article.visible.first:not(.product) {\n  margin-top: 0;\n  padding-top: 0;\n}\n.blog-shortcode.blog-list-shortcode-id-da126beffb5870833c63f9141797b757 .post-thumbnail-wrap {\n  padding: 0px 0px 0px 0px;\n}\n.blog-shortcode.blog-list-shortcode-id-da126beffb5870833c63f9141797b757.enable-bg-rollover .post-thumbnail-rollover:after {\n  background: -webkit-linear-gradient();\n  background: linear-gradient();\n}\n.blog-shortcode.blog-list-shortcode-id-da126beffb5870833c63f9141797b757 .gallery-zoom-ico {\n  width: 44px;\n  height: 44px;\n  line-height: 44px;\n  border-radius: 100px;\n  margin: -22px 0 0 -22px;\n  border-width: 0px;\n  color: #ffffff;\n}\n.bottom-overlap-layout-list.blog-shortcode.blog-list-shortcode-id-da126beffb5870833c63f9141797b757 .gallery-zoom-ico {\n  margin-top: -22px;\n}\n.gradient-overlay-layout-list.blog-shortcode.blog-list-shortcode-id-da126beffb5870833c63f9141797b757 .gallery-zoom-ico,\n.content-rollover-layout-list.blog-shortcode.blog-list-shortcode-id-da126beffb5870833c63f9141797b757 .gallery-zoom-ico {\n  margin: 0 0 10px;\n}\n.content-align-center.gradient-overlay-layout-list.blog-shortcode.blog-list-shortcode-id-da126beffb5870833c63f9141797b757 .gallery-zoom-ico,\n.content-align-center.content-rollover-layout-list.blog-shortcode.blog-list-shortcode-id-da126beffb5870833c63f9141797b757 .gallery-zoom-ico {\n  margin: 0 auto 10px;\n}\n.dt-icon-bg-on.blog-shortcode.blog-list-shortcode-id-da126beffb5870833c63f9141797b757 .gallery-zoom-ico {\n  background: rgba(255,255,255,0.3);\n  box-shadow: none;\n}\n.blog-shortcode.blog-list-shortcode-id-da126beffb5870833c63f9141797b757 .gallery-zoom-ico > span,\n.blog-shortcode.blog-list-shortcode-id-da126beffb5870833c63f9141797b757 .gallery-zoom-ico:before {\n  font-size: 32px;\n  line-height: 44px;\n}\n.blog-shortcode.blog-list-shortcode-id-da126beffb5870833c63f9141797b757 .gallery-zoom-ico > span,\n.blog-shortcode.blog-list-shortcode-id-da126beffb5870833c63f9141797b757 .gallery-zoom-ico:before {\n  color: #ffffff;\n}\n.blog-shortcode.blog-list-shortcode-id-da126beffb5870833c63f9141797b757 .fancy-date a {\n  background: #ffffff;\n  box-shadow: none;\n}\n.blog-shortcode.blog-list-shortcode-id-da126beffb5870833c63f9141797b757 .fancy-date a * {\n  color: #2d2d2d;\n}\n.blog-shortcode.blog-list-shortcode-id-da126beffb5870833c63f9141797b757 .entry-title,\n.blog-shortcode.blog-list-shortcode-id-da126beffb5870833c63f9141797b757.owl-carousel .entry-title {\n  margin-bottom: 5px;\n  font-weight: bold;\n}\n.blog-shortcode.blog-list-shortcode-id-da126beffb5870833c63f9141797b757 .entry-meta {\n  margin-bottom: 15px;\n}\n.blog-shortcode.blog-list-shortcode-id-da126beffb5870833c63f9141797b757 .portfolio-categories {\n  margin-bottom: 15px;\n}\n.blog-shortcode.blog-list-shortcode-id-da126beffb5870833c63f9141797b757 .entry-excerpt {\n  margin-bottom: 5px;\n}\n.blog-shortcode.blog-list-shortcode-id-da126beffb5870833c63f9141797b757:not(.centered-layout-list) .post-entry-content {\n  padding: 25px 30px 30px 30px;\n}\n.blog-shortcode.blog-list-shortcode-id-da126beffb5870833c63f9141797b757:not(.centered-layout-list):not(.content-bg-on):not(.mode-list) .no-img .post-entry-content {\n  padding: 0;\n}\n.blog-shortcode.blog-list-shortcode-id-da126beffb5870833c63f9141797b757.content-bg-on:not(.classic-layout-list):not(.centered-layout-list) .post-entry-content {\n  background: #eff0f3;\n  box-shadow: none;\n}\n@media screen and (max-width: 768px) {\n  .blog-shortcode.blog-list-shortcode-id-da126beffb5870833c63f9141797b757 article {\n    -ms-flex-flow: column nowrap;\n    flex-flow: column nowrap;\n    margin-top: 20px;\n  }\n  .blog-shortcode.blog-list-shortcode-id-da126beffb5870833c63f9141797b757.dividers-on article {\n    border: none;\n  }\n  .blog-shortcode.blog-list-shortcode-id-da126beffb5870833c63f9141797b757.content-bg-on.centered-layout-list article {\n    padding: 0;\n  }\n  .blog-shortcode.blog-list-shortcode-id-da126beffb5870833c63f9141797b757.blog-shortcode.dividers-on article,\n  .blog-shortcode.blog-list-shortcode-id-da126beffb5870833c63f9141797b757.dividers-on.classic-layout-list article {\n    margin-top: 20px;\n    padding: 0;\n  }\n  .blog-shortcode.blog-list-shortcode-id-da126beffb5870833c63f9141797b757.blog-shortcode.dividers-on article:first-of-type,\n  .blog-shortcode.blog-list-shortcode-id-da126beffb5870833c63f9141797b757.dividers-on.classic-layout-list article:first-of-type {\n    padding: 0;\n  }\n  #page .blog-shortcode.blog-list-shortcode-id-da126beffb5870833c63f9141797b757 .post-thumbnail-wrap,\n  #page .blog-shortcode.blog-list-shortcode-id-da126beffb5870833c63f9141797b757 .post-entry-content {\n    width: 100%;\n    margin: 0;\n    top: 0;\n  }\n  #page .blog-shortcode.blog-list-shortcode-id-da126beffb5870833c63f9141797b757 .post-thumbnail-wrap {\n    padding: 0;\n  }\n  #page .blog-shortcode.blog-list-shortcode-id-da126beffb5870833c63f9141797b757 .post-entry-content:after {\n    display: none;\n  }\n  #page .blog-shortcode.blog-list-shortcode-id-da126beffb5870833c63f9141797b757 .project-even .post-thumbnail-wrap,\n  #page .blog-shortcode.blog-list-shortcode-id-da126beffb5870833c63f9141797b757.centered-layout-list .post-thumbnail-wrap {\n    -ms-flex-order: 0;\n    order: 0;\n  }\n  #page .blog-shortcode.blog-list-shortcode-id-da126beffb5870833c63f9141797b757.centered-layout-list .post-entry-title-content {\n    -ms-flex-order: 1;\n    order: 1;\n    width: 100%;\n    padding: 20px 20px 0;\n  }\n  #page .blog-shortcode.blog-list-shortcode-id-da126beffb5870833c63f9141797b757.centered-layout-list .post-entry-content {\n    -ms-flex-order: 2;\n    order: 2;\n    padding-top: 0;\n  }\n  #page .blog-shortcode.blog-list-shortcode-id-da126beffb5870833c63f9141797b757 .fancy-categories {\n    top: 10px;\n    left: 10px;\n    bottom: auto;\n    right: auto;\n  }\n  #page .blog-shortcode.blog-list-shortcode-id-da126beffb5870833c63f9141797b757 .fancy-date a {\n    top: 10px;\n    right: 10px;\n    left: auto;\n    bottom: auto;\n  }\n  #page .blog-shortcode.blog-list-shortcode-id-da126beffb5870833c63f9141797b757 .post-entry-content {\n    padding: 20px;\n  }\n  #page .blog-shortcode.blog-list-shortcode-id-da126beffb5870833c63f9141797b757 .entry-title {\n    margin: 3px 0 5px;\n    font-size: 20px;\n    line-height: 26px;\n  }\n  #page .blog-shortcode.blog-list-shortcode-id-da126beffb5870833c63f9141797b757 .entry-meta {\n    margin: 5px 0 5px;\n  }\n  #page .blog-shortcode.blog-list-shortcode-id-da126beffb5870833c63f9141797b757 .entry-excerpt {\n    margin: 15px 0 0;\n  }\n  #page .blog-shortcode.blog-list-shortcode-id-da126beffb5870833c63f9141797b757 .post-details {\n    margin: 5px 0 10px;\n  }\n  #page .blog-shortcode.blog-list-shortcode-id-da126beffb5870833c63f9141797b757 .post-details.details-type-link {\n    margin-bottom: 2px;\n  }\n}\n<\/style><div class=\"articles-list blog-shortcode mode-list blog-list-shortcode-id-da126beffb5870833c63f9141797b757 classic-layout-list content-bg-on jquery-filter scale-img dt-icon-bg-off loading-effect-fade-in\" data-cur-page=\"1\" data-post-limit=\"-1\" data-pagination-mode=\"none\"><article class=\"post project-odd visible post-396 type-post status-publish format-standard has-post-thumbnail hentry category-blogue category-6 description-off\" data-name=\"Bienvenue chez Rise &#038; Blossom : Donner du pouvoir \u00e0 votre parcours entrepreneurial\" data-date=\"2024-08-21T10:36:55-04:00\">\n\n<div class=\"post-thumbnail-wrap\">\n\t<div class=\"post-thumbnail\">\n\n\t\t\n\t\t\n\t\t<a href=\"https:\/\/riseblossom.com\/fr\/blogue\/bienvenue-chez-rise-blossom-donner-du-pouvoir-a-votre-parcours-entrepreneurial\/\" class=\"post-thumbnail-rollover layzr-bg layzr-bg\" ><img fetchpriority=\"high\" decoding=\"async\" class=\"blog-thumb-lazy-load preload-me lazy-load aspect\" src=\"data:image\/svg+xml,%3Csvg%20xmlns%3D&#39;http%3A%2F%2Fwww.w3.org%2F2000%2Fsvg&#39;%20viewBox%3D&#39;0%200%20768%20512&#39;%2F%3E\" data-src=\"https:\/\/riseblossom.com\/wp-content\/uploads\/2024\/06\/Rise-Blossom-Blog2-768x512.jpg\" data-srcset=\"https:\/\/riseblossom.com\/wp-content\/uploads\/2024\/06\/Rise-Blossom-Blog2-768x512.jpg 768w, https:\/\/riseblossom.com\/wp-content\/uploads\/2024\/06\/Rise-Blossom-Blog2-1306x870.jpg 1306w\" loading=\"eager\" style=\"--ratio: 768 \/ 512\" sizes=\"(max-width: 768px) 100vw, 768px\" alt=\"\" title=\"Rise-Blossom-Blog2\" width=\"768\" height=\"512\"  \/><\/a>\n\t<\/div>\n<\/div>\n\n\n<div class=\"post-entry-content\">\n\n\t<h3 class=\"entry-title\">\n\t\t<a href=\"https:\/\/riseblossom.com\/fr\/blogue\/bienvenue-chez-rise-blossom-donner-du-pouvoir-a-votre-parcours-entrepreneurial\/\" title=\"Bienvenue chez Rise &#038; Blossom : Donner du pouvoir \u00e0 votre parcours entrepreneurial\" rel=\"bookmark\">Bienvenue chez Rise &#038; Blossom : Donner du pouvoir \u00e0 votre parcours entrepreneurial<\/a>\n\t<\/h3>\n\n\t<div class=\"entry-meta\"><a href=\"https:\/\/riseblossom.com\/fr\/2024\/08\/21\/\" title=\"10:36 am\" class=\"data-link\" rel=\"bookmark\"><time class=\"entry-date updated\" datetime=\"2024-08-21T10:36:55-04:00\">ao\u00fbt 21, 2024<\/time><\/a><\/div>\n\t<div class=\"entry-excerpt\"><p>Bonjour et bienvenue chez Rise &amp; Blossom, un espace d\u00e9di\u00e9 \u00e0 l\u2019autonomisation, l\u2019enrichissement et l\u2019\u00e9l\u00e9vation d\u2019entrepreneurs et de leaders d\u2019affaires comme vous. Je suis Jackie Khayat, fondatrice de Rise &amp; Blossom et votre guide dans ce parcours de transformation. Avec plus de vingt ans d\u2019exp\u00e9rience en d\u00e9veloppement strat\u00e9gique des affaires, coaching en leadership et expansion&hellip;<\/p>\n<\/div>\n\t\n<a href=\"https:\/\/riseblossom.com\/fr\/blogue\/bienvenue-chez-rise-blossom-donner-du-pouvoir-a-votre-parcours-entrepreneurial\/\" class=\"post-details details-type-link\" aria-label=\"En savoir plus sur Bienvenue chez Rise &#038; Blossom : Donner du pouvoir \u00e0 votre parcours entrepreneurial\">Lire la suite<i class=\"dt-icon-the7-arrow-03\" aria-hidden=\"true\"><\/i><\/a>\n\n<\/div><\/article><\/div>[\/vc_column][\/vc_row]<\/p>\n<\/div>","protected":false},"excerpt":{"rendered":"<p>[vc_row][vc_column][\/vc_column][\/vc_row]<\/p>\n","protected":false},"author":1,"featured_media":409,"parent":0,"menu_order":0,"comment_status":"closed","ping_status":"closed","template":"","meta":{"footnotes":""},"class_list":["post-360","page","type-page","status-publish","has-post-thumbnail","hentry","description-off"],"yoast_head":"<!-- This site is optimized with the Yoast SEO plugin v24.2 - https:\/\/yoast.com\/wordpress\/plugins\/seo\/ -->\n<title>Le blogue Rise &amp; Blossom par Jackie Khayat<\/title>\n<meta name=\"description\" content=\"D\u00e9couvrez des conseils sur le d\u00e9veloppement personnel et la transformation des entreprises de Jackie Khayat, fondatrice de Rise &amp; Blossom.\" \/>\n<meta name=\"robots\" content=\"index, follow, max-snippet:-1, max-image-preview:large, max-video-preview:-1\" \/>\n<link rel=\"canonical\" href=\"https:\/\/riseblossom.com\/fr\/blogue\/\" \/>\n<meta property=\"og:locale\" content=\"fr_FR\" \/>\n<meta property=\"og:type\" content=\"article\" \/>\n<meta property=\"og:title\" content=\"Le blogue Rise &amp; Blossom par Jackie Khayat\" \/>\n<meta property=\"og:description\" content=\"D\u00e9couvrez des conseils sur le d\u00e9veloppement personnel et la transformation des entreprises de Jackie Khayat, fondatrice de Rise &amp; Blossom.\" \/>\n<meta property=\"og:url\" content=\"https:\/\/riseblossom.com\/fr\/blogue\/\" \/>\n<meta property=\"og:site_name\" content=\"Rise &amp; Blossom\" \/>\n<meta property=\"article:modified_time\" content=\"2024-11-08T17:46:25+00:00\" \/>\n<meta property=\"og:image\" content=\"https:\/\/riseblossom.com\/wp-content\/uploads\/2024\/11\/Rise-Blossom-Featured-FR.jpg\" \/>\n\t<meta property=\"og:image:width\" content=\"1200\" \/>\n\t<meta property=\"og:image:height\" content=\"630\" \/>\n\t<meta property=\"og:image:type\" content=\"image\/jpeg\" \/>\n<meta name=\"twitter:card\" content=\"summary_large_image\" \/>\n<meta name=\"twitter:label1\" content=\"Dur\u00e9e de lecture estim\u00e9e\" \/>\n\t<meta name=\"twitter:data1\" content=\"1 minute\" \/>\n<script type=\"application\/ld+json\" class=\"yoast-schema-graph\">{\"@context\":\"https:\/\/schema.org\",\"@graph\":[{\"@type\":\"WebPage\",\"@id\":\"https:\/\/riseblossom.com\/fr\/blogue\/\",\"url\":\"https:\/\/riseblossom.com\/fr\/blogue\/\",\"name\":\"Le blogue Rise & Blossom par Jackie Khayat\",\"isPartOf\":{\"@id\":\"https:\/\/riseblossom.com\/fr\/#website\"},\"primaryImageOfPage\":{\"@id\":\"https:\/\/riseblossom.com\/fr\/blogue\/#primaryimage\"},\"image\":{\"@id\":\"https:\/\/riseblossom.com\/fr\/blogue\/#primaryimage\"},\"thumbnailUrl\":\"https:\/\/riseblossom.com\/wp-content\/uploads\/2024\/11\/Rise-Blossom-Featured-FR.jpg\",\"datePublished\":\"2024-06-14T14:55:44+00:00\",\"dateModified\":\"2024-11-08T17:46:25+00:00\",\"description\":\"D\u00e9couvrez des conseils sur le d\u00e9veloppement personnel et la transformation des entreprises de Jackie Khayat, fondatrice de Rise & Blossom.\",\"breadcrumb\":{\"@id\":\"https:\/\/riseblossom.com\/fr\/blogue\/#breadcrumb\"},\"inLanguage\":\"fr-FR\",\"potentialAction\":[{\"@type\":\"ReadAction\",\"target\":[\"https:\/\/riseblossom.com\/fr\/blogue\/\"]}]},{\"@type\":\"ImageObject\",\"inLanguage\":\"fr-FR\",\"@id\":\"https:\/\/riseblossom.com\/fr\/blogue\/#primaryimage\",\"url\":\"https:\/\/riseblossom.com\/wp-content\/uploads\/2024\/11\/Rise-Blossom-Featured-FR.jpg\",\"contentUrl\":\"https:\/\/riseblossom.com\/wp-content\/uploads\/2024\/11\/Rise-Blossom-Featured-FR.jpg\",\"width\":1200,\"height\":630,\"caption\":\"\u00c9levez vos objectifs. Faites fleurir votre entreprise.\"},{\"@type\":\"BreadcrumbList\",\"@id\":\"https:\/\/riseblossom.com\/fr\/blogue\/#breadcrumb\",\"itemListElement\":[{\"@type\":\"ListItem\",\"position\":1,\"name\":\"Home\",\"item\":\"https:\/\/riseblossom.com\/fr\/\"},{\"@type\":\"ListItem\",\"position\":2,\"name\":\"Blogue\"}]},{\"@type\":\"WebSite\",\"@id\":\"https:\/\/riseblossom.com\/fr\/#website\",\"url\":\"https:\/\/riseblossom.com\/fr\/\",\"name\":\"Rise & Blossom\",\"description\":\"Startup, strategy, and business model development coaching\",\"publisher\":{\"@id\":\"https:\/\/riseblossom.com\/fr\/#organization\"},\"potentialAction\":[{\"@type\":\"SearchAction\",\"target\":{\"@type\":\"EntryPoint\",\"urlTemplate\":\"https:\/\/riseblossom.com\/fr\/?s={search_term_string}\"},\"query-input\":{\"@type\":\"PropertyValueSpecification\",\"valueRequired\":true,\"valueName\":\"search_term_string\"}}],\"inLanguage\":\"fr-FR\"},{\"@type\":\"Organization\",\"@id\":\"https:\/\/riseblossom.com\/fr\/#organization\",\"name\":\"Rise & Blossom\",\"url\":\"https:\/\/riseblossom.com\/fr\/\",\"logo\":{\"@type\":\"ImageObject\",\"inLanguage\":\"fr-FR\",\"@id\":\"https:\/\/riseblossom.com\/fr\/#\/schema\/logo\/image\/\",\"url\":\"https:\/\/riseblossom.com\/wp-content\/uploads\/2024\/05\/Rise-Blossom-Logo-ret.png\",\"contentUrl\":\"https:\/\/riseblossom.com\/wp-content\/uploads\/2024\/05\/Rise-Blossom-Logo-ret.png\",\"width\":358,\"height\":160,\"caption\":\"Rise & Blossom\"},\"image\":{\"@id\":\"https:\/\/riseblossom.com\/fr\/#\/schema\/logo\/image\/\"},\"sameAs\":[\"https:\/\/www.linkedin.com\/in\/jacquelinekhayat\/\"]}]}<\/script>\n<!-- \/ Yoast SEO plugin. -->","yoast_head_json":{"title":"Le blogue Rise & Blossom par Jackie Khayat","description":"D\u00e9couvrez des conseils sur le d\u00e9veloppement personnel et la transformation des entreprises de Jackie Khayat, fondatrice de Rise & Blossom.","robots":{"index":"index","follow":"follow","max-snippet":"max-snippet:-1","max-image-preview":"max-image-preview:large","max-video-preview":"max-video-preview:-1"},"canonical":"https:\/\/riseblossom.com\/fr\/blogue\/","og_locale":"fr_FR","og_type":"article","og_title":"Le blogue Rise & Blossom par Jackie Khayat","og_description":"D\u00e9couvrez des conseils sur le d\u00e9veloppement personnel et la transformation des entreprises de Jackie Khayat, fondatrice de Rise & Blossom.","og_url":"https:\/\/riseblossom.com\/fr\/blogue\/","og_site_name":"Rise &amp; Blossom","article_modified_time":"2024-11-08T17:46:25+00:00","og_image":[{"width":1200,"height":630,"url":"https:\/\/riseblossom.com\/wp-content\/uploads\/2024\/11\/Rise-Blossom-Featured-FR.jpg","type":"image\/jpeg"}],"twitter_card":"summary_large_image","twitter_misc":{"Dur\u00e9e de lecture estim\u00e9e":"1 minute"},"schema":{"@context":"https:\/\/schema.org","@graph":[{"@type":"WebPage","@id":"https:\/\/riseblossom.com\/fr\/blogue\/","url":"https:\/\/riseblossom.com\/fr\/blogue\/","name":"Le blogue Rise & Blossom par Jackie Khayat","isPartOf":{"@id":"https:\/\/riseblossom.com\/fr\/#website"},"primaryImageOfPage":{"@id":"https:\/\/riseblossom.com\/fr\/blogue\/#primaryimage"},"image":{"@id":"https:\/\/riseblossom.com\/fr\/blogue\/#primaryimage"},"thumbnailUrl":"https:\/\/riseblossom.com\/wp-content\/uploads\/2024\/11\/Rise-Blossom-Featured-FR.jpg","datePublished":"2024-06-14T14:55:44+00:00","dateModified":"2024-11-08T17:46:25+00:00","description":"D\u00e9couvrez des conseils sur le d\u00e9veloppement personnel et la transformation des entreprises de Jackie Khayat, fondatrice de Rise & Blossom.","breadcrumb":{"@id":"https:\/\/riseblossom.com\/fr\/blogue\/#breadcrumb"},"inLanguage":"fr-FR","potentialAction":[{"@type":"ReadAction","target":["https:\/\/riseblossom.com\/fr\/blogue\/"]}]},{"@type":"ImageObject","inLanguage":"fr-FR","@id":"https:\/\/riseblossom.com\/fr\/blogue\/#primaryimage","url":"https:\/\/riseblossom.com\/wp-content\/uploads\/2024\/11\/Rise-Blossom-Featured-FR.jpg","contentUrl":"https:\/\/riseblossom.com\/wp-content\/uploads\/2024\/11\/Rise-Blossom-Featured-FR.jpg","width":1200,"height":630,"caption":"\u00c9levez vos objectifs. Faites fleurir votre entreprise."},{"@type":"BreadcrumbList","@id":"https:\/\/riseblossom.com\/fr\/blogue\/#breadcrumb","itemListElement":[{"@type":"ListItem","position":1,"name":"Home","item":"https:\/\/riseblossom.com\/fr\/"},{"@type":"ListItem","position":2,"name":"Blogue"}]},{"@type":"WebSite","@id":"https:\/\/riseblossom.com\/fr\/#website","url":"https:\/\/riseblossom.com\/fr\/","name":"Rise & Blossom","description":"Startup, strategy, and business model development coaching","publisher":{"@id":"https:\/\/riseblossom.com\/fr\/#organization"},"potentialAction":[{"@type":"SearchAction","target":{"@type":"EntryPoint","urlTemplate":"https:\/\/riseblossom.com\/fr\/?s={search_term_string}"},"query-input":{"@type":"PropertyValueSpecification","valueRequired":true,"valueName":"search_term_string"}}],"inLanguage":"fr-FR"},{"@type":"Organization","@id":"https:\/\/riseblossom.com\/fr\/#organization","name":"Rise & Blossom","url":"https:\/\/riseblossom.com\/fr\/","logo":{"@type":"ImageObject","inLanguage":"fr-FR","@id":"https:\/\/riseblossom.com\/fr\/#\/schema\/logo\/image\/","url":"https:\/\/riseblossom.com\/wp-content\/uploads\/2024\/05\/Rise-Blossom-Logo-ret.png","contentUrl":"https:\/\/riseblossom.com\/wp-content\/uploads\/2024\/05\/Rise-Blossom-Logo-ret.png","width":358,"height":160,"caption":"Rise & Blossom"},"image":{"@id":"https:\/\/riseblossom.com\/fr\/#\/schema\/logo\/image\/"},"sameAs":["https:\/\/www.linkedin.com\/in\/jacquelinekhayat\/"]}]}},"_links":{"self":[{"href":"https:\/\/riseblossom.com\/fr\/wp-json\/wp\/v2\/pages\/360","targetHints":{"allow":["GET"]}}],"collection":[{"href":"https:\/\/riseblossom.com\/fr\/wp-json\/wp\/v2\/pages"}],"about":[{"href":"https:\/\/riseblossom.com\/fr\/wp-json\/wp\/v2\/types\/page"}],"author":[{"embeddable":true,"href":"https:\/\/riseblossom.com\/fr\/wp-json\/wp\/v2\/users\/1"}],"replies":[{"embeddable":true,"href":"https:\/\/riseblossom.com\/fr\/wp-json\/wp\/v2\/comments?post=360"}],"version-history":[{"count":1,"href":"https:\/\/riseblossom.com\/fr\/wp-json\/wp\/v2\/pages\/360\/revisions"}],"predecessor-version":[{"id":395,"href":"https:\/\/riseblossom.com\/fr\/wp-json\/wp\/v2\/pages\/360\/revisions\/395"}],"wp:featuredmedia":[{"embeddable":true,"href":"https:\/\/riseblossom.com\/fr\/wp-json\/wp\/v2\/media\/409"}],"wp:attachment":[{"href":"https:\/\/riseblossom.com\/fr\/wp-json\/wp\/v2\/media?parent=360"}],"curies":[{"name":"wp","href":"https:\/\/api.w.org\/{rel}","templated":true}]}}