{"id":362,"date":"2024-05-31T13:44:11","date_gmt":"2024-05-31T17:44:11","guid":{"rendered":"https:\/\/riseblossom.com\/new-business-owner-mentoring\/"},"modified":"2024-11-08T13:24:04","modified_gmt":"2024-11-08T18:24:04","slug":"mentorat-pour-nouveaux-entrepreneurs","status":"publish","type":"page","link":"https:\/\/riseblossom.com\/fr\/services\/individus\/mentorat-pour-nouveaux-entrepreneurs\/","title":{"rendered":"Mentorat pour nouveaux entrepreneurs"},"content":{"rendered":"<div class=\"wpb-content-wrapper\"><p>[vc_row gap=\u00a0\u00bb30&Prime;][vc_column]<div class=\"standard-arrow bullet-top\"><h3>Lancez et d\u00e9veloppez votre entreprise avec un mentorat complet pour nouveaux entrepreneurs<\/h3>\n<p>Entrer dans le monde de l&rsquo;entrepreneuriat est une aventure passionnante qui n\u00e9cessite une base solide et des perspectives strat\u00e9giques. Notre mentorat pour nouveaux entrepreneurs est con\u00e7u pour vous guider \u00e0 travers les \u00e9tapes cruciales du cycle de vie de votre entreprise. Voici ce que nous offrons pour assurer le succ\u00e8s de votre projet :<\/p>\n<ul>\n<li><strong>Expertise en gestion financi\u00e8re<\/strong> : Apprenez \u00e0 g\u00e9rer efficacement vos finances, de la budg\u00e9tisation \u00e0 la gestion des flux de tr\u00e9sorerie, en passant par la compr\u00e9hension des \u00e9tats financiers.<\/li>\n<li><strong>D\u00e9veloppement de strat\u00e9gies marketing<\/strong> : D\u00e9veloppez et mettez en \u0153uvre des strat\u00e9gies marketing qui atteignent et engagent efficacement votre audience cible, am\u00e9liorant ainsi la visibilit\u00e9 et la port\u00e9e de votre marque sur le march\u00e9.<\/li>\n<li><strong>Optimisation des processus<\/strong> : Rationalisez vos op\u00e9rations pour am\u00e9liorer l&rsquo;efficacit\u00e9, r\u00e9duire les co\u00fbts et augmenter la satisfaction client.<\/li>\n<\/ul>\n<\/div>[vc_column_text css=\u00a0\u00bb.vc_custom_1730996916287{padding-top: 30px !important;padding-right: 30px !important;padding-bottom: 30px !important;padding-left: 30px !important;background-color: #eff0f3 !important;}\u00a0\u00bb]<strong>Entrez dans l&rsquo;entrepreneuriat en toute confiance avec notre mentorat expert.<\/strong><\/p>\n<p><a href=\"https:\/\/riseblossom.com\/fr\/contact\/\">Contactez-nous<\/a> d\u00e8s aujourd&rsquo;hui pour vous assurer que votre entreprise repose sur des bases solides et pr\u00eate \u00e0 r\u00e9ussir.[\/vc_column_text][\/vc_column][\/vc_row]<\/p>\n<\/div>","protected":false},"excerpt":{"rendered":"<p>[vc_row gap=\u00a0\u00bb30&Prime;][vc_column][vc_column_text css=\u00a0\u00bb.vc_custom_1730996916287{padding-top: 30px !important;padding-right: 30px !important;padding-bottom: 30px !important;padding-left: 30px !important;background-color: #eff0f3 !important;}\u00a0\u00bb]Entrez dans l&rsquo;entrepreneuriat en toute confiance avec notre mentorat expert. Contactez-nous d\u00e8s aujourd&rsquo;hui pour vous assurer que votre entreprise repose sur des bases solides et pr\u00eate \u00e0 r\u00e9ussir.[\/vc_column_text][\/vc_column][\/vc_row]<\/p>\n","protected":false},"author":1,"featured_media":409,"parent":371,"menu_order":0,"comment_status":"closed","ping_status":"closed","template":"","meta":{"footnotes":""},"class_list":["post-362","page","type-page","status-publish","has-post-thumbnail","hentry","description-off"],"yoast_head":"<!-- This site is optimized with the Yoast SEO plugin v24.2 - https:\/\/yoast.com\/wordpress\/plugins\/seo\/ -->\n<title>Mentorat pour nouveaux entrepreneurs - Rise &amp; Blossom<\/title>\n<meta name=\"description\" content=\"Notre mentorat pour nouveaux propri\u00e9taires d&#039;entreprise est con\u00e7u pour vous guider \u00e0 travers les \u00e9tapes cruciales des premiers stades du cycle de vie de votre entreprise.\" \/>\n<meta name=\"robots\" content=\"index, follow, max-snippet:-1, max-image-preview:large, max-video-preview:-1\" \/>\n<link rel=\"canonical\" href=\"https:\/\/riseblossom.com\/fr\/services\/individus\/mentorat-pour-nouveaux-entrepreneurs\/\" \/>\n<meta property=\"og:locale\" content=\"fr_FR\" \/>\n<meta property=\"og:type\" content=\"article\" \/>\n<meta property=\"og:title\" content=\"Mentorat pour nouveaux entrepreneurs - Rise &amp; Blossom\" \/>\n<meta property=\"og:description\" content=\"Notre mentorat pour nouveaux propri\u00e9taires d&#039;entreprise est con\u00e7u pour vous guider \u00e0 travers les \u00e9tapes cruciales des premiers stades du cycle de vie de votre entreprise.\" \/>\n<meta property=\"og:url\" content=\"https:\/\/riseblossom.com\/fr\/services\/individus\/mentorat-pour-nouveaux-entrepreneurs\/\" \/>\n<meta property=\"og:site_name\" content=\"Rise &amp; Blossom\" \/>\n<meta property=\"article:modified_time\" content=\"2024-11-08T18:24:04+00:00\" \/>\n<meta property=\"og:image\" content=\"https:\/\/riseblossom.com\/wp-content\/uploads\/2024\/11\/Rise-Blossom-Featured-FR.jpg\" \/>\n\t<meta property=\"og:image:width\" content=\"1200\" \/>\n\t<meta property=\"og:image:height\" content=\"630\" \/>\n\t<meta property=\"og:image:type\" content=\"image\/jpeg\" \/>\n<meta name=\"twitter:card\" content=\"summary_large_image\" \/>\n<meta name=\"twitter:label1\" content=\"Dur\u00e9e de lecture estim\u00e9e\" \/>\n\t<meta name=\"twitter:data1\" content=\"2 minutes\" \/>\n<script type=\"application\/ld+json\" class=\"yoast-schema-graph\">{\"@context\":\"https:\/\/schema.org\",\"@graph\":[{\"@type\":\"WebPage\",\"@id\":\"https:\/\/riseblossom.com\/fr\/services\/individus\/mentorat-pour-nouveaux-entrepreneurs\/\",\"url\":\"https:\/\/riseblossom.com\/fr\/services\/individus\/mentorat-pour-nouveaux-entrepreneurs\/\",\"name\":\"Mentorat pour nouveaux entrepreneurs - Rise &amp; Blossom\",\"isPartOf\":{\"@id\":\"https:\/\/riseblossom.com\/fr\/#website\"},\"primaryImageOfPage\":{\"@id\":\"https:\/\/riseblossom.com\/fr\/services\/individus\/mentorat-pour-nouveaux-entrepreneurs\/#primaryimage\"},\"image\":{\"@id\":\"https:\/\/riseblossom.com\/fr\/services\/individus\/mentorat-pour-nouveaux-entrepreneurs\/#primaryimage\"},\"thumbnailUrl\":\"https:\/\/riseblossom.com\/wp-content\/uploads\/2024\/11\/Rise-Blossom-Featured-FR.jpg\",\"datePublished\":\"2024-05-31T17:44:11+00:00\",\"dateModified\":\"2024-11-08T18:24:04+00:00\",\"description\":\"Notre mentorat pour nouveaux propri\u00e9taires d'entreprise est con\u00e7u pour vous guider \u00e0 travers les \u00e9tapes cruciales des premiers stades du cycle de vie de votre entreprise.\",\"breadcrumb\":{\"@id\":\"https:\/\/riseblossom.com\/fr\/services\/individus\/mentorat-pour-nouveaux-entrepreneurs\/#breadcrumb\"},\"inLanguage\":\"fr-FR\",\"potentialAction\":[{\"@type\":\"ReadAction\",\"target\":[\"https:\/\/riseblossom.com\/fr\/services\/individus\/mentorat-pour-nouveaux-entrepreneurs\/\"]}]},{\"@type\":\"ImageObject\",\"inLanguage\":\"fr-FR\",\"@id\":\"https:\/\/riseblossom.com\/fr\/services\/individus\/mentorat-pour-nouveaux-entrepreneurs\/#primaryimage\",\"url\":\"https:\/\/riseblossom.com\/wp-content\/uploads\/2024\/11\/Rise-Blossom-Featured-FR.jpg\",\"contentUrl\":\"https:\/\/riseblossom.com\/wp-content\/uploads\/2024\/11\/Rise-Blossom-Featured-FR.jpg\",\"width\":1200,\"height\":630,\"caption\":\"\u00c9levez vos objectifs. Faites fleurir votre entreprise.\"},{\"@type\":\"BreadcrumbList\",\"@id\":\"https:\/\/riseblossom.com\/fr\/services\/individus\/mentorat-pour-nouveaux-entrepreneurs\/#breadcrumb\",\"itemListElement\":[{\"@type\":\"ListItem\",\"position\":1,\"name\":\"Home\",\"item\":\"https:\/\/riseblossom.com\/fr\/\"},{\"@type\":\"ListItem\",\"position\":2,\"name\":\"Services\",\"item\":\"https:\/\/riseblossom.com\/fr\/services\/\"},{\"@type\":\"ListItem\",\"position\":3,\"name\":\"Pour les individus\",\"item\":\"https:\/\/riseblossom.com\/fr\/services\/individus\/\"},{\"@type\":\"ListItem\",\"position\":4,\"name\":\"Mentorat pour nouveaux entrepreneurs\"}]},{\"@type\":\"WebSite\",\"@id\":\"https:\/\/riseblossom.com\/fr\/#website\",\"url\":\"https:\/\/riseblossom.com\/fr\/\",\"name\":\"Rise & Blossom\",\"description\":\"Startup, strategy, and business model development coaching\",\"publisher\":{\"@id\":\"https:\/\/riseblossom.com\/fr\/#organization\"},\"potentialAction\":[{\"@type\":\"SearchAction\",\"target\":{\"@type\":\"EntryPoint\",\"urlTemplate\":\"https:\/\/riseblossom.com\/fr\/?s={search_term_string}\"},\"query-input\":{\"@type\":\"PropertyValueSpecification\",\"valueRequired\":true,\"valueName\":\"search_term_string\"}}],\"inLanguage\":\"fr-FR\"},{\"@type\":\"Organization\",\"@id\":\"https:\/\/riseblossom.com\/fr\/#organization\",\"name\":\"Rise & Blossom\",\"url\":\"https:\/\/riseblossom.com\/fr\/\",\"logo\":{\"@type\":\"ImageObject\",\"inLanguage\":\"fr-FR\",\"@id\":\"https:\/\/riseblossom.com\/fr\/#\/schema\/logo\/image\/\",\"url\":\"https:\/\/riseblossom.com\/wp-content\/uploads\/2024\/05\/Rise-Blossom-Logo-ret.png\",\"contentUrl\":\"https:\/\/riseblossom.com\/wp-content\/uploads\/2024\/05\/Rise-Blossom-Logo-ret.png\",\"width\":358,\"height\":160,\"caption\":\"Rise & Blossom\"},\"image\":{\"@id\":\"https:\/\/riseblossom.com\/fr\/#\/schema\/logo\/image\/\"},\"sameAs\":[\"https:\/\/www.linkedin.com\/in\/jacquelinekhayat\/\"]}]}<\/script>\n<!-- \/ Yoast SEO plugin. -->","yoast_head_json":{"title":"Mentorat pour nouveaux entrepreneurs - Rise &amp; Blossom","description":"Notre mentorat pour nouveaux propri\u00e9taires d'entreprise est con\u00e7u pour vous guider \u00e0 travers les \u00e9tapes cruciales des premiers stades du cycle de vie de votre entreprise.","robots":{"index":"index","follow":"follow","max-snippet":"max-snippet:-1","max-image-preview":"max-image-preview:large","max-video-preview":"max-video-preview:-1"},"canonical":"https:\/\/riseblossom.com\/fr\/services\/individus\/mentorat-pour-nouveaux-entrepreneurs\/","og_locale":"fr_FR","og_type":"article","og_title":"Mentorat pour nouveaux entrepreneurs - Rise &amp; Blossom","og_description":"Notre mentorat pour nouveaux propri\u00e9taires d'entreprise est con\u00e7u pour vous guider \u00e0 travers les \u00e9tapes cruciales des premiers stades du cycle de vie de votre entreprise.","og_url":"https:\/\/riseblossom.com\/fr\/services\/individus\/mentorat-pour-nouveaux-entrepreneurs\/","og_site_name":"Rise &amp; Blossom","article_modified_time":"2024-11-08T18:24:04+00:00","og_image":[{"width":1200,"height":630,"url":"https:\/\/riseblossom.com\/wp-content\/uploads\/2024\/11\/Rise-Blossom-Featured-FR.jpg","type":"image\/jpeg"}],"twitter_card":"summary_large_image","twitter_misc":{"Dur\u00e9e de lecture estim\u00e9e":"2 minutes"},"schema":{"@context":"https:\/\/schema.org","@graph":[{"@type":"WebPage","@id":"https:\/\/riseblossom.com\/fr\/services\/individus\/mentorat-pour-nouveaux-entrepreneurs\/","url":"https:\/\/riseblossom.com\/fr\/services\/individus\/mentorat-pour-nouveaux-entrepreneurs\/","name":"Mentorat pour nouveaux entrepreneurs - Rise &amp; Blossom","isPartOf":{"@id":"https:\/\/riseblossom.com\/fr\/#website"},"primaryImageOfPage":{"@id":"https:\/\/riseblossom.com\/fr\/services\/individus\/mentorat-pour-nouveaux-entrepreneurs\/#primaryimage"},"image":{"@id":"https:\/\/riseblossom.com\/fr\/services\/individus\/mentorat-pour-nouveaux-entrepreneurs\/#primaryimage"},"thumbnailUrl":"https:\/\/riseblossom.com\/wp-content\/uploads\/2024\/11\/Rise-Blossom-Featured-FR.jpg","datePublished":"2024-05-31T17:44:11+00:00","dateModified":"2024-11-08T18:24:04+00:00","description":"Notre mentorat pour nouveaux propri\u00e9taires d'entreprise est con\u00e7u pour vous guider \u00e0 travers les \u00e9tapes cruciales des premiers stades du cycle de vie de votre entreprise.","breadcrumb":{"@id":"https:\/\/riseblossom.com\/fr\/services\/individus\/mentorat-pour-nouveaux-entrepreneurs\/#breadcrumb"},"inLanguage":"fr-FR","potentialAction":[{"@type":"ReadAction","target":["https:\/\/riseblossom.com\/fr\/services\/individus\/mentorat-pour-nouveaux-entrepreneurs\/"]}]},{"@type":"ImageObject","inLanguage":"fr-FR","@id":"https:\/\/riseblossom.com\/fr\/services\/individus\/mentorat-pour-nouveaux-entrepreneurs\/#primaryimage","url":"https:\/\/riseblossom.com\/wp-content\/uploads\/2024\/11\/Rise-Blossom-Featured-FR.jpg","contentUrl":"https:\/\/riseblossom.com\/wp-content\/uploads\/2024\/11\/Rise-Blossom-Featured-FR.jpg","width":1200,"height":630,"caption":"\u00c9levez vos objectifs. Faites fleurir votre entreprise."},{"@type":"BreadcrumbList","@id":"https:\/\/riseblossom.com\/fr\/services\/individus\/mentorat-pour-nouveaux-entrepreneurs\/#breadcrumb","itemListElement":[{"@type":"ListItem","position":1,"name":"Home","item":"https:\/\/riseblossom.com\/fr\/"},{"@type":"ListItem","position":2,"name":"Services","item":"https:\/\/riseblossom.com\/fr\/services\/"},{"@type":"ListItem","position":3,"name":"Pour les individus","item":"https:\/\/riseblossom.com\/fr\/services\/individus\/"},{"@type":"ListItem","position":4,"name":"Mentorat pour nouveaux entrepreneurs"}]},{"@type":"WebSite","@id":"https:\/\/riseblossom.com\/fr\/#website","url":"https:\/\/riseblossom.com\/fr\/","name":"Rise & Blossom","description":"Startup, strategy, and business model development coaching","publisher":{"@id":"https:\/\/riseblossom.com\/fr\/#organization"},"potentialAction":[{"@type":"SearchAction","target":{"@type":"EntryPoint","urlTemplate":"https:\/\/riseblossom.com\/fr\/?s={search_term_string}"},"query-input":{"@type":"PropertyValueSpecification","valueRequired":true,"valueName":"search_term_string"}}],"inLanguage":"fr-FR"},{"@type":"Organization","@id":"https:\/\/riseblossom.com\/fr\/#organization","name":"Rise & Blossom","url":"https:\/\/riseblossom.com\/fr\/","logo":{"@type":"ImageObject","inLanguage":"fr-FR","@id":"https:\/\/riseblossom.com\/fr\/#\/schema\/logo\/image\/","url":"https:\/\/riseblossom.com\/wp-content\/uploads\/2024\/05\/Rise-Blossom-Logo-ret.png","contentUrl":"https:\/\/riseblossom.com\/wp-content\/uploads\/2024\/05\/Rise-Blossom-Logo-ret.png","width":358,"height":160,"caption":"Rise & Blossom"},"image":{"@id":"https:\/\/riseblossom.com\/fr\/#\/schema\/logo\/image\/"},"sameAs":["https:\/\/www.linkedin.com\/in\/jacquelinekhayat\/"]}]}},"_links":{"self":[{"href":"https:\/\/riseblossom.com\/fr\/wp-json\/wp\/v2\/pages\/362","targetHints":{"allow":["GET"]}}],"collection":[{"href":"https:\/\/riseblossom.com\/fr\/wp-json\/wp\/v2\/pages"}],"about":[{"href":"https:\/\/riseblossom.com\/fr\/wp-json\/wp\/v2\/types\/page"}],"author":[{"embeddable":true,"href":"https:\/\/riseblossom.com\/fr\/wp-json\/wp\/v2\/users\/1"}],"replies":[{"embeddable":true,"href":"https:\/\/riseblossom.com\/fr\/wp-json\/wp\/v2\/comments?post=362"}],"version-history":[{"count":1,"href":"https:\/\/riseblossom.com\/fr\/wp-json\/wp\/v2\/pages\/362\/revisions"}],"predecessor-version":[{"id":377,"href":"https:\/\/riseblossom.com\/fr\/wp-json\/wp\/v2\/pages\/362\/revisions\/377"}],"up":[{"embeddable":true,"href":"https:\/\/riseblossom.com\/fr\/wp-json\/wp\/v2\/pages\/371"}],"wp:featuredmedia":[{"embeddable":true,"href":"https:\/\/riseblossom.com\/fr\/wp-json\/wp\/v2\/media\/409"}],"wp:attachment":[{"href":"https:\/\/riseblossom.com\/fr\/wp-json\/wp\/v2\/media?parent=362"}],"curies":[{"name":"wp","href":"https:\/\/api.w.org\/{rel}","templated":true}]}}