{"id":363,"date":"2024-05-31T13:42:43","date_gmt":"2024-05-31T17:42:43","guid":{"rendered":"https:\/\/riseblossom.com\/startup-founder-coaching\/"},"modified":"2024-11-08T13:22:12","modified_gmt":"2024-11-08T18:22:12","slug":"coaching-pour-fondateurs-de-startups","status":"publish","type":"page","link":"https:\/\/riseblossom.com\/fr\/services\/individus\/coaching-pour-fondateurs-de-startups\/","title":{"rendered":"Coaching pour fondateurs de startups"},"content":{"rendered":"<div class=\"wpb-content-wrapper\"><p>[vc_row gap=\u00a0\u00bb30&Prime;][vc_column]<div class=\"standard-arrow bullet-top\"><h3>Acc\u00e9l\u00e9rez le succ\u00e8s de votre startup avec un coaching d\u00e9di\u00e9 aux fondateurs<\/h3>\n<p>Lancer et d\u00e9velopper une startup est un d\u00e9fi de taille qui exige une concentration accrue et l\u2019accompagnement d\u2019experts. Notre coaching pour fondateurs de startups est con\u00e7u pour vous aider \u00e0 naviguer efficacement dans les complexit\u00e9s de l&rsquo;\u00e9cosyst\u00e8me entrepreneurial. Voici comment nous soutenons votre parcours entrepreneurial:<\/p>\n<ul>\n<li><strong>Affinement du mod\u00e8le d&rsquo;affaires<\/strong> : Optimisez votre mod\u00e8le d&rsquo;affaires pour qu&rsquo;il soit robuste, \u00e9volutif et adapt\u00e9 aux exigences du march\u00e9.<\/li>\n<li><strong>D\u00e9veloppement de strat\u00e9gies de vente<\/strong> : \u00c9laborez des strat\u00e9gies de vente dynamiques qui r\u00e9sonnent avec votre public cible et transforment l&rsquo;int\u00e9r\u00eat en revenus durables.<\/li>\n<li><strong>Renforcement de l&rsquo;avantage concurrentiel<\/strong> : Obtenez des perspectives pour renforcer votre avantage concurrentiel dans votre secteur, vous d\u00e9marquer et attirer \u00e0 la fois des clients et des investisseurs.<\/li>\n<\/ul>\n<\/div>[vc_column_text css=\u00a0\u00bb.vc_custom_1730997014595{padding-top: 30px !important;padding-right: 30px !important;padding-bottom: 30px !important;padding-left: 30px !important;background-color: #eff0f3 !important;}\u00a0\u00bb]<strong>Lancez-vous dans l&rsquo;aventure startup avec confiance.<\/strong><\/p>\n<p><a href=\"https:\/\/riseblossom.com\/fr\/contact\/\">Contactez-nous<\/a> d\u00e8s aujourd&rsquo;hui pour d\u00e9couvrir comment notre coaching expert peut vous fournir le soutien n\u00e9cessaire pour prosp\u00e9rer dans le paysage concurrentiel de l&rsquo;entrepreneuriat.[\/vc_column_text][\/vc_column][\/vc_row]<\/p>\n<\/div>","protected":false},"excerpt":{"rendered":"<p>[vc_row gap=\u00a0\u00bb30&Prime;][vc_column][vc_column_text css=\u00a0\u00bb.vc_custom_1730997014595{padding-top: 30px !important;padding-right: 30px !important;padding-bottom: 30px !important;padding-left: 30px !important;background-color: #eff0f3 !important;}\u00a0\u00bb]Lancez-vous dans l&rsquo;aventure startup avec confiance. Contactez-nous d\u00e8s aujourd&rsquo;hui pour d\u00e9couvrir comment notre coaching expert peut vous fournir le soutien n\u00e9cessaire pour prosp\u00e9rer dans le paysage concurrentiel de l&rsquo;entrepreneuriat.[\/vc_column_text][\/vc_column][\/vc_row]<\/p>\n","protected":false},"author":1,"featured_media":409,"parent":371,"menu_order":0,"comment_status":"closed","ping_status":"closed","template":"","meta":{"footnotes":""},"class_list":["post-363","page","type-page","status-publish","has-post-thumbnail","hentry","description-off"],"yoast_head":"<!-- This site is optimized with the Yoast SEO plugin v24.2 - https:\/\/yoast.com\/wordpress\/plugins\/seo\/ -->\n<title>Coaching pour fondateurs de startups - Rise &amp; Blossom<\/title>\n<meta name=\"description\" content=\"Notre coaching pour fondateurs de startups est con\u00e7u pour vous aider \u00e0 naviguer efficacement dans les complexit\u00e9s de l&#039;\u00e9cosyst\u00e8me des startups.\" \/>\n<meta name=\"robots\" content=\"index, follow, max-snippet:-1, max-image-preview:large, max-video-preview:-1\" \/>\n<link rel=\"canonical\" href=\"https:\/\/riseblossom.com\/fr\/services\/individus\/coaching-pour-fondateurs-de-startups\/\" \/>\n<meta property=\"og:locale\" content=\"fr_FR\" \/>\n<meta property=\"og:type\" content=\"article\" \/>\n<meta property=\"og:title\" content=\"Coaching pour fondateurs de startups - Rise &amp; Blossom\" \/>\n<meta property=\"og:description\" content=\"Notre coaching pour fondateurs de startups est con\u00e7u pour vous aider \u00e0 naviguer efficacement dans les complexit\u00e9s de l&#039;\u00e9cosyst\u00e8me des startups.\" \/>\n<meta property=\"og:url\" content=\"https:\/\/riseblossom.com\/fr\/services\/individus\/coaching-pour-fondateurs-de-startups\/\" \/>\n<meta property=\"og:site_name\" content=\"Rise &amp; Blossom\" \/>\n<meta property=\"article:modified_time\" content=\"2024-11-08T18:22:12+00:00\" \/>\n<meta property=\"og:image\" content=\"https:\/\/riseblossom.com\/wp-content\/uploads\/2024\/11\/Rise-Blossom-Featured-FR.jpg\" \/>\n\t<meta property=\"og:image:width\" content=\"1200\" \/>\n\t<meta property=\"og:image:height\" content=\"630\" \/>\n\t<meta property=\"og:image:type\" content=\"image\/jpeg\" \/>\n<meta name=\"twitter:card\" content=\"summary_large_image\" \/>\n<meta name=\"twitter:label1\" content=\"Dur\u00e9e de lecture estim\u00e9e\" \/>\n\t<meta name=\"twitter:data1\" content=\"1 minute\" \/>\n<script type=\"application\/ld+json\" class=\"yoast-schema-graph\">{\"@context\":\"https:\/\/schema.org\",\"@graph\":[{\"@type\":\"WebPage\",\"@id\":\"https:\/\/riseblossom.com\/fr\/services\/individus\/coaching-pour-fondateurs-de-startups\/\",\"url\":\"https:\/\/riseblossom.com\/fr\/services\/individus\/coaching-pour-fondateurs-de-startups\/\",\"name\":\"Coaching pour fondateurs de startups - Rise &amp; Blossom\",\"isPartOf\":{\"@id\":\"https:\/\/riseblossom.com\/fr\/#website\"},\"primaryImageOfPage\":{\"@id\":\"https:\/\/riseblossom.com\/fr\/services\/individus\/coaching-pour-fondateurs-de-startups\/#primaryimage\"},\"image\":{\"@id\":\"https:\/\/riseblossom.com\/fr\/services\/individus\/coaching-pour-fondateurs-de-startups\/#primaryimage\"},\"thumbnailUrl\":\"https:\/\/riseblossom.com\/wp-content\/uploads\/2024\/11\/Rise-Blossom-Featured-FR.jpg\",\"datePublished\":\"2024-05-31T17:42:43+00:00\",\"dateModified\":\"2024-11-08T18:22:12+00:00\",\"description\":\"Notre coaching pour fondateurs de startups est con\u00e7u pour vous aider \u00e0 naviguer efficacement dans les complexit\u00e9s de l'\u00e9cosyst\u00e8me des startups.\",\"breadcrumb\":{\"@id\":\"https:\/\/riseblossom.com\/fr\/services\/individus\/coaching-pour-fondateurs-de-startups\/#breadcrumb\"},\"inLanguage\":\"fr-FR\",\"potentialAction\":[{\"@type\":\"ReadAction\",\"target\":[\"https:\/\/riseblossom.com\/fr\/services\/individus\/coaching-pour-fondateurs-de-startups\/\"]}]},{\"@type\":\"ImageObject\",\"inLanguage\":\"fr-FR\",\"@id\":\"https:\/\/riseblossom.com\/fr\/services\/individus\/coaching-pour-fondateurs-de-startups\/#primaryimage\",\"url\":\"https:\/\/riseblossom.com\/wp-content\/uploads\/2024\/11\/Rise-Blossom-Featured-FR.jpg\",\"contentUrl\":\"https:\/\/riseblossom.com\/wp-content\/uploads\/2024\/11\/Rise-Blossom-Featured-FR.jpg\",\"width\":1200,\"height\":630,\"caption\":\"\u00c9levez vos objectifs. Faites fleurir votre entreprise.\"},{\"@type\":\"BreadcrumbList\",\"@id\":\"https:\/\/riseblossom.com\/fr\/services\/individus\/coaching-pour-fondateurs-de-startups\/#breadcrumb\",\"itemListElement\":[{\"@type\":\"ListItem\",\"position\":1,\"name\":\"Home\",\"item\":\"https:\/\/riseblossom.com\/fr\/\"},{\"@type\":\"ListItem\",\"position\":2,\"name\":\"Services\",\"item\":\"https:\/\/riseblossom.com\/fr\/services\/\"},{\"@type\":\"ListItem\",\"position\":3,\"name\":\"Pour les individus\",\"item\":\"https:\/\/riseblossom.com\/fr\/services\/individus\/\"},{\"@type\":\"ListItem\",\"position\":4,\"name\":\"Coaching pour fondateurs de startups\"}]},{\"@type\":\"WebSite\",\"@id\":\"https:\/\/riseblossom.com\/fr\/#website\",\"url\":\"https:\/\/riseblossom.com\/fr\/\",\"name\":\"Rise & Blossom\",\"description\":\"Startup, strategy, and business model development coaching\",\"publisher\":{\"@id\":\"https:\/\/riseblossom.com\/fr\/#organization\"},\"potentialAction\":[{\"@type\":\"SearchAction\",\"target\":{\"@type\":\"EntryPoint\",\"urlTemplate\":\"https:\/\/riseblossom.com\/fr\/?s={search_term_string}\"},\"query-input\":{\"@type\":\"PropertyValueSpecification\",\"valueRequired\":true,\"valueName\":\"search_term_string\"}}],\"inLanguage\":\"fr-FR\"},{\"@type\":\"Organization\",\"@id\":\"https:\/\/riseblossom.com\/fr\/#organization\",\"name\":\"Rise & Blossom\",\"url\":\"https:\/\/riseblossom.com\/fr\/\",\"logo\":{\"@type\":\"ImageObject\",\"inLanguage\":\"fr-FR\",\"@id\":\"https:\/\/riseblossom.com\/fr\/#\/schema\/logo\/image\/\",\"url\":\"https:\/\/riseblossom.com\/wp-content\/uploads\/2024\/05\/Rise-Blossom-Logo-ret.png\",\"contentUrl\":\"https:\/\/riseblossom.com\/wp-content\/uploads\/2024\/05\/Rise-Blossom-Logo-ret.png\",\"width\":358,\"height\":160,\"caption\":\"Rise & Blossom\"},\"image\":{\"@id\":\"https:\/\/riseblossom.com\/fr\/#\/schema\/logo\/image\/\"},\"sameAs\":[\"https:\/\/www.linkedin.com\/in\/jacquelinekhayat\/\"]}]}<\/script>\n<!-- \/ Yoast SEO plugin. -->","yoast_head_json":{"title":"Coaching pour fondateurs de startups - Rise &amp; Blossom","description":"Notre coaching pour fondateurs de startups est con\u00e7u pour vous aider \u00e0 naviguer efficacement dans les complexit\u00e9s de l'\u00e9cosyst\u00e8me des startups.","robots":{"index":"index","follow":"follow","max-snippet":"max-snippet:-1","max-image-preview":"max-image-preview:large","max-video-preview":"max-video-preview:-1"},"canonical":"https:\/\/riseblossom.com\/fr\/services\/individus\/coaching-pour-fondateurs-de-startups\/","og_locale":"fr_FR","og_type":"article","og_title":"Coaching pour fondateurs de startups - Rise &amp; Blossom","og_description":"Notre coaching pour fondateurs de startups est con\u00e7u pour vous aider \u00e0 naviguer efficacement dans les complexit\u00e9s de l'\u00e9cosyst\u00e8me des startups.","og_url":"https:\/\/riseblossom.com\/fr\/services\/individus\/coaching-pour-fondateurs-de-startups\/","og_site_name":"Rise &amp; Blossom","article_modified_time":"2024-11-08T18:22:12+00:00","og_image":[{"width":1200,"height":630,"url":"https:\/\/riseblossom.com\/wp-content\/uploads\/2024\/11\/Rise-Blossom-Featured-FR.jpg","type":"image\/jpeg"}],"twitter_card":"summary_large_image","twitter_misc":{"Dur\u00e9e de lecture estim\u00e9e":"1 minute"},"schema":{"@context":"https:\/\/schema.org","@graph":[{"@type":"WebPage","@id":"https:\/\/riseblossom.com\/fr\/services\/individus\/coaching-pour-fondateurs-de-startups\/","url":"https:\/\/riseblossom.com\/fr\/services\/individus\/coaching-pour-fondateurs-de-startups\/","name":"Coaching pour fondateurs de startups - Rise &amp; Blossom","isPartOf":{"@id":"https:\/\/riseblossom.com\/fr\/#website"},"primaryImageOfPage":{"@id":"https:\/\/riseblossom.com\/fr\/services\/individus\/coaching-pour-fondateurs-de-startups\/#primaryimage"},"image":{"@id":"https:\/\/riseblossom.com\/fr\/services\/individus\/coaching-pour-fondateurs-de-startups\/#primaryimage"},"thumbnailUrl":"https:\/\/riseblossom.com\/wp-content\/uploads\/2024\/11\/Rise-Blossom-Featured-FR.jpg","datePublished":"2024-05-31T17:42:43+00:00","dateModified":"2024-11-08T18:22:12+00:00","description":"Notre coaching pour fondateurs de startups est con\u00e7u pour vous aider \u00e0 naviguer efficacement dans les complexit\u00e9s de l'\u00e9cosyst\u00e8me des startups.","breadcrumb":{"@id":"https:\/\/riseblossom.com\/fr\/services\/individus\/coaching-pour-fondateurs-de-startups\/#breadcrumb"},"inLanguage":"fr-FR","potentialAction":[{"@type":"ReadAction","target":["https:\/\/riseblossom.com\/fr\/services\/individus\/coaching-pour-fondateurs-de-startups\/"]}]},{"@type":"ImageObject","inLanguage":"fr-FR","@id":"https:\/\/riseblossom.com\/fr\/services\/individus\/coaching-pour-fondateurs-de-startups\/#primaryimage","url":"https:\/\/riseblossom.com\/wp-content\/uploads\/2024\/11\/Rise-Blossom-Featured-FR.jpg","contentUrl":"https:\/\/riseblossom.com\/wp-content\/uploads\/2024\/11\/Rise-Blossom-Featured-FR.jpg","width":1200,"height":630,"caption":"\u00c9levez vos objectifs. Faites fleurir votre entreprise."},{"@type":"BreadcrumbList","@id":"https:\/\/riseblossom.com\/fr\/services\/individus\/coaching-pour-fondateurs-de-startups\/#breadcrumb","itemListElement":[{"@type":"ListItem","position":1,"name":"Home","item":"https:\/\/riseblossom.com\/fr\/"},{"@type":"ListItem","position":2,"name":"Services","item":"https:\/\/riseblossom.com\/fr\/services\/"},{"@type":"ListItem","position":3,"name":"Pour les individus","item":"https:\/\/riseblossom.com\/fr\/services\/individus\/"},{"@type":"ListItem","position":4,"name":"Coaching pour fondateurs de startups"}]},{"@type":"WebSite","@id":"https:\/\/riseblossom.com\/fr\/#website","url":"https:\/\/riseblossom.com\/fr\/","name":"Rise & Blossom","description":"Startup, strategy, and business model development coaching","publisher":{"@id":"https:\/\/riseblossom.com\/fr\/#organization"},"potentialAction":[{"@type":"SearchAction","target":{"@type":"EntryPoint","urlTemplate":"https:\/\/riseblossom.com\/fr\/?s={search_term_string}"},"query-input":{"@type":"PropertyValueSpecification","valueRequired":true,"valueName":"search_term_string"}}],"inLanguage":"fr-FR"},{"@type":"Organization","@id":"https:\/\/riseblossom.com\/fr\/#organization","name":"Rise & Blossom","url":"https:\/\/riseblossom.com\/fr\/","logo":{"@type":"ImageObject","inLanguage":"fr-FR","@id":"https:\/\/riseblossom.com\/fr\/#\/schema\/logo\/image\/","url":"https:\/\/riseblossom.com\/wp-content\/uploads\/2024\/05\/Rise-Blossom-Logo-ret.png","contentUrl":"https:\/\/riseblossom.com\/wp-content\/uploads\/2024\/05\/Rise-Blossom-Logo-ret.png","width":358,"height":160,"caption":"Rise & Blossom"},"image":{"@id":"https:\/\/riseblossom.com\/fr\/#\/schema\/logo\/image\/"},"sameAs":["https:\/\/www.linkedin.com\/in\/jacquelinekhayat\/"]}]}},"_links":{"self":[{"href":"https:\/\/riseblossom.com\/fr\/wp-json\/wp\/v2\/pages\/363","targetHints":{"allow":["GET"]}}],"collection":[{"href":"https:\/\/riseblossom.com\/fr\/wp-json\/wp\/v2\/pages"}],"about":[{"href":"https:\/\/riseblossom.com\/fr\/wp-json\/wp\/v2\/types\/page"}],"author":[{"embeddable":true,"href":"https:\/\/riseblossom.com\/fr\/wp-json\/wp\/v2\/users\/1"}],"replies":[{"embeddable":true,"href":"https:\/\/riseblossom.com\/fr\/wp-json\/wp\/v2\/comments?post=363"}],"version-history":[{"count":1,"href":"https:\/\/riseblossom.com\/fr\/wp-json\/wp\/v2\/pages\/363\/revisions"}],"predecessor-version":[{"id":378,"href":"https:\/\/riseblossom.com\/fr\/wp-json\/wp\/v2\/pages\/363\/revisions\/378"}],"up":[{"embeddable":true,"href":"https:\/\/riseblossom.com\/fr\/wp-json\/wp\/v2\/pages\/371"}],"wp:featuredmedia":[{"embeddable":true,"href":"https:\/\/riseblossom.com\/fr\/wp-json\/wp\/v2\/media\/409"}],"wp:attachment":[{"href":"https:\/\/riseblossom.com\/fr\/wp-json\/wp\/v2\/media?parent=363"}],"curies":[{"name":"wp","href":"https:\/\/api.w.org\/{rel}","templated":true}]}}