{"id":364,"date":"2024-05-31T13:39:31","date_gmt":"2024-05-31T17:39:31","guid":{"rendered":"https:\/\/riseblossom.com\/leadership-coaching-for-new-managers\/"},"modified":"2024-11-08T13:21:15","modified_gmt":"2024-11-08T18:21:15","slug":"coaching-en-leadership-pour-nouveaux-gestionnaires","status":"publish","type":"page","link":"https:\/\/riseblossom.com\/fr\/services\/individus\/coaching-en-leadership-pour-nouveaux-gestionnaires\/","title":{"rendered":"Coaching en leadership pour nouveaux gestionnaires"},"content":{"rendered":"<div class=\"wpb-content-wrapper\"><p>[vc_row gap=\u00a0\u00bb30&Prime;][vc_column]<div class=\"standard-arrow bullet-top\"><h3>Donnez un nouvel \u00e9lan \u00e0 votre leadership gr\u00e2ce \u00e0 un coaching personnalis\u00e9<\/h3>\n<p>Acc\u00e9der \u00e0 un r\u00f4le de direction peut \u00eatre un d\u00e9fi de taille, avec des obstacles uniques n\u00e9cessitant de nouvelles comp\u00e9tences et des connaissances approfondies. Notre coaching en leadership est sp\u00e9cialement con\u00e7u pour faciliter cette transition en vous offrant :<\/p>\n<ul>\n<li><strong>D\u00e9veloppement des comp\u00e9tences en leadership<\/strong> : Acqu\u00e9rez les comp\u00e9tences essentielles pour diriger efficacement, de la prise de d\u00e9cision \u00e0 la r\u00e9solution de conflits.<\/li>\n<li><strong>Renforcement de la confiance<\/strong> : Augmentez votre assurance pour diriger votre \u00e9quipe avec confiance, en prenant vos responsabilit\u00e9s manag\u00e9riales avec s\u00e9r\u00e9nit\u00e9.<\/li>\n<li><strong>Tactiques de leadership strat\u00e9gique<\/strong> : Apprenez des approches strat\u00e9giques pour g\u00e9rer vos \u00e9quipes, stimuler le succ\u00e8s et atteindre vos objectifs organisationnels.<\/li>\n<\/ul>\n<\/div>[vc_column_text css=\u00a0\u00bb.vc_custom_1730996815799{padding-top: 30px !important;padding-right: 30px !important;padding-bottom: 30px !important;padding-left: 30px !important;background-color: #eff0f3 !important;}\u00a0\u00bb]<strong>Pr\u00eat \u00e0 assumer votre nouveau r\u00f4le avec confiance et comp\u00e9tence ?<\/strong><\/p>\n<p><a href=\"https:\/\/riseblossom.com\/fr\/contact\/\">Contactez-nous<\/a> d\u00e8s aujourd&rsquo;hui pour d\u00e9couvrir comment notre coaching peut transformer votre parcours de direction et mener votre \u00e9quipe vers un plus grand succ\u00e8s.[\/vc_column_text][\/vc_column][\/vc_row]<\/p>\n<\/div>","protected":false},"excerpt":{"rendered":"<p>[vc_row gap=\u00a0\u00bb30&Prime;][vc_column][vc_column_text css=\u00a0\u00bb.vc_custom_1730996815799{padding-top: 30px !important;padding-right: 30px !important;padding-bottom: 30px !important;padding-left: 30px !important;background-color: #eff0f3 !important;}\u00a0\u00bb]Pr\u00eat \u00e0 assumer votre nouveau r\u00f4le avec confiance et comp\u00e9tence ? Contactez-nous d\u00e8s aujourd&rsquo;hui pour d\u00e9couvrir comment notre coaching peut transformer votre parcours de direction et mener votre \u00e9quipe vers un plus grand succ\u00e8s.[\/vc_column_text][\/vc_column][\/vc_row]<\/p>\n","protected":false},"author":1,"featured_media":409,"parent":371,"menu_order":0,"comment_status":"closed","ping_status":"closed","template":"","meta":{"footnotes":""},"class_list":["post-364","page","type-page","status-publish","has-post-thumbnail","hentry","description-off"],"yoast_head":"<!-- This site is optimized with the Yoast SEO plugin v24.2 - https:\/\/yoast.com\/wordpress\/plugins\/seo\/ -->\n<title>Coaching en leadership pour nouveaux gestionnaires - Rise &amp; Blossom<\/title>\n<meta name=\"description\" content=\"Rise &amp; Blossom stimule votre parcours de leadership avec un coaching personnalis\u00e9 pour les nouveaux gestionnaires.\" \/>\n<meta name=\"robots\" content=\"index, follow, max-snippet:-1, max-image-preview:large, max-video-preview:-1\" \/>\n<link rel=\"canonical\" href=\"https:\/\/riseblossom.com\/fr\/services\/individus\/coaching-en-leadership-pour-nouveaux-gestionnaires\/\" \/>\n<meta property=\"og:locale\" content=\"fr_FR\" \/>\n<meta property=\"og:type\" content=\"article\" \/>\n<meta property=\"og:title\" content=\"Coaching en leadership pour nouveaux gestionnaires - Rise &amp; Blossom\" \/>\n<meta property=\"og:description\" content=\"Rise &amp; Blossom stimule votre parcours de leadership avec un coaching personnalis\u00e9 pour les nouveaux gestionnaires.\" \/>\n<meta property=\"og:url\" content=\"https:\/\/riseblossom.com\/fr\/services\/individus\/coaching-en-leadership-pour-nouveaux-gestionnaires\/\" \/>\n<meta property=\"og:site_name\" content=\"Rise &amp; Blossom\" \/>\n<meta property=\"article:modified_time\" content=\"2024-11-08T18:21:15+00:00\" \/>\n<meta property=\"og:image\" content=\"https:\/\/riseblossom.com\/wp-content\/uploads\/2024\/11\/Rise-Blossom-Featured-FR.jpg\" \/>\n\t<meta property=\"og:image:width\" content=\"1200\" \/>\n\t<meta property=\"og:image:height\" content=\"630\" \/>\n\t<meta property=\"og:image:type\" content=\"image\/jpeg\" \/>\n<meta name=\"twitter:card\" content=\"summary_large_image\" \/>\n<meta name=\"twitter:label1\" content=\"Dur\u00e9e de lecture estim\u00e9e\" \/>\n\t<meta name=\"twitter:data1\" content=\"1 minute\" \/>\n<script type=\"application\/ld+json\" class=\"yoast-schema-graph\">{\"@context\":\"https:\/\/schema.org\",\"@graph\":[{\"@type\":\"WebPage\",\"@id\":\"https:\/\/riseblossom.com\/fr\/services\/individus\/coaching-en-leadership-pour-nouveaux-gestionnaires\/\",\"url\":\"https:\/\/riseblossom.com\/fr\/services\/individus\/coaching-en-leadership-pour-nouveaux-gestionnaires\/\",\"name\":\"Coaching en leadership pour nouveaux gestionnaires - Rise &amp; Blossom\",\"isPartOf\":{\"@id\":\"https:\/\/riseblossom.com\/fr\/#website\"},\"primaryImageOfPage\":{\"@id\":\"https:\/\/riseblossom.com\/fr\/services\/individus\/coaching-en-leadership-pour-nouveaux-gestionnaires\/#primaryimage\"},\"image\":{\"@id\":\"https:\/\/riseblossom.com\/fr\/services\/individus\/coaching-en-leadership-pour-nouveaux-gestionnaires\/#primaryimage\"},\"thumbnailUrl\":\"https:\/\/riseblossom.com\/wp-content\/uploads\/2024\/11\/Rise-Blossom-Featured-FR.jpg\",\"datePublished\":\"2024-05-31T17:39:31+00:00\",\"dateModified\":\"2024-11-08T18:21:15+00:00\",\"description\":\"Rise & Blossom stimule votre parcours de leadership avec un coaching personnalis\u00e9 pour les nouveaux gestionnaires.\",\"breadcrumb\":{\"@id\":\"https:\/\/riseblossom.com\/fr\/services\/individus\/coaching-en-leadership-pour-nouveaux-gestionnaires\/#breadcrumb\"},\"inLanguage\":\"fr-FR\",\"potentialAction\":[{\"@type\":\"ReadAction\",\"target\":[\"https:\/\/riseblossom.com\/fr\/services\/individus\/coaching-en-leadership-pour-nouveaux-gestionnaires\/\"]}]},{\"@type\":\"ImageObject\",\"inLanguage\":\"fr-FR\",\"@id\":\"https:\/\/riseblossom.com\/fr\/services\/individus\/coaching-en-leadership-pour-nouveaux-gestionnaires\/#primaryimage\",\"url\":\"https:\/\/riseblossom.com\/wp-content\/uploads\/2024\/11\/Rise-Blossom-Featured-FR.jpg\",\"contentUrl\":\"https:\/\/riseblossom.com\/wp-content\/uploads\/2024\/11\/Rise-Blossom-Featured-FR.jpg\",\"width\":1200,\"height\":630,\"caption\":\"\u00c9levez vos objectifs. Faites fleurir votre entreprise.\"},{\"@type\":\"BreadcrumbList\",\"@id\":\"https:\/\/riseblossom.com\/fr\/services\/individus\/coaching-en-leadership-pour-nouveaux-gestionnaires\/#breadcrumb\",\"itemListElement\":[{\"@type\":\"ListItem\",\"position\":1,\"name\":\"Home\",\"item\":\"https:\/\/riseblossom.com\/fr\/\"},{\"@type\":\"ListItem\",\"position\":2,\"name\":\"Services\",\"item\":\"https:\/\/riseblossom.com\/fr\/services\/\"},{\"@type\":\"ListItem\",\"position\":3,\"name\":\"Pour les individus\",\"item\":\"https:\/\/riseblossom.com\/fr\/services\/individus\/\"},{\"@type\":\"ListItem\",\"position\":4,\"name\":\"Coaching en leadership pour nouveaux gestionnaires\"}]},{\"@type\":\"WebSite\",\"@id\":\"https:\/\/riseblossom.com\/fr\/#website\",\"url\":\"https:\/\/riseblossom.com\/fr\/\",\"name\":\"Rise & Blossom\",\"description\":\"Startup, strategy, and business model development coaching\",\"publisher\":{\"@id\":\"https:\/\/riseblossom.com\/fr\/#organization\"},\"potentialAction\":[{\"@type\":\"SearchAction\",\"target\":{\"@type\":\"EntryPoint\",\"urlTemplate\":\"https:\/\/riseblossom.com\/fr\/?s={search_term_string}\"},\"query-input\":{\"@type\":\"PropertyValueSpecification\",\"valueRequired\":true,\"valueName\":\"search_term_string\"}}],\"inLanguage\":\"fr-FR\"},{\"@type\":\"Organization\",\"@id\":\"https:\/\/riseblossom.com\/fr\/#organization\",\"name\":\"Rise & Blossom\",\"url\":\"https:\/\/riseblossom.com\/fr\/\",\"logo\":{\"@type\":\"ImageObject\",\"inLanguage\":\"fr-FR\",\"@id\":\"https:\/\/riseblossom.com\/fr\/#\/schema\/logo\/image\/\",\"url\":\"https:\/\/riseblossom.com\/wp-content\/uploads\/2024\/05\/Rise-Blossom-Logo-ret.png\",\"contentUrl\":\"https:\/\/riseblossom.com\/wp-content\/uploads\/2024\/05\/Rise-Blossom-Logo-ret.png\",\"width\":358,\"height\":160,\"caption\":\"Rise & Blossom\"},\"image\":{\"@id\":\"https:\/\/riseblossom.com\/fr\/#\/schema\/logo\/image\/\"},\"sameAs\":[\"https:\/\/www.linkedin.com\/in\/jacquelinekhayat\/\"]}]}<\/script>\n<!-- \/ Yoast SEO plugin. -->","yoast_head_json":{"title":"Coaching en leadership pour nouveaux gestionnaires - Rise &amp; Blossom","description":"Rise & Blossom stimule votre parcours de leadership avec un coaching personnalis\u00e9 pour les nouveaux gestionnaires.","robots":{"index":"index","follow":"follow","max-snippet":"max-snippet:-1","max-image-preview":"max-image-preview:large","max-video-preview":"max-video-preview:-1"},"canonical":"https:\/\/riseblossom.com\/fr\/services\/individus\/coaching-en-leadership-pour-nouveaux-gestionnaires\/","og_locale":"fr_FR","og_type":"article","og_title":"Coaching en leadership pour nouveaux gestionnaires - Rise &amp; Blossom","og_description":"Rise & Blossom stimule votre parcours de leadership avec un coaching personnalis\u00e9 pour les nouveaux gestionnaires.","og_url":"https:\/\/riseblossom.com\/fr\/services\/individus\/coaching-en-leadership-pour-nouveaux-gestionnaires\/","og_site_name":"Rise &amp; Blossom","article_modified_time":"2024-11-08T18:21:15+00:00","og_image":[{"width":1200,"height":630,"url":"https:\/\/riseblossom.com\/wp-content\/uploads\/2024\/11\/Rise-Blossom-Featured-FR.jpg","type":"image\/jpeg"}],"twitter_card":"summary_large_image","twitter_misc":{"Dur\u00e9e de lecture estim\u00e9e":"1 minute"},"schema":{"@context":"https:\/\/schema.org","@graph":[{"@type":"WebPage","@id":"https:\/\/riseblossom.com\/fr\/services\/individus\/coaching-en-leadership-pour-nouveaux-gestionnaires\/","url":"https:\/\/riseblossom.com\/fr\/services\/individus\/coaching-en-leadership-pour-nouveaux-gestionnaires\/","name":"Coaching en leadership pour nouveaux gestionnaires - Rise &amp; Blossom","isPartOf":{"@id":"https:\/\/riseblossom.com\/fr\/#website"},"primaryImageOfPage":{"@id":"https:\/\/riseblossom.com\/fr\/services\/individus\/coaching-en-leadership-pour-nouveaux-gestionnaires\/#primaryimage"},"image":{"@id":"https:\/\/riseblossom.com\/fr\/services\/individus\/coaching-en-leadership-pour-nouveaux-gestionnaires\/#primaryimage"},"thumbnailUrl":"https:\/\/riseblossom.com\/wp-content\/uploads\/2024\/11\/Rise-Blossom-Featured-FR.jpg","datePublished":"2024-05-31T17:39:31+00:00","dateModified":"2024-11-08T18:21:15+00:00","description":"Rise & Blossom stimule votre parcours de leadership avec un coaching personnalis\u00e9 pour les nouveaux gestionnaires.","breadcrumb":{"@id":"https:\/\/riseblossom.com\/fr\/services\/individus\/coaching-en-leadership-pour-nouveaux-gestionnaires\/#breadcrumb"},"inLanguage":"fr-FR","potentialAction":[{"@type":"ReadAction","target":["https:\/\/riseblossom.com\/fr\/services\/individus\/coaching-en-leadership-pour-nouveaux-gestionnaires\/"]}]},{"@type":"ImageObject","inLanguage":"fr-FR","@id":"https:\/\/riseblossom.com\/fr\/services\/individus\/coaching-en-leadership-pour-nouveaux-gestionnaires\/#primaryimage","url":"https:\/\/riseblossom.com\/wp-content\/uploads\/2024\/11\/Rise-Blossom-Featured-FR.jpg","contentUrl":"https:\/\/riseblossom.com\/wp-content\/uploads\/2024\/11\/Rise-Blossom-Featured-FR.jpg","width":1200,"height":630,"caption":"\u00c9levez vos objectifs. Faites fleurir votre entreprise."},{"@type":"BreadcrumbList","@id":"https:\/\/riseblossom.com\/fr\/services\/individus\/coaching-en-leadership-pour-nouveaux-gestionnaires\/#breadcrumb","itemListElement":[{"@type":"ListItem","position":1,"name":"Home","item":"https:\/\/riseblossom.com\/fr\/"},{"@type":"ListItem","position":2,"name":"Services","item":"https:\/\/riseblossom.com\/fr\/services\/"},{"@type":"ListItem","position":3,"name":"Pour les individus","item":"https:\/\/riseblossom.com\/fr\/services\/individus\/"},{"@type":"ListItem","position":4,"name":"Coaching en leadership pour nouveaux gestionnaires"}]},{"@type":"WebSite","@id":"https:\/\/riseblossom.com\/fr\/#website","url":"https:\/\/riseblossom.com\/fr\/","name":"Rise & Blossom","description":"Startup, strategy, and business model development coaching","publisher":{"@id":"https:\/\/riseblossom.com\/fr\/#organization"},"potentialAction":[{"@type":"SearchAction","target":{"@type":"EntryPoint","urlTemplate":"https:\/\/riseblossom.com\/fr\/?s={search_term_string}"},"query-input":{"@type":"PropertyValueSpecification","valueRequired":true,"valueName":"search_term_string"}}],"inLanguage":"fr-FR"},{"@type":"Organization","@id":"https:\/\/riseblossom.com\/fr\/#organization","name":"Rise & Blossom","url":"https:\/\/riseblossom.com\/fr\/","logo":{"@type":"ImageObject","inLanguage":"fr-FR","@id":"https:\/\/riseblossom.com\/fr\/#\/schema\/logo\/image\/","url":"https:\/\/riseblossom.com\/wp-content\/uploads\/2024\/05\/Rise-Blossom-Logo-ret.png","contentUrl":"https:\/\/riseblossom.com\/wp-content\/uploads\/2024\/05\/Rise-Blossom-Logo-ret.png","width":358,"height":160,"caption":"Rise & Blossom"},"image":{"@id":"https:\/\/riseblossom.com\/fr\/#\/schema\/logo\/image\/"},"sameAs":["https:\/\/www.linkedin.com\/in\/jacquelinekhayat\/"]}]}},"_links":{"self":[{"href":"https:\/\/riseblossom.com\/fr\/wp-json\/wp\/v2\/pages\/364","targetHints":{"allow":["GET"]}}],"collection":[{"href":"https:\/\/riseblossom.com\/fr\/wp-json\/wp\/v2\/pages"}],"about":[{"href":"https:\/\/riseblossom.com\/fr\/wp-json\/wp\/v2\/types\/page"}],"author":[{"embeddable":true,"href":"https:\/\/riseblossom.com\/fr\/wp-json\/wp\/v2\/users\/1"}],"replies":[{"embeddable":true,"href":"https:\/\/riseblossom.com\/fr\/wp-json\/wp\/v2\/comments?post=364"}],"version-history":[{"count":1,"href":"https:\/\/riseblossom.com\/fr\/wp-json\/wp\/v2\/pages\/364\/revisions"}],"predecessor-version":[{"id":376,"href":"https:\/\/riseblossom.com\/fr\/wp-json\/wp\/v2\/pages\/364\/revisions\/376"}],"up":[{"embeddable":true,"href":"https:\/\/riseblossom.com\/fr\/wp-json\/wp\/v2\/pages\/371"}],"wp:featuredmedia":[{"embeddable":true,"href":"https:\/\/riseblossom.com\/fr\/wp-json\/wp\/v2\/media\/409"}],"wp:attachment":[{"href":"https:\/\/riseblossom.com\/fr\/wp-json\/wp\/v2\/media?parent=364"}],"curies":[{"name":"wp","href":"https:\/\/api.w.org\/{rel}","templated":true}]}}