{"id":365,"date":"2024-05-31T12:43:57","date_gmt":"2024-05-31T16:43:57","guid":{"rendered":"https:\/\/riseblossom.com\/finance-strategy-development\/"},"modified":"2024-11-08T13:17:32","modified_gmt":"2024-11-08T18:17:32","slug":"developpement-de-strategie-financiere","status":"publish","type":"page","link":"https:\/\/riseblossom.com\/fr\/services\/entreprises\/developpement-de-strategie-financiere\/","title":{"rendered":"D\u00e9veloppement de strat\u00e9gie financi\u00e8re"},"content":{"rendered":"<div class=\"wpb-content-wrapper\"><p>[vc_row gap=\u00a0\u00bb30&Prime;][vc_column]<div class=\"standard-arrow bullet-top\"><h3>Optimisez votre strat\u00e9gie financi\u00e8re avec une expertise guid\u00e9e<\/h3>\n<p>Ma\u00eetrisez les complexit\u00e9s du financement gr\u00e2ce \u00e0 nos services complets de d\u00e9veloppement de strat\u00e9gie financi\u00e8re. Que vous exploriez des options de financement dilutives ou non dilutives\u2014comme des bourses, des pr\u00eats et des subventions\u2014notre \u00e9quipe est pr\u00eate \u00e0 vous accompagner \u00e0 chaque \u00e9tape. Voici comment nous pouvons am\u00e9liorer votre strat\u00e9gie financi\u00e8re :<\/p>\n<ul>\n<li><strong>Pr\u00e9paration de pitch deck et de CIM<\/strong> : Concevez des pitch decks convaincants et\/ou des CIM qui communiquent clairement votre proposition de valeur et le potentiel de votre entreprise aux investisseurs ou acqu\u00e9reurs.<\/li>\n<li><strong>Pr\u00e9paration \u00e0 la lev\u00e9e de fonds<\/strong> : Renforcez votre pr\u00e9paration \u00e0 la lev\u00e9e de fonds gr\u00e2ce \u00e0 des conseils strat\u00e9giques, adapt\u00e9s pour am\u00e9liorer votre attractivit\u00e9 aupr\u00e8s des investisseurs potentiels.<\/li>\n<li><strong>Conseil sur le mix de financement optimal<\/strong> : Naviguez dans l&rsquo;\u00e9quilibre d\u00e9licat des options de financement pour soutenir la croissance de votre entreprise sans diluer inutilement l&rsquo;\u00e9quit\u00e9.<\/li>\n<\/ul>\n<p>Vous souhaitez obtenir le bon financement sans compromettre l&rsquo;avenir de votre entreprise? <a href=\"https:\/\/riseblossom.com\/fr\/contact\/\">Contactez-nous<\/a> d\u00e8s aujourd&rsquo;hui pour d\u00e9couvrir comment nos strat\u00e9gies financi\u00e8res personnalis\u00e9es peuvent soutenir les ambitions de croissance de votre entreprise.<\/p>\n<\/div>[vc_column_text css=\u00a0\u00bb.vc_custom_1731073728450{padding-top: 30px !important;padding-right: 30px !important;padding-bottom: 30px !important;padding-left: 30px !important;background-color: #eff0f3 !important;}\u00a0\u00bb]<strong>Que vous soyez un leader en devenir souhaitant perfectionner vos comp\u00e9tences ou une entreprise visant une croissance sans pr\u00e9c\u00e9dent, Rise &amp; Blossom est l\u00e0 pour vous accompagner dans votre parcours.<\/strong><\/p>\n<p><a href=\"https:\/\/riseblossom.com\/fr\/contact\/\">Contactez-nous<\/a> pour discuter de la mani\u00e8re dont nous pouvons adapter nos services \u00e0 vos besoins et aspirations uniques.[\/vc_column_text][\/vc_column][\/vc_row]<\/p>\n<\/div>","protected":false},"excerpt":{"rendered":"<p>[vc_row gap=\u00a0\u00bb30&Prime;][vc_column][vc_column_text css=\u00a0\u00bb.vc_custom_1731073728450{padding-top: 30px !important;padding-right: 30px !important;padding-bottom: 30px !important;padding-left: 30px !important;background-color: #eff0f3 !important;}\u00a0\u00bb]Que vous soyez un leader en devenir souhaitant perfectionner vos comp\u00e9tences ou une entreprise visant une croissance sans pr\u00e9c\u00e9dent, Rise &amp; Blossom est l\u00e0 pour vous accompagner dans votre parcours. Contactez-nous pour discuter de la mani\u00e8re dont nous pouvons adapter nos services \u00e0&hellip;<\/p>\n","protected":false},"author":1,"featured_media":409,"parent":370,"menu_order":0,"comment_status":"closed","ping_status":"closed","template":"","meta":{"footnotes":""},"class_list":["post-365","page","type-page","status-publish","has-post-thumbnail","hentry","description-off"],"yoast_head":"<!-- This site is optimized with the Yoast SEO plugin v24.2 - https:\/\/yoast.com\/wordpress\/plugins\/seo\/ -->\n<title>D\u00e9veloppement de strat\u00e9gie financi\u00e8re - Rise &amp; Blossom<\/title>\n<meta name=\"description\" content=\"Rise &amp; Blossom peut vous aider \u00e0 ma\u00eetriser les complexit\u00e9s du financement gr\u00e2ce \u00e0 nos services complets de d\u00e9veloppement de strat\u00e9gies financi\u00e8res.\" \/>\n<meta name=\"robots\" content=\"index, follow, max-snippet:-1, max-image-preview:large, max-video-preview:-1\" \/>\n<link rel=\"canonical\" href=\"https:\/\/riseblossom.com\/fr\/services\/entreprises\/developpement-de-strategie-financiere\/\" \/>\n<meta property=\"og:locale\" content=\"fr_FR\" \/>\n<meta property=\"og:type\" content=\"article\" \/>\n<meta property=\"og:title\" content=\"D\u00e9veloppement de strat\u00e9gie financi\u00e8re - Rise &amp; Blossom\" \/>\n<meta property=\"og:description\" content=\"Rise &amp; Blossom peut vous aider \u00e0 ma\u00eetriser les complexit\u00e9s du financement gr\u00e2ce \u00e0 nos services complets de d\u00e9veloppement de strat\u00e9gies financi\u00e8res.\" \/>\n<meta property=\"og:url\" content=\"https:\/\/riseblossom.com\/fr\/services\/entreprises\/developpement-de-strategie-financiere\/\" \/>\n<meta property=\"og:site_name\" content=\"Rise &amp; Blossom\" \/>\n<meta property=\"article:modified_time\" content=\"2024-11-08T18:17:32+00:00\" \/>\n<meta property=\"og:image\" content=\"https:\/\/riseblossom.com\/wp-content\/uploads\/2024\/11\/Rise-Blossom-Featured-FR.jpg\" \/>\n\t<meta property=\"og:image:width\" content=\"1200\" \/>\n\t<meta property=\"og:image:height\" content=\"630\" \/>\n\t<meta property=\"og:image:type\" content=\"image\/jpeg\" \/>\n<meta name=\"twitter:card\" content=\"summary_large_image\" \/>\n<meta name=\"twitter:label1\" content=\"Dur\u00e9e de lecture estim\u00e9e\" \/>\n\t<meta name=\"twitter:data1\" content=\"2 minutes\" \/>\n<script type=\"application\/ld+json\" class=\"yoast-schema-graph\">{\"@context\":\"https:\/\/schema.org\",\"@graph\":[{\"@type\":\"WebPage\",\"@id\":\"https:\/\/riseblossom.com\/fr\/services\/entreprises\/developpement-de-strategie-financiere\/\",\"url\":\"https:\/\/riseblossom.com\/fr\/services\/entreprises\/developpement-de-strategie-financiere\/\",\"name\":\"D\u00e9veloppement de strat\u00e9gie financi\u00e8re - Rise &amp; Blossom\",\"isPartOf\":{\"@id\":\"https:\/\/riseblossom.com\/fr\/#website\"},\"primaryImageOfPage\":{\"@id\":\"https:\/\/riseblossom.com\/fr\/services\/entreprises\/developpement-de-strategie-financiere\/#primaryimage\"},\"image\":{\"@id\":\"https:\/\/riseblossom.com\/fr\/services\/entreprises\/developpement-de-strategie-financiere\/#primaryimage\"},\"thumbnailUrl\":\"https:\/\/riseblossom.com\/wp-content\/uploads\/2024\/11\/Rise-Blossom-Featured-FR.jpg\",\"datePublished\":\"2024-05-31T16:43:57+00:00\",\"dateModified\":\"2024-11-08T18:17:32+00:00\",\"description\":\"Rise & Blossom peut vous aider \u00e0 ma\u00eetriser les complexit\u00e9s du financement gr\u00e2ce \u00e0 nos services complets de d\u00e9veloppement de strat\u00e9gies financi\u00e8res.\",\"breadcrumb\":{\"@id\":\"https:\/\/riseblossom.com\/fr\/services\/entreprises\/developpement-de-strategie-financiere\/#breadcrumb\"},\"inLanguage\":\"fr-FR\",\"potentialAction\":[{\"@type\":\"ReadAction\",\"target\":[\"https:\/\/riseblossom.com\/fr\/services\/entreprises\/developpement-de-strategie-financiere\/\"]}]},{\"@type\":\"ImageObject\",\"inLanguage\":\"fr-FR\",\"@id\":\"https:\/\/riseblossom.com\/fr\/services\/entreprises\/developpement-de-strategie-financiere\/#primaryimage\",\"url\":\"https:\/\/riseblossom.com\/wp-content\/uploads\/2024\/11\/Rise-Blossom-Featured-FR.jpg\",\"contentUrl\":\"https:\/\/riseblossom.com\/wp-content\/uploads\/2024\/11\/Rise-Blossom-Featured-FR.jpg\",\"width\":1200,\"height\":630,\"caption\":\"\u00c9levez vos objectifs. Faites fleurir votre entreprise.\"},{\"@type\":\"BreadcrumbList\",\"@id\":\"https:\/\/riseblossom.com\/fr\/services\/entreprises\/developpement-de-strategie-financiere\/#breadcrumb\",\"itemListElement\":[{\"@type\":\"ListItem\",\"position\":1,\"name\":\"Home\",\"item\":\"https:\/\/riseblossom.com\/fr\/\"},{\"@type\":\"ListItem\",\"position\":2,\"name\":\"Services\",\"item\":\"https:\/\/riseblossom.com\/fr\/services\/\"},{\"@type\":\"ListItem\",\"position\":3,\"name\":\"Pour les entreprises\",\"item\":\"https:\/\/riseblossom.com\/fr\/services\/entreprises\/\"},{\"@type\":\"ListItem\",\"position\":4,\"name\":\"D\u00e9veloppement de strat\u00e9gie financi\u00e8re\"}]},{\"@type\":\"WebSite\",\"@id\":\"https:\/\/riseblossom.com\/fr\/#website\",\"url\":\"https:\/\/riseblossom.com\/fr\/\",\"name\":\"Rise & Blossom\",\"description\":\"Startup, strategy, and business model development coaching\",\"publisher\":{\"@id\":\"https:\/\/riseblossom.com\/fr\/#organization\"},\"potentialAction\":[{\"@type\":\"SearchAction\",\"target\":{\"@type\":\"EntryPoint\",\"urlTemplate\":\"https:\/\/riseblossom.com\/fr\/?s={search_term_string}\"},\"query-input\":{\"@type\":\"PropertyValueSpecification\",\"valueRequired\":true,\"valueName\":\"search_term_string\"}}],\"inLanguage\":\"fr-FR\"},{\"@type\":\"Organization\",\"@id\":\"https:\/\/riseblossom.com\/fr\/#organization\",\"name\":\"Rise & Blossom\",\"url\":\"https:\/\/riseblossom.com\/fr\/\",\"logo\":{\"@type\":\"ImageObject\",\"inLanguage\":\"fr-FR\",\"@id\":\"https:\/\/riseblossom.com\/fr\/#\/schema\/logo\/image\/\",\"url\":\"https:\/\/riseblossom.com\/wp-content\/uploads\/2024\/05\/Rise-Blossom-Logo-ret.png\",\"contentUrl\":\"https:\/\/riseblossom.com\/wp-content\/uploads\/2024\/05\/Rise-Blossom-Logo-ret.png\",\"width\":358,\"height\":160,\"caption\":\"Rise & Blossom\"},\"image\":{\"@id\":\"https:\/\/riseblossom.com\/fr\/#\/schema\/logo\/image\/\"},\"sameAs\":[\"https:\/\/www.linkedin.com\/in\/jacquelinekhayat\/\"]}]}<\/script>\n<!-- \/ Yoast SEO plugin. -->","yoast_head_json":{"title":"D\u00e9veloppement de strat\u00e9gie financi\u00e8re - Rise &amp; Blossom","description":"Rise & Blossom peut vous aider \u00e0 ma\u00eetriser les complexit\u00e9s du financement gr\u00e2ce \u00e0 nos services complets de d\u00e9veloppement de strat\u00e9gies financi\u00e8res.","robots":{"index":"index","follow":"follow","max-snippet":"max-snippet:-1","max-image-preview":"max-image-preview:large","max-video-preview":"max-video-preview:-1"},"canonical":"https:\/\/riseblossom.com\/fr\/services\/entreprises\/developpement-de-strategie-financiere\/","og_locale":"fr_FR","og_type":"article","og_title":"D\u00e9veloppement de strat\u00e9gie financi\u00e8re - Rise &amp; Blossom","og_description":"Rise & Blossom peut vous aider \u00e0 ma\u00eetriser les complexit\u00e9s du financement gr\u00e2ce \u00e0 nos services complets de d\u00e9veloppement de strat\u00e9gies financi\u00e8res.","og_url":"https:\/\/riseblossom.com\/fr\/services\/entreprises\/developpement-de-strategie-financiere\/","og_site_name":"Rise &amp; Blossom","article_modified_time":"2024-11-08T18:17:32+00:00","og_image":[{"width":1200,"height":630,"url":"https:\/\/riseblossom.com\/wp-content\/uploads\/2024\/11\/Rise-Blossom-Featured-FR.jpg","type":"image\/jpeg"}],"twitter_card":"summary_large_image","twitter_misc":{"Dur\u00e9e de lecture estim\u00e9e":"2 minutes"},"schema":{"@context":"https:\/\/schema.org","@graph":[{"@type":"WebPage","@id":"https:\/\/riseblossom.com\/fr\/services\/entreprises\/developpement-de-strategie-financiere\/","url":"https:\/\/riseblossom.com\/fr\/services\/entreprises\/developpement-de-strategie-financiere\/","name":"D\u00e9veloppement de strat\u00e9gie financi\u00e8re - Rise &amp; Blossom","isPartOf":{"@id":"https:\/\/riseblossom.com\/fr\/#website"},"primaryImageOfPage":{"@id":"https:\/\/riseblossom.com\/fr\/services\/entreprises\/developpement-de-strategie-financiere\/#primaryimage"},"image":{"@id":"https:\/\/riseblossom.com\/fr\/services\/entreprises\/developpement-de-strategie-financiere\/#primaryimage"},"thumbnailUrl":"https:\/\/riseblossom.com\/wp-content\/uploads\/2024\/11\/Rise-Blossom-Featured-FR.jpg","datePublished":"2024-05-31T16:43:57+00:00","dateModified":"2024-11-08T18:17:32+00:00","description":"Rise & Blossom peut vous aider \u00e0 ma\u00eetriser les complexit\u00e9s du financement gr\u00e2ce \u00e0 nos services complets de d\u00e9veloppement de strat\u00e9gies financi\u00e8res.","breadcrumb":{"@id":"https:\/\/riseblossom.com\/fr\/services\/entreprises\/developpement-de-strategie-financiere\/#breadcrumb"},"inLanguage":"fr-FR","potentialAction":[{"@type":"ReadAction","target":["https:\/\/riseblossom.com\/fr\/services\/entreprises\/developpement-de-strategie-financiere\/"]}]},{"@type":"ImageObject","inLanguage":"fr-FR","@id":"https:\/\/riseblossom.com\/fr\/services\/entreprises\/developpement-de-strategie-financiere\/#primaryimage","url":"https:\/\/riseblossom.com\/wp-content\/uploads\/2024\/11\/Rise-Blossom-Featured-FR.jpg","contentUrl":"https:\/\/riseblossom.com\/wp-content\/uploads\/2024\/11\/Rise-Blossom-Featured-FR.jpg","width":1200,"height":630,"caption":"\u00c9levez vos objectifs. Faites fleurir votre entreprise."},{"@type":"BreadcrumbList","@id":"https:\/\/riseblossom.com\/fr\/services\/entreprises\/developpement-de-strategie-financiere\/#breadcrumb","itemListElement":[{"@type":"ListItem","position":1,"name":"Home","item":"https:\/\/riseblossom.com\/fr\/"},{"@type":"ListItem","position":2,"name":"Services","item":"https:\/\/riseblossom.com\/fr\/services\/"},{"@type":"ListItem","position":3,"name":"Pour les entreprises","item":"https:\/\/riseblossom.com\/fr\/services\/entreprises\/"},{"@type":"ListItem","position":4,"name":"D\u00e9veloppement de strat\u00e9gie financi\u00e8re"}]},{"@type":"WebSite","@id":"https:\/\/riseblossom.com\/fr\/#website","url":"https:\/\/riseblossom.com\/fr\/","name":"Rise & Blossom","description":"Startup, strategy, and business model development coaching","publisher":{"@id":"https:\/\/riseblossom.com\/fr\/#organization"},"potentialAction":[{"@type":"SearchAction","target":{"@type":"EntryPoint","urlTemplate":"https:\/\/riseblossom.com\/fr\/?s={search_term_string}"},"query-input":{"@type":"PropertyValueSpecification","valueRequired":true,"valueName":"search_term_string"}}],"inLanguage":"fr-FR"},{"@type":"Organization","@id":"https:\/\/riseblossom.com\/fr\/#organization","name":"Rise & Blossom","url":"https:\/\/riseblossom.com\/fr\/","logo":{"@type":"ImageObject","inLanguage":"fr-FR","@id":"https:\/\/riseblossom.com\/fr\/#\/schema\/logo\/image\/","url":"https:\/\/riseblossom.com\/wp-content\/uploads\/2024\/05\/Rise-Blossom-Logo-ret.png","contentUrl":"https:\/\/riseblossom.com\/wp-content\/uploads\/2024\/05\/Rise-Blossom-Logo-ret.png","width":358,"height":160,"caption":"Rise & Blossom"},"image":{"@id":"https:\/\/riseblossom.com\/fr\/#\/schema\/logo\/image\/"},"sameAs":["https:\/\/www.linkedin.com\/in\/jacquelinekhayat\/"]}]}},"_links":{"self":[{"href":"https:\/\/riseblossom.com\/fr\/wp-json\/wp\/v2\/pages\/365","targetHints":{"allow":["GET"]}}],"collection":[{"href":"https:\/\/riseblossom.com\/fr\/wp-json\/wp\/v2\/pages"}],"about":[{"href":"https:\/\/riseblossom.com\/fr\/wp-json\/wp\/v2\/types\/page"}],"author":[{"embeddable":true,"href":"https:\/\/riseblossom.com\/fr\/wp-json\/wp\/v2\/users\/1"}],"replies":[{"embeddable":true,"href":"https:\/\/riseblossom.com\/fr\/wp-json\/wp\/v2\/comments?post=365"}],"version-history":[{"count":5,"href":"https:\/\/riseblossom.com\/fr\/wp-json\/wp\/v2\/pages\/365\/revisions"}],"predecessor-version":[{"id":416,"href":"https:\/\/riseblossom.com\/fr\/wp-json\/wp\/v2\/pages\/365\/revisions\/416"}],"up":[{"embeddable":true,"href":"https:\/\/riseblossom.com\/fr\/wp-json\/wp\/v2\/pages\/370"}],"wp:featuredmedia":[{"embeddable":true,"href":"https:\/\/riseblossom.com\/fr\/wp-json\/wp\/v2\/media\/409"}],"wp:attachment":[{"href":"https:\/\/riseblossom.com\/fr\/wp-json\/wp\/v2\/media?parent=365"}],"curies":[{"name":"wp","href":"https:\/\/api.w.org\/{rel}","templated":true}]}}