{"id":366,"date":"2024-05-31T12:38:57","date_gmt":"2024-05-31T16:38:57","guid":{"rendered":"https:\/\/riseblossom.com\/management-team-coaching\/"},"modified":"2024-11-08T13:12:24","modified_gmt":"2024-11-08T18:12:24","slug":"coaching-dequipe-de-gestion","status":"publish","type":"page","link":"https:\/\/riseblossom.com\/fr\/services\/entreprises\/coaching-dequipe-de-gestion\/","title":{"rendered":"Coaching d\u2019\u00e9quipe de gestion"},"content":{"rendered":"<div class=\"wpb-content-wrapper\"><p>[vc_row gap=\u00a0\u00bb30&Prime;][vc_column]<div class=\"standard-arrow bullet-top\"><h3>Transformez votre leadership avec un coaching d\u2019\u00e9quipe de gestion avanc\u00e9<\/h3>\n<p>Am\u00e9liorez les performances et l&rsquo;impact strat\u00e9gique de votre \u00e9quipe de gestion gr\u00e2ce \u00e0 notre coaching sp\u00e9cialis\u00e9. Adapt\u00e9 pour renforcer les comp\u00e9tences cl\u00e9s de vos dirigeants, notre programme de coaching se concentre sur :<\/p>\n<ul>\n<li><strong>D\u00e9veloppement du leadership<\/strong> : Cultivez des qualit\u00e9s de leadership essentielles qui inspirent et motivent les \u00e9quipes, en favorisant une culture de responsabilit\u00e9 et de croissance proactive.<\/li>\n<li><strong>Communication efficace<\/strong> : Am\u00e9liorez les comp\u00e9tences en communication interpersonnelle et organisationnelle pour assurer la clart\u00e9, r\u00e9duire les malentendus et am\u00e9liorer la dynamique d&rsquo;\u00e9quipe.<\/li>\n<li><strong>Prise de d\u00e9cision strat\u00e9gique<\/strong> : \u00c9quipez vos dirigeants des outils n\u00e9cessaires pour prendre des d\u00e9cisions strat\u00e9giques \u00e9clair\u00e9es, align\u00e9es sur les objectifs de votre organisation et favorisant le succ\u00e8s \u00e0 long terme.<\/li>\n<\/ul>\n<\/div>[vc_column_text css=\u00a0\u00bb.vc_custom_1731073954457{padding-top: 30px !important;padding-right: 30px !important;padding-bottom: 30px !important;padding-left: 30px !important;background-color: #eff0f3 !important;}\u00a0\u00bb]<strong>Pr\u00eat \u00e0 renforcer vos leaders et \u00e0 propulser votre organisation vers l&rsquo;avant ?<\/strong><\/p>\n<p><a href=\"https:\/\/riseblossom.com\/fr\/contact\/\">Contactez-nous<\/a> d\u00e8s aujourd&rsquo;hui pour en savoir plus sur la mani\u00e8re dont notre coaching peut cr\u00e9er des leaders dynamiques, capables de naviguer dans la complexit\u00e9 et de diriger avec succ\u00e8s.[\/vc_column_text][\/vc_column][\/vc_row]<\/p>\n<\/div>","protected":false},"excerpt":{"rendered":"<p>[vc_row gap=\u00a0\u00bb30&Prime;][vc_column][vc_column_text css=\u00a0\u00bb.vc_custom_1731073954457{padding-top: 30px !important;padding-right: 30px !important;padding-bottom: 30px !important;padding-left: 30px !important;background-color: #eff0f3 !important;}\u00a0\u00bb]Pr\u00eat \u00e0 renforcer vos leaders et \u00e0 propulser votre organisation vers l&rsquo;avant ? Contactez-nous d\u00e8s aujourd&rsquo;hui pour en savoir plus sur la mani\u00e8re dont notre coaching peut cr\u00e9er des leaders dynamiques, capables de naviguer dans la complexit\u00e9 et de diriger avec succ\u00e8s.[\/vc_column_text][\/vc_column][\/vc_row]<\/p>\n","protected":false},"author":1,"featured_media":409,"parent":370,"menu_order":0,"comment_status":"closed","ping_status":"closed","template":"","meta":{"footnotes":""},"class_list":["post-366","page","type-page","status-publish","has-post-thumbnail","hentry","description-off"],"yoast_head":"<!-- This site is optimized with the Yoast SEO plugin v24.2 - https:\/\/yoast.com\/wordpress\/plugins\/seo\/ -->\n<title>Coaching d\u2019\u00e9quipe de gestion - Rise &amp; Blossom<\/title>\n<meta name=\"description\" content=\"Am\u00e9liorez la performance et l&#039;impact strat\u00e9gique de votre \u00e9quipe de gestion gr\u00e2ce \u00e0 notre coaching sp\u00e9cialis\u00e9 pour les \u00e9quipes de direction.\" \/>\n<meta name=\"robots\" content=\"index, follow, max-snippet:-1, max-image-preview:large, max-video-preview:-1\" \/>\n<link rel=\"canonical\" href=\"https:\/\/riseblossom.com\/fr\/services\/entreprises\/coaching-dequipe-de-gestion\/\" \/>\n<meta property=\"og:locale\" content=\"fr_FR\" \/>\n<meta property=\"og:type\" content=\"article\" \/>\n<meta property=\"og:title\" content=\"Coaching d\u2019\u00e9quipe de gestion - Rise &amp; Blossom\" \/>\n<meta property=\"og:description\" content=\"Am\u00e9liorez la performance et l&#039;impact strat\u00e9gique de votre \u00e9quipe de gestion gr\u00e2ce \u00e0 notre coaching sp\u00e9cialis\u00e9 pour les \u00e9quipes de direction.\" \/>\n<meta property=\"og:url\" content=\"https:\/\/riseblossom.com\/fr\/services\/entreprises\/coaching-dequipe-de-gestion\/\" \/>\n<meta property=\"og:site_name\" content=\"Rise &amp; Blossom\" \/>\n<meta property=\"article:modified_time\" content=\"2024-11-08T18:12:24+00:00\" \/>\n<meta property=\"og:image\" content=\"https:\/\/riseblossom.com\/wp-content\/uploads\/2024\/11\/Rise-Blossom-Featured-FR.jpg\" \/>\n\t<meta property=\"og:image:width\" content=\"1200\" \/>\n\t<meta property=\"og:image:height\" content=\"630\" \/>\n\t<meta property=\"og:image:type\" content=\"image\/jpeg\" \/>\n<meta name=\"twitter:card\" content=\"summary_large_image\" \/>\n<meta name=\"twitter:label1\" content=\"Dur\u00e9e de lecture estim\u00e9e\" \/>\n\t<meta name=\"twitter:data1\" content=\"1 minute\" \/>\n<script type=\"application\/ld+json\" class=\"yoast-schema-graph\">{\"@context\":\"https:\/\/schema.org\",\"@graph\":[{\"@type\":\"WebPage\",\"@id\":\"https:\/\/riseblossom.com\/fr\/services\/entreprises\/coaching-dequipe-de-gestion\/\",\"url\":\"https:\/\/riseblossom.com\/fr\/services\/entreprises\/coaching-dequipe-de-gestion\/\",\"name\":\"Coaching d\u2019\u00e9quipe de gestion - Rise &amp; Blossom\",\"isPartOf\":{\"@id\":\"https:\/\/riseblossom.com\/fr\/#website\"},\"primaryImageOfPage\":{\"@id\":\"https:\/\/riseblossom.com\/fr\/services\/entreprises\/coaching-dequipe-de-gestion\/#primaryimage\"},\"image\":{\"@id\":\"https:\/\/riseblossom.com\/fr\/services\/entreprises\/coaching-dequipe-de-gestion\/#primaryimage\"},\"thumbnailUrl\":\"https:\/\/riseblossom.com\/wp-content\/uploads\/2024\/11\/Rise-Blossom-Featured-FR.jpg\",\"datePublished\":\"2024-05-31T16:38:57+00:00\",\"dateModified\":\"2024-11-08T18:12:24+00:00\",\"description\":\"Am\u00e9liorez la performance et l'impact strat\u00e9gique de votre \u00e9quipe de gestion gr\u00e2ce \u00e0 notre coaching sp\u00e9cialis\u00e9 pour les \u00e9quipes de direction.\",\"breadcrumb\":{\"@id\":\"https:\/\/riseblossom.com\/fr\/services\/entreprises\/coaching-dequipe-de-gestion\/#breadcrumb\"},\"inLanguage\":\"fr-FR\",\"potentialAction\":[{\"@type\":\"ReadAction\",\"target\":[\"https:\/\/riseblossom.com\/fr\/services\/entreprises\/coaching-dequipe-de-gestion\/\"]}]},{\"@type\":\"ImageObject\",\"inLanguage\":\"fr-FR\",\"@id\":\"https:\/\/riseblossom.com\/fr\/services\/entreprises\/coaching-dequipe-de-gestion\/#primaryimage\",\"url\":\"https:\/\/riseblossom.com\/wp-content\/uploads\/2024\/11\/Rise-Blossom-Featured-FR.jpg\",\"contentUrl\":\"https:\/\/riseblossom.com\/wp-content\/uploads\/2024\/11\/Rise-Blossom-Featured-FR.jpg\",\"width\":1200,\"height\":630,\"caption\":\"\u00c9levez vos objectifs. Faites fleurir votre entreprise.\"},{\"@type\":\"BreadcrumbList\",\"@id\":\"https:\/\/riseblossom.com\/fr\/services\/entreprises\/coaching-dequipe-de-gestion\/#breadcrumb\",\"itemListElement\":[{\"@type\":\"ListItem\",\"position\":1,\"name\":\"Home\",\"item\":\"https:\/\/riseblossom.com\/fr\/\"},{\"@type\":\"ListItem\",\"position\":2,\"name\":\"Services\",\"item\":\"https:\/\/riseblossom.com\/fr\/services\/\"},{\"@type\":\"ListItem\",\"position\":3,\"name\":\"Pour les entreprises\",\"item\":\"https:\/\/riseblossom.com\/fr\/services\/entreprises\/\"},{\"@type\":\"ListItem\",\"position\":4,\"name\":\"Coaching d\u2019\u00e9quipe de gestion\"}]},{\"@type\":\"WebSite\",\"@id\":\"https:\/\/riseblossom.com\/fr\/#website\",\"url\":\"https:\/\/riseblossom.com\/fr\/\",\"name\":\"Rise & Blossom\",\"description\":\"Startup, strategy, and business model development coaching\",\"publisher\":{\"@id\":\"https:\/\/riseblossom.com\/fr\/#organization\"},\"potentialAction\":[{\"@type\":\"SearchAction\",\"target\":{\"@type\":\"EntryPoint\",\"urlTemplate\":\"https:\/\/riseblossom.com\/fr\/?s={search_term_string}\"},\"query-input\":{\"@type\":\"PropertyValueSpecification\",\"valueRequired\":true,\"valueName\":\"search_term_string\"}}],\"inLanguage\":\"fr-FR\"},{\"@type\":\"Organization\",\"@id\":\"https:\/\/riseblossom.com\/fr\/#organization\",\"name\":\"Rise & Blossom\",\"url\":\"https:\/\/riseblossom.com\/fr\/\",\"logo\":{\"@type\":\"ImageObject\",\"inLanguage\":\"fr-FR\",\"@id\":\"https:\/\/riseblossom.com\/fr\/#\/schema\/logo\/image\/\",\"url\":\"https:\/\/riseblossom.com\/wp-content\/uploads\/2024\/05\/Rise-Blossom-Logo-ret.png\",\"contentUrl\":\"https:\/\/riseblossom.com\/wp-content\/uploads\/2024\/05\/Rise-Blossom-Logo-ret.png\",\"width\":358,\"height\":160,\"caption\":\"Rise & Blossom\"},\"image\":{\"@id\":\"https:\/\/riseblossom.com\/fr\/#\/schema\/logo\/image\/\"},\"sameAs\":[\"https:\/\/www.linkedin.com\/in\/jacquelinekhayat\/\"]}]}<\/script>\n<!-- \/ Yoast SEO plugin. -->","yoast_head_json":{"title":"Coaching d\u2019\u00e9quipe de gestion - Rise &amp; Blossom","description":"Am\u00e9liorez la performance et l'impact strat\u00e9gique de votre \u00e9quipe de gestion gr\u00e2ce \u00e0 notre coaching sp\u00e9cialis\u00e9 pour les \u00e9quipes de direction.","robots":{"index":"index","follow":"follow","max-snippet":"max-snippet:-1","max-image-preview":"max-image-preview:large","max-video-preview":"max-video-preview:-1"},"canonical":"https:\/\/riseblossom.com\/fr\/services\/entreprises\/coaching-dequipe-de-gestion\/","og_locale":"fr_FR","og_type":"article","og_title":"Coaching d\u2019\u00e9quipe de gestion - Rise &amp; Blossom","og_description":"Am\u00e9liorez la performance et l'impact strat\u00e9gique de votre \u00e9quipe de gestion gr\u00e2ce \u00e0 notre coaching sp\u00e9cialis\u00e9 pour les \u00e9quipes de direction.","og_url":"https:\/\/riseblossom.com\/fr\/services\/entreprises\/coaching-dequipe-de-gestion\/","og_site_name":"Rise &amp; Blossom","article_modified_time":"2024-11-08T18:12:24+00:00","og_image":[{"width":1200,"height":630,"url":"https:\/\/riseblossom.com\/wp-content\/uploads\/2024\/11\/Rise-Blossom-Featured-FR.jpg","type":"image\/jpeg"}],"twitter_card":"summary_large_image","twitter_misc":{"Dur\u00e9e de lecture estim\u00e9e":"1 minute"},"schema":{"@context":"https:\/\/schema.org","@graph":[{"@type":"WebPage","@id":"https:\/\/riseblossom.com\/fr\/services\/entreprises\/coaching-dequipe-de-gestion\/","url":"https:\/\/riseblossom.com\/fr\/services\/entreprises\/coaching-dequipe-de-gestion\/","name":"Coaching d\u2019\u00e9quipe de gestion - Rise &amp; Blossom","isPartOf":{"@id":"https:\/\/riseblossom.com\/fr\/#website"},"primaryImageOfPage":{"@id":"https:\/\/riseblossom.com\/fr\/services\/entreprises\/coaching-dequipe-de-gestion\/#primaryimage"},"image":{"@id":"https:\/\/riseblossom.com\/fr\/services\/entreprises\/coaching-dequipe-de-gestion\/#primaryimage"},"thumbnailUrl":"https:\/\/riseblossom.com\/wp-content\/uploads\/2024\/11\/Rise-Blossom-Featured-FR.jpg","datePublished":"2024-05-31T16:38:57+00:00","dateModified":"2024-11-08T18:12:24+00:00","description":"Am\u00e9liorez la performance et l'impact strat\u00e9gique de votre \u00e9quipe de gestion gr\u00e2ce \u00e0 notre coaching sp\u00e9cialis\u00e9 pour les \u00e9quipes de direction.","breadcrumb":{"@id":"https:\/\/riseblossom.com\/fr\/services\/entreprises\/coaching-dequipe-de-gestion\/#breadcrumb"},"inLanguage":"fr-FR","potentialAction":[{"@type":"ReadAction","target":["https:\/\/riseblossom.com\/fr\/services\/entreprises\/coaching-dequipe-de-gestion\/"]}]},{"@type":"ImageObject","inLanguage":"fr-FR","@id":"https:\/\/riseblossom.com\/fr\/services\/entreprises\/coaching-dequipe-de-gestion\/#primaryimage","url":"https:\/\/riseblossom.com\/wp-content\/uploads\/2024\/11\/Rise-Blossom-Featured-FR.jpg","contentUrl":"https:\/\/riseblossom.com\/wp-content\/uploads\/2024\/11\/Rise-Blossom-Featured-FR.jpg","width":1200,"height":630,"caption":"\u00c9levez vos objectifs. Faites fleurir votre entreprise."},{"@type":"BreadcrumbList","@id":"https:\/\/riseblossom.com\/fr\/services\/entreprises\/coaching-dequipe-de-gestion\/#breadcrumb","itemListElement":[{"@type":"ListItem","position":1,"name":"Home","item":"https:\/\/riseblossom.com\/fr\/"},{"@type":"ListItem","position":2,"name":"Services","item":"https:\/\/riseblossom.com\/fr\/services\/"},{"@type":"ListItem","position":3,"name":"Pour les entreprises","item":"https:\/\/riseblossom.com\/fr\/services\/entreprises\/"},{"@type":"ListItem","position":4,"name":"Coaching d\u2019\u00e9quipe de gestion"}]},{"@type":"WebSite","@id":"https:\/\/riseblossom.com\/fr\/#website","url":"https:\/\/riseblossom.com\/fr\/","name":"Rise & Blossom","description":"Startup, strategy, and business model development coaching","publisher":{"@id":"https:\/\/riseblossom.com\/fr\/#organization"},"potentialAction":[{"@type":"SearchAction","target":{"@type":"EntryPoint","urlTemplate":"https:\/\/riseblossom.com\/fr\/?s={search_term_string}"},"query-input":{"@type":"PropertyValueSpecification","valueRequired":true,"valueName":"search_term_string"}}],"inLanguage":"fr-FR"},{"@type":"Organization","@id":"https:\/\/riseblossom.com\/fr\/#organization","name":"Rise & Blossom","url":"https:\/\/riseblossom.com\/fr\/","logo":{"@type":"ImageObject","inLanguage":"fr-FR","@id":"https:\/\/riseblossom.com\/fr\/#\/schema\/logo\/image\/","url":"https:\/\/riseblossom.com\/wp-content\/uploads\/2024\/05\/Rise-Blossom-Logo-ret.png","contentUrl":"https:\/\/riseblossom.com\/wp-content\/uploads\/2024\/05\/Rise-Blossom-Logo-ret.png","width":358,"height":160,"caption":"Rise & Blossom"},"image":{"@id":"https:\/\/riseblossom.com\/fr\/#\/schema\/logo\/image\/"},"sameAs":["https:\/\/www.linkedin.com\/in\/jacquelinekhayat\/"]}]}},"_links":{"self":[{"href":"https:\/\/riseblossom.com\/fr\/wp-json\/wp\/v2\/pages\/366","targetHints":{"allow":["GET"]}}],"collection":[{"href":"https:\/\/riseblossom.com\/fr\/wp-json\/wp\/v2\/pages"}],"about":[{"href":"https:\/\/riseblossom.com\/fr\/wp-json\/wp\/v2\/types\/page"}],"author":[{"embeddable":true,"href":"https:\/\/riseblossom.com\/fr\/wp-json\/wp\/v2\/users\/1"}],"replies":[{"embeddable":true,"href":"https:\/\/riseblossom.com\/fr\/wp-json\/wp\/v2\/comments?post=366"}],"version-history":[{"count":2,"href":"https:\/\/riseblossom.com\/fr\/wp-json\/wp\/v2\/pages\/366\/revisions"}],"predecessor-version":[{"id":390,"href":"https:\/\/riseblossom.com\/fr\/wp-json\/wp\/v2\/pages\/366\/revisions\/390"}],"up":[{"embeddable":true,"href":"https:\/\/riseblossom.com\/fr\/wp-json\/wp\/v2\/pages\/370"}],"wp:featuredmedia":[{"embeddable":true,"href":"https:\/\/riseblossom.com\/fr\/wp-json\/wp\/v2\/media\/409"}],"wp:attachment":[{"href":"https:\/\/riseblossom.com\/fr\/wp-json\/wp\/v2\/media?parent=366"}],"curies":[{"name":"wp","href":"https:\/\/api.w.org\/{rel}","templated":true}]}}