{"id":367,"date":"2024-05-31T12:37:15","date_gmt":"2024-05-31T16:37:15","guid":{"rendered":"https:\/\/riseblossom.com\/process-optimization-consulting\/"},"modified":"2024-11-08T13:13:40","modified_gmt":"2024-11-08T18:13:40","slug":"conseil-en-optimisation-des-processus","status":"publish","type":"page","link":"https:\/\/riseblossom.com\/fr\/services\/entreprises\/conseil-en-optimisation-des-processus\/","title":{"rendered":"Conseil en optimisation des processus"},"content":{"rendered":"<div class=\"wpb-content-wrapper\"><p>[vc_row gap=\u00a0\u00bb30&Prime;][vc_column]<div class=\"standard-arrow bullet-top\"><h3>Maximisez votre efficacit\u00e9 op\u00e9rationnelle gr\u00e2ce \u00e0 des conseils experts en optimisation des processus<\/h3>\n<p>Maximisez le potentiel de vos op\u00e9rations et am\u00e9liorez les performances de votre entreprise gr\u00e2ce \u00e0 notre consultation cibl\u00e9e en optimisation des processus. Nous nous concentrons sur l&rsquo;am\u00e9lioration de l&rsquo;efficacit\u00e9 et de la productivit\u00e9 dans tous les d\u00e9partements, garantissant ainsi une performance optimale.<\/p>\n<p>Voici comment nous pouvons transformer vos processus :<\/p>\n<ul>\n<li><strong>Analyse compl\u00e8te des processus<\/strong> : Plongez en profondeur dans vos flux de travail existants pour comprendre et documenter les processus actuels, en mettant en lumi\u00e8re l&rsquo;efficacit\u00e9 et les performances.<\/li>\n<li><strong>Identification des goulots d&rsquo;\u00e9tranglement<\/strong> : Rep\u00e9rez les goulots d&rsquo;\u00e9tranglement critiques et les domaines n\u00e9cessitant des am\u00e9liorations qui pourraient freiner vos op\u00e9rations et augmenter les co\u00fbts.<\/li>\n<li><strong>Solutions personnalis\u00e9es sur mesure<\/strong> : D\u00e9veloppez et impl\u00e9mentez des solutions sur mesure con\u00e7ues pour rationaliser les op\u00e9rations, r\u00e9duire le gaspillage et optimiser l&rsquo;allocation des ressources.<\/li>\n<\/ul>\n<\/div>[vc_column_text css=\u00a0\u00bb.vc_custom_1731074059255{padding-top: 30px !important;padding-right: 30px !important;padding-bottom: 30px !important;padding-left: 30px !important;background-color: #eff0f3 !important;}\u00a0\u00bb]<strong>\u00cates-vous pr\u00eat \u00e0 am\u00e9liorer vos performances op\u00e9rationnelles et \u00e0 atteindre une efficacit\u00e9 sup\u00e9rieure ? <\/strong><\/p>\n<p><a href=\"https:\/\/riseblossom.com\/fr\/contact\/\">Contactez-nous<\/a> d\u00e8s maintenant pour discuter de la fa\u00e7on dont notre consultation en optimisation des processus peut faire une diff\u00e9rence significative dans votre organisation.[\/vc_column_text][\/vc_column][\/vc_row]<\/p>\n<\/div>","protected":false},"excerpt":{"rendered":"<p>[vc_row gap=\u00a0\u00bb30&Prime;][vc_column][vc_column_text css=\u00a0\u00bb.vc_custom_1731074059255{padding-top: 30px !important;padding-right: 30px !important;padding-bottom: 30px !important;padding-left: 30px !important;background-color: #eff0f3 !important;}\u00a0\u00bb]\u00cates-vous pr\u00eat \u00e0 am\u00e9liorer vos performances op\u00e9rationnelles et \u00e0 atteindre une efficacit\u00e9 sup\u00e9rieure ? Contactez-nous d\u00e8s maintenant pour discuter de la fa\u00e7on dont notre consultation en optimisation des processus peut faire une diff\u00e9rence significative dans votre organisation.[\/vc_column_text][\/vc_column][\/vc_row]<\/p>\n","protected":false},"author":1,"featured_media":409,"parent":370,"menu_order":0,"comment_status":"closed","ping_status":"closed","template":"","meta":{"footnotes":""},"class_list":["post-367","page","type-page","status-publish","has-post-thumbnail","hentry","description-off"],"yoast_head":"<!-- This site is optimized with the Yoast SEO plugin v24.2 - https:\/\/yoast.com\/wordpress\/plugins\/seo\/ -->\n<title>Conseil en optimisation des processus - Rise &amp; Blossom<\/title>\n<meta name=\"description\" content=\"Lib\u00e9rez tout le potentiel de vos op\u00e9rations et am\u00e9liorez la performance de votre entreprise gr\u00e2ce \u00e0 notre conseil cibl\u00e9 en optimisation des processus.\" \/>\n<meta name=\"robots\" content=\"index, follow, max-snippet:-1, max-image-preview:large, max-video-preview:-1\" \/>\n<link rel=\"canonical\" href=\"https:\/\/riseblossom.com\/fr\/services\/entreprises\/conseil-en-optimisation-des-processus\/\" \/>\n<meta property=\"og:locale\" content=\"fr_FR\" \/>\n<meta property=\"og:type\" content=\"article\" \/>\n<meta property=\"og:title\" content=\"Conseil en optimisation des processus - Rise &amp; Blossom\" \/>\n<meta property=\"og:description\" content=\"Lib\u00e9rez tout le potentiel de vos op\u00e9rations et am\u00e9liorez la performance de votre entreprise gr\u00e2ce \u00e0 notre conseil cibl\u00e9 en optimisation des processus.\" \/>\n<meta property=\"og:url\" content=\"https:\/\/riseblossom.com\/fr\/services\/entreprises\/conseil-en-optimisation-des-processus\/\" \/>\n<meta property=\"og:site_name\" content=\"Rise &amp; Blossom\" \/>\n<meta property=\"article:modified_time\" content=\"2024-11-08T18:13:40+00:00\" \/>\n<meta property=\"og:image\" content=\"https:\/\/riseblossom.com\/wp-content\/uploads\/2024\/11\/Rise-Blossom-Featured-FR.jpg\" \/>\n\t<meta property=\"og:image:width\" content=\"1200\" \/>\n\t<meta property=\"og:image:height\" content=\"630\" \/>\n\t<meta property=\"og:image:type\" content=\"image\/jpeg\" \/>\n<meta name=\"twitter:card\" content=\"summary_large_image\" \/>\n<meta name=\"twitter:label1\" content=\"Dur\u00e9e de lecture estim\u00e9e\" \/>\n\t<meta name=\"twitter:data1\" content=\"2 minutes\" \/>\n<script type=\"application\/ld+json\" class=\"yoast-schema-graph\">{\"@context\":\"https:\/\/schema.org\",\"@graph\":[{\"@type\":\"WebPage\",\"@id\":\"https:\/\/riseblossom.com\/fr\/services\/entreprises\/conseil-en-optimisation-des-processus\/\",\"url\":\"https:\/\/riseblossom.com\/fr\/services\/entreprises\/conseil-en-optimisation-des-processus\/\",\"name\":\"Conseil en optimisation des processus - Rise &amp; Blossom\",\"isPartOf\":{\"@id\":\"https:\/\/riseblossom.com\/fr\/#website\"},\"primaryImageOfPage\":{\"@id\":\"https:\/\/riseblossom.com\/fr\/services\/entreprises\/conseil-en-optimisation-des-processus\/#primaryimage\"},\"image\":{\"@id\":\"https:\/\/riseblossom.com\/fr\/services\/entreprises\/conseil-en-optimisation-des-processus\/#primaryimage\"},\"thumbnailUrl\":\"https:\/\/riseblossom.com\/wp-content\/uploads\/2024\/11\/Rise-Blossom-Featured-FR.jpg\",\"datePublished\":\"2024-05-31T16:37:15+00:00\",\"dateModified\":\"2024-11-08T18:13:40+00:00\",\"description\":\"Lib\u00e9rez tout le potentiel de vos op\u00e9rations et am\u00e9liorez la performance de votre entreprise gr\u00e2ce \u00e0 notre conseil cibl\u00e9 en optimisation des processus.\",\"breadcrumb\":{\"@id\":\"https:\/\/riseblossom.com\/fr\/services\/entreprises\/conseil-en-optimisation-des-processus\/#breadcrumb\"},\"inLanguage\":\"fr-FR\",\"potentialAction\":[{\"@type\":\"ReadAction\",\"target\":[\"https:\/\/riseblossom.com\/fr\/services\/entreprises\/conseil-en-optimisation-des-processus\/\"]}]},{\"@type\":\"ImageObject\",\"inLanguage\":\"fr-FR\",\"@id\":\"https:\/\/riseblossom.com\/fr\/services\/entreprises\/conseil-en-optimisation-des-processus\/#primaryimage\",\"url\":\"https:\/\/riseblossom.com\/wp-content\/uploads\/2024\/11\/Rise-Blossom-Featured-FR.jpg\",\"contentUrl\":\"https:\/\/riseblossom.com\/wp-content\/uploads\/2024\/11\/Rise-Blossom-Featured-FR.jpg\",\"width\":1200,\"height\":630,\"caption\":\"\u00c9levez vos objectifs. Faites fleurir votre entreprise.\"},{\"@type\":\"BreadcrumbList\",\"@id\":\"https:\/\/riseblossom.com\/fr\/services\/entreprises\/conseil-en-optimisation-des-processus\/#breadcrumb\",\"itemListElement\":[{\"@type\":\"ListItem\",\"position\":1,\"name\":\"Home\",\"item\":\"https:\/\/riseblossom.com\/fr\/\"},{\"@type\":\"ListItem\",\"position\":2,\"name\":\"Services\",\"item\":\"https:\/\/riseblossom.com\/fr\/services\/\"},{\"@type\":\"ListItem\",\"position\":3,\"name\":\"Pour les entreprises\",\"item\":\"https:\/\/riseblossom.com\/fr\/services\/entreprises\/\"},{\"@type\":\"ListItem\",\"position\":4,\"name\":\"Conseil en optimisation des processus\"}]},{\"@type\":\"WebSite\",\"@id\":\"https:\/\/riseblossom.com\/fr\/#website\",\"url\":\"https:\/\/riseblossom.com\/fr\/\",\"name\":\"Rise & Blossom\",\"description\":\"Startup, strategy, and business model development coaching\",\"publisher\":{\"@id\":\"https:\/\/riseblossom.com\/fr\/#organization\"},\"potentialAction\":[{\"@type\":\"SearchAction\",\"target\":{\"@type\":\"EntryPoint\",\"urlTemplate\":\"https:\/\/riseblossom.com\/fr\/?s={search_term_string}\"},\"query-input\":{\"@type\":\"PropertyValueSpecification\",\"valueRequired\":true,\"valueName\":\"search_term_string\"}}],\"inLanguage\":\"fr-FR\"},{\"@type\":\"Organization\",\"@id\":\"https:\/\/riseblossom.com\/fr\/#organization\",\"name\":\"Rise & Blossom\",\"url\":\"https:\/\/riseblossom.com\/fr\/\",\"logo\":{\"@type\":\"ImageObject\",\"inLanguage\":\"fr-FR\",\"@id\":\"https:\/\/riseblossom.com\/fr\/#\/schema\/logo\/image\/\",\"url\":\"https:\/\/riseblossom.com\/wp-content\/uploads\/2024\/05\/Rise-Blossom-Logo-ret.png\",\"contentUrl\":\"https:\/\/riseblossom.com\/wp-content\/uploads\/2024\/05\/Rise-Blossom-Logo-ret.png\",\"width\":358,\"height\":160,\"caption\":\"Rise & Blossom\"},\"image\":{\"@id\":\"https:\/\/riseblossom.com\/fr\/#\/schema\/logo\/image\/\"},\"sameAs\":[\"https:\/\/www.linkedin.com\/in\/jacquelinekhayat\/\"]}]}<\/script>\n<!-- \/ Yoast SEO plugin. -->","yoast_head_json":{"title":"Conseil en optimisation des processus - Rise &amp; Blossom","description":"Lib\u00e9rez tout le potentiel de vos op\u00e9rations et am\u00e9liorez la performance de votre entreprise gr\u00e2ce \u00e0 notre conseil cibl\u00e9 en optimisation des processus.","robots":{"index":"index","follow":"follow","max-snippet":"max-snippet:-1","max-image-preview":"max-image-preview:large","max-video-preview":"max-video-preview:-1"},"canonical":"https:\/\/riseblossom.com\/fr\/services\/entreprises\/conseil-en-optimisation-des-processus\/","og_locale":"fr_FR","og_type":"article","og_title":"Conseil en optimisation des processus - Rise &amp; Blossom","og_description":"Lib\u00e9rez tout le potentiel de vos op\u00e9rations et am\u00e9liorez la performance de votre entreprise gr\u00e2ce \u00e0 notre conseil cibl\u00e9 en optimisation des processus.","og_url":"https:\/\/riseblossom.com\/fr\/services\/entreprises\/conseil-en-optimisation-des-processus\/","og_site_name":"Rise &amp; Blossom","article_modified_time":"2024-11-08T18:13:40+00:00","og_image":[{"width":1200,"height":630,"url":"https:\/\/riseblossom.com\/wp-content\/uploads\/2024\/11\/Rise-Blossom-Featured-FR.jpg","type":"image\/jpeg"}],"twitter_card":"summary_large_image","twitter_misc":{"Dur\u00e9e de lecture estim\u00e9e":"2 minutes"},"schema":{"@context":"https:\/\/schema.org","@graph":[{"@type":"WebPage","@id":"https:\/\/riseblossom.com\/fr\/services\/entreprises\/conseil-en-optimisation-des-processus\/","url":"https:\/\/riseblossom.com\/fr\/services\/entreprises\/conseil-en-optimisation-des-processus\/","name":"Conseil en optimisation des processus - Rise &amp; Blossom","isPartOf":{"@id":"https:\/\/riseblossom.com\/fr\/#website"},"primaryImageOfPage":{"@id":"https:\/\/riseblossom.com\/fr\/services\/entreprises\/conseil-en-optimisation-des-processus\/#primaryimage"},"image":{"@id":"https:\/\/riseblossom.com\/fr\/services\/entreprises\/conseil-en-optimisation-des-processus\/#primaryimage"},"thumbnailUrl":"https:\/\/riseblossom.com\/wp-content\/uploads\/2024\/11\/Rise-Blossom-Featured-FR.jpg","datePublished":"2024-05-31T16:37:15+00:00","dateModified":"2024-11-08T18:13:40+00:00","description":"Lib\u00e9rez tout le potentiel de vos op\u00e9rations et am\u00e9liorez la performance de votre entreprise gr\u00e2ce \u00e0 notre conseil cibl\u00e9 en optimisation des processus.","breadcrumb":{"@id":"https:\/\/riseblossom.com\/fr\/services\/entreprises\/conseil-en-optimisation-des-processus\/#breadcrumb"},"inLanguage":"fr-FR","potentialAction":[{"@type":"ReadAction","target":["https:\/\/riseblossom.com\/fr\/services\/entreprises\/conseil-en-optimisation-des-processus\/"]}]},{"@type":"ImageObject","inLanguage":"fr-FR","@id":"https:\/\/riseblossom.com\/fr\/services\/entreprises\/conseil-en-optimisation-des-processus\/#primaryimage","url":"https:\/\/riseblossom.com\/wp-content\/uploads\/2024\/11\/Rise-Blossom-Featured-FR.jpg","contentUrl":"https:\/\/riseblossom.com\/wp-content\/uploads\/2024\/11\/Rise-Blossom-Featured-FR.jpg","width":1200,"height":630,"caption":"\u00c9levez vos objectifs. Faites fleurir votre entreprise."},{"@type":"BreadcrumbList","@id":"https:\/\/riseblossom.com\/fr\/services\/entreprises\/conseil-en-optimisation-des-processus\/#breadcrumb","itemListElement":[{"@type":"ListItem","position":1,"name":"Home","item":"https:\/\/riseblossom.com\/fr\/"},{"@type":"ListItem","position":2,"name":"Services","item":"https:\/\/riseblossom.com\/fr\/services\/"},{"@type":"ListItem","position":3,"name":"Pour les entreprises","item":"https:\/\/riseblossom.com\/fr\/services\/entreprises\/"},{"@type":"ListItem","position":4,"name":"Conseil en optimisation des processus"}]},{"@type":"WebSite","@id":"https:\/\/riseblossom.com\/fr\/#website","url":"https:\/\/riseblossom.com\/fr\/","name":"Rise & Blossom","description":"Startup, strategy, and business model development coaching","publisher":{"@id":"https:\/\/riseblossom.com\/fr\/#organization"},"potentialAction":[{"@type":"SearchAction","target":{"@type":"EntryPoint","urlTemplate":"https:\/\/riseblossom.com\/fr\/?s={search_term_string}"},"query-input":{"@type":"PropertyValueSpecification","valueRequired":true,"valueName":"search_term_string"}}],"inLanguage":"fr-FR"},{"@type":"Organization","@id":"https:\/\/riseblossom.com\/fr\/#organization","name":"Rise & Blossom","url":"https:\/\/riseblossom.com\/fr\/","logo":{"@type":"ImageObject","inLanguage":"fr-FR","@id":"https:\/\/riseblossom.com\/fr\/#\/schema\/logo\/image\/","url":"https:\/\/riseblossom.com\/wp-content\/uploads\/2024\/05\/Rise-Blossom-Logo-ret.png","contentUrl":"https:\/\/riseblossom.com\/wp-content\/uploads\/2024\/05\/Rise-Blossom-Logo-ret.png","width":358,"height":160,"caption":"Rise & Blossom"},"image":{"@id":"https:\/\/riseblossom.com\/fr\/#\/schema\/logo\/image\/"},"sameAs":["https:\/\/www.linkedin.com\/in\/jacquelinekhayat\/"]}]}},"_links":{"self":[{"href":"https:\/\/riseblossom.com\/fr\/wp-json\/wp\/v2\/pages\/367","targetHints":{"allow":["GET"]}}],"collection":[{"href":"https:\/\/riseblossom.com\/fr\/wp-json\/wp\/v2\/pages"}],"about":[{"href":"https:\/\/riseblossom.com\/fr\/wp-json\/wp\/v2\/types\/page"}],"author":[{"embeddable":true,"href":"https:\/\/riseblossom.com\/fr\/wp-json\/wp\/v2\/users\/1"}],"replies":[{"embeddable":true,"href":"https:\/\/riseblossom.com\/fr\/wp-json\/wp\/v2\/comments?post=367"}],"version-history":[{"count":1,"href":"https:\/\/riseblossom.com\/fr\/wp-json\/wp\/v2\/pages\/367\/revisions"}],"predecessor-version":[{"id":389,"href":"https:\/\/riseblossom.com\/fr\/wp-json\/wp\/v2\/pages\/367\/revisions\/389"}],"up":[{"embeddable":true,"href":"https:\/\/riseblossom.com\/fr\/wp-json\/wp\/v2\/pages\/370"}],"wp:featuredmedia":[{"embeddable":true,"href":"https:\/\/riseblossom.com\/fr\/wp-json\/wp\/v2\/media\/409"}],"wp:attachment":[{"href":"https:\/\/riseblossom.com\/fr\/wp-json\/wp\/v2\/media?parent=367"}],"curies":[{"name":"wp","href":"https:\/\/api.w.org\/{rel}","templated":true}]}}