{"id":368,"date":"2024-05-31T10:36:33","date_gmt":"2024-05-31T14:36:33","guid":{"rendered":"https:\/\/riseblossom.com\/business-development-and-sales-enhancement\/"},"modified":"2024-11-08T13:15:52","modified_gmt":"2024-11-08T18:15:52","slug":"developpement-commercial-et-amelioration-des-ventes","status":"publish","type":"page","link":"https:\/\/riseblossom.com\/fr\/services\/entreprises\/developpement-commercial-et-amelioration-des-ventes\/","title":{"rendered":"D\u00e9veloppement commercial et am\u00e9lioration des ventes"},"content":{"rendered":"<div class=\"wpb-content-wrapper\"><p>[vc_row gap=\u00a0\u00bb30&Prime;][vc_column]<div class=\"standard-arrow bullet-top\"><h3>Acc\u00e9l\u00e9rez votre croissance gr\u00e2ce \u00e0 des experts en d\u00e9veloppement commercial et en am\u00e9lioration des ventes<\/h3>\n<p>\u00c9levez votre position sur le march\u00e9 et augmentez votre rentabilit\u00e9 gr\u00e2ce \u00e0 nos services complets de d\u00e9veloppement commercial et d&rsquo;am\u00e9lioration des ventes. Nous nous engageons \u00e0 renforcer votre entreprise gr\u00e2ce \u00e0\u00a0:<\/p>\n<ul>\n<li><strong>Processus et planification de vente strat\u00e9giques\u00a0: <\/strong>D\u00e9veloppez et affinez des strat\u00e9gies de vente qui s&rsquo;alignent sur vos objectifs commerciaux et maximisent la p\u00e9n\u00e9tration du march\u00e9.<\/li>\n<li><strong>Pr\u00e9paration de pr\u00e9sentations efficaces et outils de vente<\/strong> : \u00c9quipez votre \u00e9quipe des comp\u00e9tences et des outils n\u00e9cessaires pour des engagements clients convaincants qui se convertissent en ventes.<\/li>\n<li><strong>N\u00e9gociations de contrats et strat\u00e9gies d&rsquo;appel d&rsquo;offres (RFP)<\/strong> : Naviguez dans des n\u00e9gociations complexes et des processus d&rsquo;appel d&rsquo;offres pour obtenir des conditions favorables et remporter de gros contrats.<\/li>\n<li><strong>Expansion des march\u00e9s et export<\/strong> : Identifiez et exploitez de nouveaux march\u00e9s, tant au niveau national qu&rsquo;international, pour \u00e9largir votre client\u00e8le et diversifier vos sources de revenus.<\/li>\n<li><strong>Plans de marketing et communication int\u00e9gr\u00e9s<\/strong>: Cr\u00e9ez des strat\u00e9gies de marketing coh\u00e9rentes qui amplifient la pr\u00e9sence de votre marque et soutiennent vos efforts de vente.<\/li>\n<li><strong>D\u00e9veloppement organisationnel des \u00e9quipes de vente<\/strong> : Structurez ou r\u00e9organisez votre \u00e9quipe de vente pour une performance optimale, incluant le recrutement, la formation et le coaching continu.<\/li>\n<li><strong>Optimisation des processus pour une efficacit\u00e9 maximale<\/strong> : Rationalisez vos op\u00e9rations pour am\u00e9liorer la productivit\u00e9 des ventes et r\u00e9duire les co\u00fbts.<\/li>\n<\/ul>\n<\/div>[vc_column_text css=\u00a0\u00bb.vc_custom_1731073232492{padding-top: 30px !important;padding-right: 30px !important;padding-bottom: 30px !important;padding-left: 30px !important;background-color: #eff0f3 !important;}\u00a0\u00bb]<strong>Pr\u00eat \u00e0 transformer votre approche de vente et de d\u00e9veloppement commercial pour des r\u00e9sultats r\u00e9volutionnaires ?<\/strong><\/p>\n<p><a href=\"https:\/\/riseblossom.com\/fr\/contact\/\">Contactez-nous<\/a> d\u00e8s aujourd&rsquo;hui pour une consultation personnalis\u00e9e qui mettra votre entreprise sur la voie d\u2019une croissance dynamique.[\/vc_column_text][\/vc_column][\/vc_row]<\/p>\n<\/div>","protected":false},"excerpt":{"rendered":"<p>[vc_row gap=\u00a0\u00bb30&Prime;][vc_column][vc_column_text css=\u00a0\u00bb.vc_custom_1731073232492{padding-top: 30px !important;padding-right: 30px !important;padding-bottom: 30px !important;padding-left: 30px !important;background-color: #eff0f3 !important;}\u00a0\u00bb]Pr\u00eat \u00e0 transformer votre approche de vente et de d\u00e9veloppement commercial pour des r\u00e9sultats r\u00e9volutionnaires ? Contactez-nous d\u00e8s aujourd&rsquo;hui pour une consultation personnalis\u00e9e qui mettra votre entreprise sur la voie d\u2019une croissance dynamique.[\/vc_column_text][\/vc_column][\/vc_row]<\/p>\n","protected":false},"author":1,"featured_media":409,"parent":370,"menu_order":0,"comment_status":"closed","ping_status":"closed","template":"","meta":{"footnotes":""},"class_list":["post-368","page","type-page","status-publish","has-post-thumbnail","hentry","description-off"],"yoast_head":"<!-- This site is optimized with the Yoast SEO plugin v24.2 - https:\/\/yoast.com\/wordpress\/plugins\/seo\/ -->\n<title>D\u00e9veloppement commercial et am\u00e9lioration des ventes - Rise &amp; Blossom<\/title>\n<meta name=\"description\" content=\"\u00c9levez votre position sur le march\u00e9 et augmentez votre rentabilit\u00e9 gr\u00e2ce \u00e0 nos services complets de d\u00e9veloppement des affaires et d&#039;am\u00e9lioration des ventes.\" \/>\n<meta name=\"robots\" content=\"index, follow, max-snippet:-1, max-image-preview:large, max-video-preview:-1\" \/>\n<link rel=\"canonical\" href=\"https:\/\/riseblossom.com\/fr\/services\/entreprises\/developpement-commercial-et-amelioration-des-ventes\/\" \/>\n<meta property=\"og:locale\" content=\"fr_FR\" \/>\n<meta property=\"og:type\" content=\"article\" \/>\n<meta property=\"og:title\" content=\"D\u00e9veloppement commercial et am\u00e9lioration des ventes - Rise &amp; Blossom\" \/>\n<meta property=\"og:description\" content=\"\u00c9levez votre position sur le march\u00e9 et augmentez votre rentabilit\u00e9 gr\u00e2ce \u00e0 nos services complets de d\u00e9veloppement des affaires et d&#039;am\u00e9lioration des ventes.\" \/>\n<meta property=\"og:url\" content=\"https:\/\/riseblossom.com\/fr\/services\/entreprises\/developpement-commercial-et-amelioration-des-ventes\/\" \/>\n<meta property=\"og:site_name\" content=\"Rise &amp; Blossom\" \/>\n<meta property=\"article:modified_time\" content=\"2024-11-08T18:15:52+00:00\" \/>\n<meta property=\"og:image\" content=\"https:\/\/riseblossom.com\/wp-content\/uploads\/2024\/11\/Rise-Blossom-Featured-FR.jpg\" \/>\n\t<meta property=\"og:image:width\" content=\"1200\" \/>\n\t<meta property=\"og:image:height\" content=\"630\" \/>\n\t<meta property=\"og:image:type\" content=\"image\/jpeg\" \/>\n<meta name=\"twitter:card\" content=\"summary_large_image\" \/>\n<meta name=\"twitter:label1\" content=\"Dur\u00e9e de lecture estim\u00e9e\" \/>\n\t<meta name=\"twitter:data1\" content=\"2 minutes\" \/>\n<script type=\"application\/ld+json\" class=\"yoast-schema-graph\">{\"@context\":\"https:\/\/schema.org\",\"@graph\":[{\"@type\":\"WebPage\",\"@id\":\"https:\/\/riseblossom.com\/fr\/services\/entreprises\/developpement-commercial-et-amelioration-des-ventes\/\",\"url\":\"https:\/\/riseblossom.com\/fr\/services\/entreprises\/developpement-commercial-et-amelioration-des-ventes\/\",\"name\":\"D\u00e9veloppement commercial et am\u00e9lioration des ventes - Rise &amp; Blossom\",\"isPartOf\":{\"@id\":\"https:\/\/riseblossom.com\/fr\/#website\"},\"primaryImageOfPage\":{\"@id\":\"https:\/\/riseblossom.com\/fr\/services\/entreprises\/developpement-commercial-et-amelioration-des-ventes\/#primaryimage\"},\"image\":{\"@id\":\"https:\/\/riseblossom.com\/fr\/services\/entreprises\/developpement-commercial-et-amelioration-des-ventes\/#primaryimage\"},\"thumbnailUrl\":\"https:\/\/riseblossom.com\/wp-content\/uploads\/2024\/11\/Rise-Blossom-Featured-FR.jpg\",\"datePublished\":\"2024-05-31T14:36:33+00:00\",\"dateModified\":\"2024-11-08T18:15:52+00:00\",\"description\":\"\u00c9levez votre position sur le march\u00e9 et augmentez votre rentabilit\u00e9 gr\u00e2ce \u00e0 nos services complets de d\u00e9veloppement des affaires et d'am\u00e9lioration des ventes.\",\"breadcrumb\":{\"@id\":\"https:\/\/riseblossom.com\/fr\/services\/entreprises\/developpement-commercial-et-amelioration-des-ventes\/#breadcrumb\"},\"inLanguage\":\"fr-FR\",\"potentialAction\":[{\"@type\":\"ReadAction\",\"target\":[\"https:\/\/riseblossom.com\/fr\/services\/entreprises\/developpement-commercial-et-amelioration-des-ventes\/\"]}]},{\"@type\":\"ImageObject\",\"inLanguage\":\"fr-FR\",\"@id\":\"https:\/\/riseblossom.com\/fr\/services\/entreprises\/developpement-commercial-et-amelioration-des-ventes\/#primaryimage\",\"url\":\"https:\/\/riseblossom.com\/wp-content\/uploads\/2024\/11\/Rise-Blossom-Featured-FR.jpg\",\"contentUrl\":\"https:\/\/riseblossom.com\/wp-content\/uploads\/2024\/11\/Rise-Blossom-Featured-FR.jpg\",\"width\":1200,\"height\":630,\"caption\":\"\u00c9levez vos objectifs. Faites fleurir votre entreprise.\"},{\"@type\":\"BreadcrumbList\",\"@id\":\"https:\/\/riseblossom.com\/fr\/services\/entreprises\/developpement-commercial-et-amelioration-des-ventes\/#breadcrumb\",\"itemListElement\":[{\"@type\":\"ListItem\",\"position\":1,\"name\":\"Home\",\"item\":\"https:\/\/riseblossom.com\/fr\/\"},{\"@type\":\"ListItem\",\"position\":2,\"name\":\"Services\",\"item\":\"https:\/\/riseblossom.com\/fr\/services\/\"},{\"@type\":\"ListItem\",\"position\":3,\"name\":\"Pour les entreprises\",\"item\":\"https:\/\/riseblossom.com\/fr\/services\/entreprises\/\"},{\"@type\":\"ListItem\",\"position\":4,\"name\":\"D\u00e9veloppement commercial et am\u00e9lioration des ventes\"}]},{\"@type\":\"WebSite\",\"@id\":\"https:\/\/riseblossom.com\/fr\/#website\",\"url\":\"https:\/\/riseblossom.com\/fr\/\",\"name\":\"Rise & Blossom\",\"description\":\"Startup, strategy, and business model development coaching\",\"publisher\":{\"@id\":\"https:\/\/riseblossom.com\/fr\/#organization\"},\"potentialAction\":[{\"@type\":\"SearchAction\",\"target\":{\"@type\":\"EntryPoint\",\"urlTemplate\":\"https:\/\/riseblossom.com\/fr\/?s={search_term_string}\"},\"query-input\":{\"@type\":\"PropertyValueSpecification\",\"valueRequired\":true,\"valueName\":\"search_term_string\"}}],\"inLanguage\":\"fr-FR\"},{\"@type\":\"Organization\",\"@id\":\"https:\/\/riseblossom.com\/fr\/#organization\",\"name\":\"Rise & Blossom\",\"url\":\"https:\/\/riseblossom.com\/fr\/\",\"logo\":{\"@type\":\"ImageObject\",\"inLanguage\":\"fr-FR\",\"@id\":\"https:\/\/riseblossom.com\/fr\/#\/schema\/logo\/image\/\",\"url\":\"https:\/\/riseblossom.com\/wp-content\/uploads\/2024\/05\/Rise-Blossom-Logo-ret.png\",\"contentUrl\":\"https:\/\/riseblossom.com\/wp-content\/uploads\/2024\/05\/Rise-Blossom-Logo-ret.png\",\"width\":358,\"height\":160,\"caption\":\"Rise & Blossom\"},\"image\":{\"@id\":\"https:\/\/riseblossom.com\/fr\/#\/schema\/logo\/image\/\"},\"sameAs\":[\"https:\/\/www.linkedin.com\/in\/jacquelinekhayat\/\"]}]}<\/script>\n<!-- \/ Yoast SEO plugin. -->","yoast_head_json":{"title":"D\u00e9veloppement commercial et am\u00e9lioration des ventes - Rise &amp; Blossom","description":"\u00c9levez votre position sur le march\u00e9 et augmentez votre rentabilit\u00e9 gr\u00e2ce \u00e0 nos services complets de d\u00e9veloppement des affaires et d'am\u00e9lioration des ventes.","robots":{"index":"index","follow":"follow","max-snippet":"max-snippet:-1","max-image-preview":"max-image-preview:large","max-video-preview":"max-video-preview:-1"},"canonical":"https:\/\/riseblossom.com\/fr\/services\/entreprises\/developpement-commercial-et-amelioration-des-ventes\/","og_locale":"fr_FR","og_type":"article","og_title":"D\u00e9veloppement commercial et am\u00e9lioration des ventes - Rise &amp; Blossom","og_description":"\u00c9levez votre position sur le march\u00e9 et augmentez votre rentabilit\u00e9 gr\u00e2ce \u00e0 nos services complets de d\u00e9veloppement des affaires et d'am\u00e9lioration des ventes.","og_url":"https:\/\/riseblossom.com\/fr\/services\/entreprises\/developpement-commercial-et-amelioration-des-ventes\/","og_site_name":"Rise &amp; Blossom","article_modified_time":"2024-11-08T18:15:52+00:00","og_image":[{"width":1200,"height":630,"url":"https:\/\/riseblossom.com\/wp-content\/uploads\/2024\/11\/Rise-Blossom-Featured-FR.jpg","type":"image\/jpeg"}],"twitter_card":"summary_large_image","twitter_misc":{"Dur\u00e9e de lecture estim\u00e9e":"2 minutes"},"schema":{"@context":"https:\/\/schema.org","@graph":[{"@type":"WebPage","@id":"https:\/\/riseblossom.com\/fr\/services\/entreprises\/developpement-commercial-et-amelioration-des-ventes\/","url":"https:\/\/riseblossom.com\/fr\/services\/entreprises\/developpement-commercial-et-amelioration-des-ventes\/","name":"D\u00e9veloppement commercial et am\u00e9lioration des ventes - Rise &amp; Blossom","isPartOf":{"@id":"https:\/\/riseblossom.com\/fr\/#website"},"primaryImageOfPage":{"@id":"https:\/\/riseblossom.com\/fr\/services\/entreprises\/developpement-commercial-et-amelioration-des-ventes\/#primaryimage"},"image":{"@id":"https:\/\/riseblossom.com\/fr\/services\/entreprises\/developpement-commercial-et-amelioration-des-ventes\/#primaryimage"},"thumbnailUrl":"https:\/\/riseblossom.com\/wp-content\/uploads\/2024\/11\/Rise-Blossom-Featured-FR.jpg","datePublished":"2024-05-31T14:36:33+00:00","dateModified":"2024-11-08T18:15:52+00:00","description":"\u00c9levez votre position sur le march\u00e9 et augmentez votre rentabilit\u00e9 gr\u00e2ce \u00e0 nos services complets de d\u00e9veloppement des affaires et d'am\u00e9lioration des ventes.","breadcrumb":{"@id":"https:\/\/riseblossom.com\/fr\/services\/entreprises\/developpement-commercial-et-amelioration-des-ventes\/#breadcrumb"},"inLanguage":"fr-FR","potentialAction":[{"@type":"ReadAction","target":["https:\/\/riseblossom.com\/fr\/services\/entreprises\/developpement-commercial-et-amelioration-des-ventes\/"]}]},{"@type":"ImageObject","inLanguage":"fr-FR","@id":"https:\/\/riseblossom.com\/fr\/services\/entreprises\/developpement-commercial-et-amelioration-des-ventes\/#primaryimage","url":"https:\/\/riseblossom.com\/wp-content\/uploads\/2024\/11\/Rise-Blossom-Featured-FR.jpg","contentUrl":"https:\/\/riseblossom.com\/wp-content\/uploads\/2024\/11\/Rise-Blossom-Featured-FR.jpg","width":1200,"height":630,"caption":"\u00c9levez vos objectifs. Faites fleurir votre entreprise."},{"@type":"BreadcrumbList","@id":"https:\/\/riseblossom.com\/fr\/services\/entreprises\/developpement-commercial-et-amelioration-des-ventes\/#breadcrumb","itemListElement":[{"@type":"ListItem","position":1,"name":"Home","item":"https:\/\/riseblossom.com\/fr\/"},{"@type":"ListItem","position":2,"name":"Services","item":"https:\/\/riseblossom.com\/fr\/services\/"},{"@type":"ListItem","position":3,"name":"Pour les entreprises","item":"https:\/\/riseblossom.com\/fr\/services\/entreprises\/"},{"@type":"ListItem","position":4,"name":"D\u00e9veloppement commercial et am\u00e9lioration des ventes"}]},{"@type":"WebSite","@id":"https:\/\/riseblossom.com\/fr\/#website","url":"https:\/\/riseblossom.com\/fr\/","name":"Rise & Blossom","description":"Startup, strategy, and business model development coaching","publisher":{"@id":"https:\/\/riseblossom.com\/fr\/#organization"},"potentialAction":[{"@type":"SearchAction","target":{"@type":"EntryPoint","urlTemplate":"https:\/\/riseblossom.com\/fr\/?s={search_term_string}"},"query-input":{"@type":"PropertyValueSpecification","valueRequired":true,"valueName":"search_term_string"}}],"inLanguage":"fr-FR"},{"@type":"Organization","@id":"https:\/\/riseblossom.com\/fr\/#organization","name":"Rise & Blossom","url":"https:\/\/riseblossom.com\/fr\/","logo":{"@type":"ImageObject","inLanguage":"fr-FR","@id":"https:\/\/riseblossom.com\/fr\/#\/schema\/logo\/image\/","url":"https:\/\/riseblossom.com\/wp-content\/uploads\/2024\/05\/Rise-Blossom-Logo-ret.png","contentUrl":"https:\/\/riseblossom.com\/wp-content\/uploads\/2024\/05\/Rise-Blossom-Logo-ret.png","width":358,"height":160,"caption":"Rise & Blossom"},"image":{"@id":"https:\/\/riseblossom.com\/fr\/#\/schema\/logo\/image\/"},"sameAs":["https:\/\/www.linkedin.com\/in\/jacquelinekhayat\/"]}]}},"_links":{"self":[{"href":"https:\/\/riseblossom.com\/fr\/wp-json\/wp\/v2\/pages\/368","targetHints":{"allow":["GET"]}}],"collection":[{"href":"https:\/\/riseblossom.com\/fr\/wp-json\/wp\/v2\/pages"}],"about":[{"href":"https:\/\/riseblossom.com\/fr\/wp-json\/wp\/v2\/types\/page"}],"author":[{"embeddable":true,"href":"https:\/\/riseblossom.com\/fr\/wp-json\/wp\/v2\/users\/1"}],"replies":[{"embeddable":true,"href":"https:\/\/riseblossom.com\/fr\/wp-json\/wp\/v2\/comments?post=368"}],"version-history":[{"count":2,"href":"https:\/\/riseblossom.com\/fr\/wp-json\/wp\/v2\/pages\/368\/revisions"}],"predecessor-version":[{"id":391,"href":"https:\/\/riseblossom.com\/fr\/wp-json\/wp\/v2\/pages\/368\/revisions\/391"}],"up":[{"embeddable":true,"href":"https:\/\/riseblossom.com\/fr\/wp-json\/wp\/v2\/pages\/370"}],"wp:featuredmedia":[{"embeddable":true,"href":"https:\/\/riseblossom.com\/fr\/wp-json\/wp\/v2\/media\/409"}],"wp:attachment":[{"href":"https:\/\/riseblossom.com\/fr\/wp-json\/wp\/v2\/media?parent=368"}],"curies":[{"name":"wp","href":"https:\/\/api.w.org\/{rel}","templated":true}]}}