{"id":373,"date":"2024-04-07T14:29:34","date_gmt":"2024-04-07T18:29:34","guid":{"rendered":"https:\/\/riseblossom.com\/privacy-policy\/"},"modified":"2024-11-08T12:51:47","modified_gmt":"2024-11-08T17:51:47","slug":"politique-de-confidentialite","status":"publish","type":"page","link":"https:\/\/riseblossom.com\/fr\/politique-de-confidentialite\/","title":{"rendered":"Politique de confidentialit\u00e9"},"content":{"rendered":"\r\n<p>Cette Politique de confidentialit\u00e9 d\u00e9crit comment Rise &amp; Blossom (\u00ab nous \u00bb, \u00ab notre \u00bb ou \u00ab nos \u00bb) collecte, utilise et divulgue les informations lorsque vous utilisez notre site web riseblossom.com (le \u00ab Site \u00bb).<\/p>\r\n<div class=\"group\/conversation-turn relative flex w-full min-w-0 flex-col agent-turn\">\r\n<div class=\"flex-col gap-1 md:gap-3\">\r\n<div class=\"flex max-w-full flex-col flex-grow\">\r\n<div class=\"min-h-8 text-message flex w-full flex-col items-end gap-2 whitespace-normal break-words [.text-message+&amp;]:mt-5\" dir=\"auto\" data-message-author-role=\"assistant\" data-message-id=\"bccf0e16-3d2e-4dc0-a489-2e6e62ddd335\" data-message-model-slug=\"gpt-4o\">\r\n<div class=\"flex w-full flex-col gap-1 empty:hidden first:pt-[3px]\">\r\n<div class=\"markdown prose w-full break-words dark:prose-invert dark\">\r\n<p><strong>Informations que nous ne recueillons pas :<\/strong><\/p>\r\n<p>Nous ne recueillons aucune information personnelle identifiable (PII) lorsque vous visitez notre site web. Les informations personnelles identifiables incluent des donn\u00e9es telles que votre nom, votre adresse, votre num\u00e9ro de t\u00e9l\u00e9phone ou votre adresse courriel.<\/p>\r\n<p><strong>Cookies :<\/strong><\/p>\r\n<p>Ce site n\u2019enregistre aucun fichier \u00ab cookie \u00bb permanent sur le disque dur des visiteurs, mais seulement un fichier cookie temporaire requis pour am\u00e9liorer la performance de certaines fonctionnalit\u00e9s du site.<\/p>\r\n<p><strong>Informations \u00e9chang\u00e9es automatiquement :<\/strong><\/p>\r\n<p>Lorsque vous acc\u00e9dez \u00e0 notre site web, votre ordinateur et le serveur du site \u00e9changent automatiquement des informations. Cette communication est n\u00e9cessaire pour que le serveur puisse transmettre un fichier compatible avec l\u2019\u00e9quipement informatique que vous utilisez. Les informations \u00e9chang\u00e9es incluent :<\/p>\r\n<ul>\r\n<li>le nom de domaine de votre fournisseur d\u2019acc\u00e8s Internet ;<\/li>\r\n<li>votre adresse IP, un num\u00e9ro unique attribu\u00e9 \u00e0 votre ordinateur lorsqu\u2019il est connect\u00e9 \u00e0 Internet ;<\/li>\r\n<li>le type de navigateur (Chrome, Firefox, etc.) et le syst\u00e8me d\u2019exploitation (Windows, Mac OS, etc.) utilis\u00e9s ;<\/li>\r\n<li>la date et l\u2019heure de la visite ;<\/li>\r\n<li>les pages visit\u00e9es ;<\/li>\r\n<li>l\u2019adresse du site r\u00e9f\u00e9rent si vous acc\u00e9dez \u00e0 notre site depuis un autre site.<\/li>\r\n<\/ul>\r\n<p>Ces informations sont conserv\u00e9es et utilis\u00e9es \u00e0 des fins techniques et statistiques. Elles servent \u00e0 comptabiliser le nombre de visites, les pages les plus consult\u00e9es, la technologie utilis\u00e9e par les visiteurs, les sites r\u00e9f\u00e9rents, et le pays d\u2019origine des visiteurs.<\/p>\r\n<p><strong>Liens vers des sites tiers :<\/strong><\/p>\r\n<p>Notre site web peut contenir des liens vers des sites web tiers. Veuillez noter que nous n\u2019avons aucun contr\u00f4le sur les pratiques de confidentialit\u00e9 de ces sites. Nous vous encourageons \u00e0 consulter les politiques de confidentialit\u00e9 de chaque site que vous visitez.<\/p>\r\n<p>En utilisant notre site web, vous consentez aux termes de cette Politique de confidentialit\u00e9.<\/p>\r\n<p><strong>Coordonn\u00e9es :<\/strong><\/p>\r\n<p>La personne responsable de l\u2019application de la Loi sur la protection des renseignements personnels dans le secteur priv\u00e9 est \u00e9galement charg\u00e9e de veiller au respect de cette politique. Si vous avez des commentaires ou des plaintes concernant la non-conformit\u00e9 \u00e0 cette politique, veuillez contacter :<\/p>\r\n<p>Jackie Khayat<br \/>Pr\u00e9sidente<\/p>\r\n<\/div>\r\n<\/div>\r\n<\/div>\r\n<\/div>\r\n<\/div>\r\n<\/div>\r\n<p><a href=\"mailto:info@riseblossom.com\" target=\"_blank\" rel=\"noopener\">info@riseblossom.com<\/a><\/p>","protected":false},"excerpt":{"rendered":"<p>Cette Politique de confidentialit\u00e9 d\u00e9crit comment Rise &amp; Blossom (\u00ab nous \u00bb, \u00ab notre \u00bb ou \u00ab nos \u00bb) collecte, utilise et divulgue les informations lorsque vous utilisez notre site web riseblossom.com (le \u00ab Site \u00bb). Informations que nous ne recueillons pas : Nous ne recueillons aucune information personnelle identifiable (PII) lorsque vous visitez notre&hellip;<\/p>\n","protected":false},"author":1,"featured_media":409,"parent":0,"menu_order":0,"comment_status":"closed","ping_status":"closed","template":"","meta":{"footnotes":""},"class_list":["post-373","page","type-page","status-publish","has-post-thumbnail","hentry","description-off"],"yoast_head":"<!-- This site is optimized with the Yoast SEO plugin v24.2 - https:\/\/yoast.com\/wordpress\/plugins\/seo\/ -->\n<title>Politique de confidentialit\u00e9 - Rise &amp; Blossom<\/title>\n<meta name=\"description\" content=\"Cette politique de confidentialit\u00e9 d\u00e9crit comment Rise &amp; Blossom collecte, utilise et divulgue des informations lorsque vous utilisez notre site web riseblossom.com.\" \/>\n<meta name=\"robots\" content=\"index, follow, max-snippet:-1, max-image-preview:large, max-video-preview:-1\" \/>\n<link rel=\"canonical\" href=\"https:\/\/riseblossom.com\/fr\/politique-de-confidentialite\/\" \/>\n<meta property=\"og:locale\" content=\"fr_FR\" \/>\n<meta property=\"og:type\" content=\"article\" \/>\n<meta property=\"og:title\" content=\"Politique de confidentialit\u00e9 - Rise &amp; Blossom\" \/>\n<meta property=\"og:description\" content=\"Cette politique de confidentialit\u00e9 d\u00e9crit comment Rise &amp; Blossom collecte, utilise et divulgue des informations lorsque vous utilisez notre site web riseblossom.com.\" \/>\n<meta property=\"og:url\" content=\"https:\/\/riseblossom.com\/fr\/politique-de-confidentialite\/\" \/>\n<meta property=\"og:site_name\" content=\"Rise &amp; Blossom\" \/>\n<meta property=\"article:modified_time\" content=\"2024-11-08T17:51:47+00:00\" \/>\n<meta property=\"og:image\" content=\"https:\/\/riseblossom.com\/wp-content\/uploads\/2024\/11\/Rise-Blossom-Featured-FR.jpg\" \/>\n\t<meta property=\"og:image:width\" content=\"1200\" \/>\n\t<meta property=\"og:image:height\" content=\"630\" \/>\n\t<meta property=\"og:image:type\" content=\"image\/jpeg\" \/>\n<meta name=\"twitter:card\" content=\"summary_large_image\" \/>\n<meta name=\"twitter:label1\" content=\"Dur\u00e9e de lecture estim\u00e9e\" \/>\n\t<meta name=\"twitter:data1\" content=\"2 minutes\" \/>\n<script type=\"application\/ld+json\" class=\"yoast-schema-graph\">{\"@context\":\"https:\/\/schema.org\",\"@graph\":[{\"@type\":\"WebPage\",\"@id\":\"https:\/\/riseblossom.com\/fr\/politique-de-confidentialite\/\",\"url\":\"https:\/\/riseblossom.com\/fr\/politique-de-confidentialite\/\",\"name\":\"Politique de confidentialit\u00e9 - Rise &amp; Blossom\",\"isPartOf\":{\"@id\":\"https:\/\/riseblossom.com\/fr\/#website\"},\"primaryImageOfPage\":{\"@id\":\"https:\/\/riseblossom.com\/fr\/politique-de-confidentialite\/#primaryimage\"},\"image\":{\"@id\":\"https:\/\/riseblossom.com\/fr\/politique-de-confidentialite\/#primaryimage\"},\"thumbnailUrl\":\"https:\/\/riseblossom.com\/wp-content\/uploads\/2024\/11\/Rise-Blossom-Featured-FR.jpg\",\"datePublished\":\"2024-04-07T18:29:34+00:00\",\"dateModified\":\"2024-11-08T17:51:47+00:00\",\"description\":\"Cette politique de confidentialit\u00e9 d\u00e9crit comment Rise & Blossom collecte, utilise et divulgue des informations lorsque vous utilisez notre site web riseblossom.com.\",\"breadcrumb\":{\"@id\":\"https:\/\/riseblossom.com\/fr\/politique-de-confidentialite\/#breadcrumb\"},\"inLanguage\":\"fr-FR\",\"potentialAction\":[{\"@type\":\"ReadAction\",\"target\":[\"https:\/\/riseblossom.com\/fr\/politique-de-confidentialite\/\"]}]},{\"@type\":\"ImageObject\",\"inLanguage\":\"fr-FR\",\"@id\":\"https:\/\/riseblossom.com\/fr\/politique-de-confidentialite\/#primaryimage\",\"url\":\"https:\/\/riseblossom.com\/wp-content\/uploads\/2024\/11\/Rise-Blossom-Featured-FR.jpg\",\"contentUrl\":\"https:\/\/riseblossom.com\/wp-content\/uploads\/2024\/11\/Rise-Blossom-Featured-FR.jpg\",\"width\":1200,\"height\":630,\"caption\":\"\u00c9levez vos objectifs. Faites fleurir votre entreprise.\"},{\"@type\":\"BreadcrumbList\",\"@id\":\"https:\/\/riseblossom.com\/fr\/politique-de-confidentialite\/#breadcrumb\",\"itemListElement\":[{\"@type\":\"ListItem\",\"position\":1,\"name\":\"Home\",\"item\":\"https:\/\/riseblossom.com\/fr\/\"},{\"@type\":\"ListItem\",\"position\":2,\"name\":\"Politique de confidentialit\u00e9\"}]},{\"@type\":\"WebSite\",\"@id\":\"https:\/\/riseblossom.com\/fr\/#website\",\"url\":\"https:\/\/riseblossom.com\/fr\/\",\"name\":\"Rise & Blossom\",\"description\":\"Startup, strategy, and business model development coaching\",\"publisher\":{\"@id\":\"https:\/\/riseblossom.com\/fr\/#organization\"},\"potentialAction\":[{\"@type\":\"SearchAction\",\"target\":{\"@type\":\"EntryPoint\",\"urlTemplate\":\"https:\/\/riseblossom.com\/fr\/?s={search_term_string}\"},\"query-input\":{\"@type\":\"PropertyValueSpecification\",\"valueRequired\":true,\"valueName\":\"search_term_string\"}}],\"inLanguage\":\"fr-FR\"},{\"@type\":\"Organization\",\"@id\":\"https:\/\/riseblossom.com\/fr\/#organization\",\"name\":\"Rise & Blossom\",\"url\":\"https:\/\/riseblossom.com\/fr\/\",\"logo\":{\"@type\":\"ImageObject\",\"inLanguage\":\"fr-FR\",\"@id\":\"https:\/\/riseblossom.com\/fr\/#\/schema\/logo\/image\/\",\"url\":\"https:\/\/riseblossom.com\/wp-content\/uploads\/2024\/05\/Rise-Blossom-Logo-ret.png\",\"contentUrl\":\"https:\/\/riseblossom.com\/wp-content\/uploads\/2024\/05\/Rise-Blossom-Logo-ret.png\",\"width\":358,\"height\":160,\"caption\":\"Rise & Blossom\"},\"image\":{\"@id\":\"https:\/\/riseblossom.com\/fr\/#\/schema\/logo\/image\/\"},\"sameAs\":[\"https:\/\/www.linkedin.com\/in\/jacquelinekhayat\/\"]}]}<\/script>\n<!-- \/ Yoast SEO plugin. -->","yoast_head_json":{"title":"Politique de confidentialit\u00e9 - Rise &amp; Blossom","description":"Cette politique de confidentialit\u00e9 d\u00e9crit comment Rise & Blossom collecte, utilise et divulgue des informations lorsque vous utilisez notre site web riseblossom.com.","robots":{"index":"index","follow":"follow","max-snippet":"max-snippet:-1","max-image-preview":"max-image-preview:large","max-video-preview":"max-video-preview:-1"},"canonical":"https:\/\/riseblossom.com\/fr\/politique-de-confidentialite\/","og_locale":"fr_FR","og_type":"article","og_title":"Politique de confidentialit\u00e9 - Rise &amp; Blossom","og_description":"Cette politique de confidentialit\u00e9 d\u00e9crit comment Rise & Blossom collecte, utilise et divulgue des informations lorsque vous utilisez notre site web riseblossom.com.","og_url":"https:\/\/riseblossom.com\/fr\/politique-de-confidentialite\/","og_site_name":"Rise &amp; Blossom","article_modified_time":"2024-11-08T17:51:47+00:00","og_image":[{"width":1200,"height":630,"url":"https:\/\/riseblossom.com\/wp-content\/uploads\/2024\/11\/Rise-Blossom-Featured-FR.jpg","type":"image\/jpeg"}],"twitter_card":"summary_large_image","twitter_misc":{"Dur\u00e9e de lecture estim\u00e9e":"2 minutes"},"schema":{"@context":"https:\/\/schema.org","@graph":[{"@type":"WebPage","@id":"https:\/\/riseblossom.com\/fr\/politique-de-confidentialite\/","url":"https:\/\/riseblossom.com\/fr\/politique-de-confidentialite\/","name":"Politique de confidentialit\u00e9 - Rise &amp; Blossom","isPartOf":{"@id":"https:\/\/riseblossom.com\/fr\/#website"},"primaryImageOfPage":{"@id":"https:\/\/riseblossom.com\/fr\/politique-de-confidentialite\/#primaryimage"},"image":{"@id":"https:\/\/riseblossom.com\/fr\/politique-de-confidentialite\/#primaryimage"},"thumbnailUrl":"https:\/\/riseblossom.com\/wp-content\/uploads\/2024\/11\/Rise-Blossom-Featured-FR.jpg","datePublished":"2024-04-07T18:29:34+00:00","dateModified":"2024-11-08T17:51:47+00:00","description":"Cette politique de confidentialit\u00e9 d\u00e9crit comment Rise & Blossom collecte, utilise et divulgue des informations lorsque vous utilisez notre site web riseblossom.com.","breadcrumb":{"@id":"https:\/\/riseblossom.com\/fr\/politique-de-confidentialite\/#breadcrumb"},"inLanguage":"fr-FR","potentialAction":[{"@type":"ReadAction","target":["https:\/\/riseblossom.com\/fr\/politique-de-confidentialite\/"]}]},{"@type":"ImageObject","inLanguage":"fr-FR","@id":"https:\/\/riseblossom.com\/fr\/politique-de-confidentialite\/#primaryimage","url":"https:\/\/riseblossom.com\/wp-content\/uploads\/2024\/11\/Rise-Blossom-Featured-FR.jpg","contentUrl":"https:\/\/riseblossom.com\/wp-content\/uploads\/2024\/11\/Rise-Blossom-Featured-FR.jpg","width":1200,"height":630,"caption":"\u00c9levez vos objectifs. Faites fleurir votre entreprise."},{"@type":"BreadcrumbList","@id":"https:\/\/riseblossom.com\/fr\/politique-de-confidentialite\/#breadcrumb","itemListElement":[{"@type":"ListItem","position":1,"name":"Home","item":"https:\/\/riseblossom.com\/fr\/"},{"@type":"ListItem","position":2,"name":"Politique de confidentialit\u00e9"}]},{"@type":"WebSite","@id":"https:\/\/riseblossom.com\/fr\/#website","url":"https:\/\/riseblossom.com\/fr\/","name":"Rise & Blossom","description":"Startup, strategy, and business model development coaching","publisher":{"@id":"https:\/\/riseblossom.com\/fr\/#organization"},"potentialAction":[{"@type":"SearchAction","target":{"@type":"EntryPoint","urlTemplate":"https:\/\/riseblossom.com\/fr\/?s={search_term_string}"},"query-input":{"@type":"PropertyValueSpecification","valueRequired":true,"valueName":"search_term_string"}}],"inLanguage":"fr-FR"},{"@type":"Organization","@id":"https:\/\/riseblossom.com\/fr\/#organization","name":"Rise & Blossom","url":"https:\/\/riseblossom.com\/fr\/","logo":{"@type":"ImageObject","inLanguage":"fr-FR","@id":"https:\/\/riseblossom.com\/fr\/#\/schema\/logo\/image\/","url":"https:\/\/riseblossom.com\/wp-content\/uploads\/2024\/05\/Rise-Blossom-Logo-ret.png","contentUrl":"https:\/\/riseblossom.com\/wp-content\/uploads\/2024\/05\/Rise-Blossom-Logo-ret.png","width":358,"height":160,"caption":"Rise & Blossom"},"image":{"@id":"https:\/\/riseblossom.com\/fr\/#\/schema\/logo\/image\/"},"sameAs":["https:\/\/www.linkedin.com\/in\/jacquelinekhayat\/"]}]}},"_links":{"self":[{"href":"https:\/\/riseblossom.com\/fr\/wp-json\/wp\/v2\/pages\/373","targetHints":{"allow":["GET"]}}],"collection":[{"href":"https:\/\/riseblossom.com\/fr\/wp-json\/wp\/v2\/pages"}],"about":[{"href":"https:\/\/riseblossom.com\/fr\/wp-json\/wp\/v2\/types\/page"}],"author":[{"embeddable":true,"href":"https:\/\/riseblossom.com\/fr\/wp-json\/wp\/v2\/users\/1"}],"replies":[{"embeddable":true,"href":"https:\/\/riseblossom.com\/fr\/wp-json\/wp\/v2\/comments?post=373"}],"version-history":[{"count":1,"href":"https:\/\/riseblossom.com\/fr\/wp-json\/wp\/v2\/pages\/373\/revisions"}],"predecessor-version":[{"id":406,"href":"https:\/\/riseblossom.com\/fr\/wp-json\/wp\/v2\/pages\/373\/revisions\/406"}],"wp:featuredmedia":[{"embeddable":true,"href":"https:\/\/riseblossom.com\/fr\/wp-json\/wp\/v2\/media\/409"}],"wp:attachment":[{"href":"https:\/\/riseblossom.com\/fr\/wp-json\/wp\/v2\/media?parent=373"}],"curies":[{"name":"wp","href":"https:\/\/api.w.org\/{rel}","templated":true}]}}